{"id":3015,"date":"2020-02-21T13:50:49","date_gmt":"2020-02-21T13:50:49","guid":{"rendered":"https:\/\/drmauricioleon.net\/portal\/?page_id=3015"},"modified":"2024-06-10T16:32:47","modified_gmt":"2024-06-10T16:32:47","slug":"efemerides-anual","status":"publish","type":"page","link":"https:\/\/drmauricioleon.net\/portal\/efemerides-anual\/","title":{"rendered":"Efemerides Anual"},"content":{"rendered":"<p><!-- Page Content --><\/p>\n<div class=\"container\">\n<h2 class=\"my-4 text-primary text-center\">CELEBRACIONES M\u00c9DICAS 2020<\/h2>\n<div class=\"row\">\n<div class=\"col-lg-4 col-sm-6 mb-4\">\n<div class=\"card h-100 bg-warning mb-3\">\n<h2 class=\"my-6 bg-primary text-white text-center\">ENERO<\/h2>\n<\/div>\n<\/div>\n<div class=\"col-lg-4 col-sm-6 mb-4\">\n<div class=\"card h-100 bg-warning mb-3\">\n<h2 class=\"card-header my-6 text-white text-center bg-primary\">FEBRERO<\/h2>\n<div class=\"card-body\">\n<div class=\"text-center\">4 de febrero<\/div>\n<p class=\"card-text text-center\">D\u00eda Mundial Contra el C\u00e1ncer<\/p>\n<\/div>\n<div class=\"card-body\">\n<div class=\"text-center\">6 de febrero<\/div>\n<p class=\"card-text text-center\">D\u00eda del Lunar<\/p>\n<\/div>\n<div class=\"card-body\">\n<div class=\"text-center\">15 de febrero<\/div>\n<p class=\"card-text text-center\">D\u00eda Internacional del C\u00e1ncer Infantil<\/p>\n<\/div>\n<\/div>\n<\/div>\n<div class=\"col-lg-4 col-sm-6 mb-4\">\n<div class=\"card h-100 bg-warning\">\n<h2 class=\"my-6 text-primary text-white text-center bg-primary\">MARZO<\/h2>\n<div class=\"card-body\">\n<div class=\"text-center\">8 de marzo<\/div>\n<p class=\"card-text text-center\">D\u00eda Internacional de la Mujer<\/p>\n<p class=\"card-text text-center\"><span style=\"color: initial;\">26 de Marzo<\/span><\/p>\n<p class=\"card-text text-center\"><span style=\"font-size: revert; color: initial;\">D\u00eda Mundial de la Prevenci\u00f3n del C\u00e1ncer de Cuello Uterino<\/span><\/p>\n<p class=\"card-text text-center\"><span style=\"color: initial;\">31 de Marzo<\/span><\/p>\n<p class=\"card-text text-center\"><span style=\"font-size: revert; color: initial;\">D\u00eda Mundial Contra el C\u00e1ncer de Colon<\/span><\/p>\n<\/div>\n<\/div>\n<\/div>\n<div class=\"col-lg-4 col-sm-6 mb-4\">\n<div class=\"card h-100 bg-warning\">\n<h2 class=\"my-6 text-primary text-white text-center bg-primary\">ABRIL<\/h2>\n<div class=\"card-body\">\n<div class=\"text-center\">7 de abril<\/div>\n<p class=\"card-text text-center\">D\u00eda Mundial de la Salud (OMS)<\/p>\n<\/div>\n<div class=\"card-body\">\n<div class=\"text-center\">16 de abril<\/div>\n<p class=\"card-text text-center\">D\u00eda de la Cancerolog\u00eda Peruana<\/p>\n<\/div>\n<div class=\"card-body\">\n<div class=\"text-center\">28 de abril<\/div>\n<p class=\"card-text text-center\">D\u00eda Mundial de la Seguridad y Salud en el Trabajo<\/p>\n<\/div>\n<\/div>\n<\/div>\n<div class=\"col-lg-4 col-sm-6 mb-4\">\n<div class=\"card h-100 bg-warning\">\n<h2 class=\"my-6 text-primary text-white text-center bg-primary\">MAYO<\/h2>\n<div class=\"card-body\">\n<div class=\"text-center\">8 de mayo<\/div>\n<p class=\"card-text text-center\">D\u00eda Mundial del C\u00e1ncer de Ovario<\/p>\n<div class=\"text-center\">23 de mayo<\/div>\n<p class=\"card-text text-center\">D\u00eda Mundial del Melanoma<\/p>\n<p class=\"card-text text-center\"><span style=\"color: initial;\">31 de mayo<\/span><\/p>\n<\/div>\n<div class=\"card-body\">\n<p class=\"card-text text-center\">D\u00eda Mundial Sin Tabaco (OMS)<\/p>\n<\/div>\n<\/div>\n<\/div>\n<div class=\"col-lg-4 col-sm-6 mb-4\">\n<div class=\"card h-100 bg-warning\">\n<h2 class=\"my-6 text-primary text-white text-center bg-primary\">JUNIO<\/h2>\n<div class=\"card-body\">\n<div class=\"text-center\">8 de junio<\/div>\n<div>\u00a0<\/div>\n<\/div>\n<div>D\u00eda Internacional de los Tumores Cerebrales<\/div>\n<div>\u00a0<\/div>\n<div class=\"card-body\">\n<div class=\"text-center\">11 de junio<\/div>\n<p class=\"card-text text-center\">D\u00eda Mundial del C\u00e1ncer de Pr\u00f3stata<\/p>\n<\/div>\n<div class=\"card-body\">\n<div class=\"text-center\">13 de junio<\/div>\n<p class=\"card-text text-center\">D\u00eda Mundial del C\u00e1ncer de Piel<\/p>\n<\/div>\n<div class=\"card-body\">\n<div class=\"text-center\">14 de junio<\/div>\n<p class=\"card-text text-center\">D\u00eda Mundial del Donante de Sangre (OMS)<\/p>\n<\/div>\n<div class=\"card-body\">\n<div class=\"text-center\">20 de junio<\/div>\n<p class=\"card-text text-center\">D\u00eda Nacional de Lucha Contra la Hepatitis B (MINSA)<\/p>\n<\/div>\n<div class=\"card-body\">\n<div class=\"text-center\">20 de junio<\/div>\n<p class=\"card-text text-center\">D\u00eda Mundial del C\u00e1ncer de Ri\u00f1\u00f3n<\/p>\n<\/div>\n<\/div>\n<\/div>\n<div class=\"col-lg-4 col-sm-6 mb-4\">\n<div class=\"card h-100 bg-warning\">\n<h2 class=\"my-6 text-primary text-white text-center bg-primary\">JULIO<\/h2>\n<div class=\"card-body\">\n<div class=\"text-center\">13 de julio<\/div>\n<p class=\"card-text text-center\">D\u00eda Internacional del Sarcoma<\/p>\n<\/div>\n<div class=\"card-body\">\n<div class=\"text-center\">27 de julio<\/div>\n<p class=\"card-text text-center\">D\u00eda Mundial Contra el C\u00e1ncer de Cabeza y cuello<\/p>\n<\/div>\n<div class=\"card-body\">\n<div class=\"text-center\">28 de julio<\/div>\n<p class=\"card-text text-center\">D\u00eda Mundial Contra la Hepatitis (OMS)<\/p>\n<\/div>\n<\/div>\n<\/div>\n<div class=\"col-lg-4 col-sm-6 mb-4\">\n<div class=\"card h-100 bg-warning\">\n<h2 class=\"my-6 text-primary text-white text-center bg-primary\">AGOSTO<\/h2>\n<div class=\"card-body\">\n<div class=\"text-center\">1 de agosto<\/div>\n<p class=\"card-text text-center\">Semana Mundial de la Lactancia Materna<\/p>\n<\/div>\n<\/div>\n<\/div>\n<div class=\"col-lg-4 col-sm-6 mb-4\">\n<div class=\"card h-100 bg-warning\">\n<h2 class=\"my-6 text-primary text-white text-center bg-primary\">SETIEMBRE<\/h2>\n<div class=\"card-body\">\n<div class=\"text-center\">5 de setiembre<\/div>\n<p class=\"card-text text-center\">D\u00eda Mundial del Mieloma M\u00faltiple<\/p>\n<\/div>\n<div class=\"card-body\">\n<div class=\"text-center\">15 de setiembre<\/div>\n<p class=\"card-text text-center\">D\u00eda Mundial del Linfoma<\/p>\n<\/div>\n<div class=\"card-body\">\n<div class=\"text-center\">22 de setiembre<\/div>\n<p class=\"card-text text-center\">D\u00eda Mundial de la Leucemia Mieloide Cr\u00f3nica<\/p>\n<\/div>\n<div class=\"card-body\">\n<div class=\"text-center\">24 de setiembre<\/div>\n<p class=\"card-text text-center\">D\u00eda Mundial del C\u00e1ncer de Tiroides<\/p>\n<\/div>\n<div class=\"card-body\">\n<div class=\"text-center\">25 de setiembre<\/div>\n<p class=\"card-text text-center\">D\u00eda Mundial de la Investigaci\u00f3n<\/p>\n<\/div>\n<\/div>\n<\/div>\n<div class=\"col-lg-4 col-sm-6 mb-4\">\n<div class=\"card h-100 bg-warning\">\n<h2 class=\"my-6 text-primary text-white text-center bg-primary\">OCTUBRE<\/h2>\n<div class=\"card-body\">\n<div class=\"text-center\">10 de octubre<\/div>\n<p class=\"card-text text-center\">D\u00eda Mundial de la Salud Mental (OMS)<\/p>\n<\/div>\n<div class=\"card-body\">\n<div class=\"text-center\">5 de octubre<\/div>\n<p class=\"card-text text-center\">D\u00eda de la Medicina Peruana<\/p>\n<\/div>\n<div class=\"card-body\">\n<div class=\"text-center\">11 de octubre<\/div>\n<p class=\"card-text text-center\">D\u00eda Mundial de la Obesidad<\/p>\n<\/div>\n<div class=\"card-body\">\n<div class=\"text-center\">16 de octubre<\/div>\n<p class=\"card-text text-center\">D\u00eda Mundial de la Alimentaci\u00f3n<\/p>\n<\/div>\n<div class=\"card-body\">\n<div class=\"text-center\">Tercera semana de octubre<\/div>\n<p class=\"card-text text-center\">Semana Per\u00fa Contra el C\u00e1ncer<\/p>\n<\/div>\n<div class=\"card-body\">\n<div class=\"text-center\">19 de octubre<\/div>\n<p class=\"card-text text-center\">D\u00eda Mundial de Lucha Contra el C\u00e1ncer de Mama<\/p>\n<\/div>\n<\/div>\n<\/div>\n<div class=\"col-lg-4 col-sm-6 mb-4\">\n<div class=\"card h-100 bg-warning\">\n<h2 class=\"my-6 text-primary text-white text-center bg-primary\">NOVIEMBRE<\/h2>\n<div class=\"card-body\">\n<div class=\"text-center\">7 de noviembre<\/div>\n<p class=\"card-text text-center\">D\u00eda Internacional de la F\u00edsica M\u00e9dica<\/p>\n<\/div>\n<div class=\"card-body\">\n<div class=\"text-center\">8 de noviembre<\/div>\n<p class=\"card-text text-center\">D\u00eda Mundial de la Radiolog\u00eda<\/p>\n<\/div>\n<div class=\"card-body\">\n<div class=\"text-center\">15 de noviembre<\/div>\n<p class=\"card-text text-center\">D\u00eda Mundial del C\u00e1ncer de P\u00e1ncreas<\/p>\n<\/div>\n<div class=\"card-body\">\n<div class=\"text-center\">17 de noviembre<\/div>\n<p class=\"card-text text-center\">D\u00eda Internacional del C\u00e1ncer de Pulm\u00f3n<\/p>\n<\/div>\n<\/div>\n<\/div>\n<div class=\"col-lg-4 col-sm-6 mb-4\">\n<div class=\"card h-100 bg-warning\">\n<h2 class=\"my-6 text-primary text-white text-center bg-primary\">DICIEMBRE<\/h2>\n<\/div>\n<\/div>\n<p><!-- \/.row --><\/p>\n<\/div>\n<\/div>\n\n\n<p><\/p>\n","protected":false},"excerpt":{"rendered":"<p>CELEBRACIONES M\u00c9DICAS 2020 ENERO FEBRERO 4 de febrero D\u00eda Mundial Contra el C\u00e1ncer 6 de febrero D\u00eda del Lunar 15 de febrero D\u00eda Internacional del C\u00e1ncer Infantil MARZO 8 de marzo D\u00eda Internacional de la Mujer 26 de Marzo D\u00eda Mundial de la Prevenci\u00f3n del C\u00e1ncer de Cuello Uterino 31 de Marzo D\u00eda Mundial Contra [&hellip;]<\/p>\n","protected":false},"author":4,"featured_media":0,"parent":0,"menu_order":0,"comment_status":"closed","ping_status":"closed","template":"","meta":[],"yoast_head":"<!-- This site is optimized with the Yoast SEO plugin v18.3 - https:\/\/yoast.com\/wordpress\/plugins\/seo\/ -->\n<title>Efemerides Anual - Dr Mauricio Le\u00f3n<\/title>\n<meta name=\"robots\" content=\"index, follow, max-snippet:-1, max-image-preview:large, max-video-preview:-1\" \/>\n<link rel=\"canonical\" href=\"https:\/\/drmauricioleon.net\/portal\/efemerides-anual\/\" \/>\n<meta property=\"og:locale\" content=\"es_ES\" \/>\n<meta property=\"og:type\" content=\"article\" \/>\n<meta property=\"og:title\" content=\"Efemerides Anual - Dr Mauricio Le\u00f3n\" \/>\n<meta property=\"og:description\" content=\"CELEBRACIONES M\u00c9DICAS 2020 ENERO FEBRERO 4 de febrero D\u00eda Mundial Contra el C\u00e1ncer 6 de febrero D\u00eda del Lunar 15 de febrero D\u00eda Internacional del C\u00e1ncer Infantil MARZO 8 de marzo D\u00eda Internacional de la Mujer 26 de Marzo D\u00eda Mundial de la Prevenci\u00f3n del C\u00e1ncer de Cuello Uterino 31 de Marzo D\u00eda Mundial Contra [&hellip;]\" \/>\n<meta property=\"og:url\" content=\"https:\/\/drmauricioleon.net\/portal\/efemerides-anual\/\" \/>\n<meta property=\"og:site_name\" content=\"Dr Mauricio Le\u00f3n\" \/>\n<meta property=\"article:publisher\" content=\"https:\/\/www.facebook.com\/Dr.mauricioleon\" \/>\n<meta property=\"article:modified_time\" content=\"2024-06-10T16:32:47+00:00\" \/>\n<meta property=\"og:image\" content=\"https:\/\/drmauricioleon.net\/portal\/wp-content\/uploads\/2020\/01\/drmauricio.jpg\" \/>\n\t<meta property=\"og:image:width\" content=\"570\" \/>\n\t<meta property=\"og:image:height\" content=\"570\" \/>\n\t<meta property=\"og:image:type\" content=\"image\/jpeg\" \/>\n<meta name=\"twitter:card\" content=\"summary_large_image\" \/>\n<meta name=\"twitter:site\" content=\"@drleonmauricio\" \/>\n<meta name=\"twitter:label1\" content=\"Est. reading time\" \/>\n\t<meta name=\"twitter:data1\" content=\"2 minutos\" \/>\n<script type=\"application\/ld+json\" class=\"yoast-schema-graph\">{\"@context\":\"https:\/\/schema.org\",\"@graph\":[{\"@type\":\"Organization\",\"@id\":\"https:\/\/drmauricioleon.net\/portal\/#organization\",\"name\":\"Dr. Mauricio Le\u00f3n\",\"url\":\"https:\/\/drmauricioleon.net\/portal\/\",\"sameAs\":[\"https:\/\/www.facebook.com\/Dr.mauricioleon\",\"https:\/\/www.linkedin.com\/in\/mauricio-le\u00f3n-rivera-ab525598\",\"http:\/\/www.youtube.com\/user\/centrodetector\",\"https:\/\/twitter.com\/drleonmauricio\"],\"logo\":{\"@type\":\"ImageObject\",\"@id\":\"https:\/\/drmauricioleon.net\/portal\/#logo\",\"inLanguage\":\"es-PE\",\"url\":\"https:\/\/drmauricioleon.net\/portal\/wp-content\/uploads\/2020\/01\/logo-drml-e1586281768776.png\",\"contentUrl\":\"https:\/\/drmauricioleon.net\/portal\/wp-content\/uploads\/2020\/01\/logo-drml-e1586281768776.png\",\"width\":220,\"height\":72,\"caption\":\"Dr. Mauricio Le\u00f3n\"},\"image\":{\"@id\":\"https:\/\/drmauricioleon.net\/portal\/#logo\"}},{\"@type\":\"WebSite\",\"@id\":\"https:\/\/drmauricioleon.net\/portal\/#website\",\"url\":\"https:\/\/drmauricioleon.net\/portal\/\",\"name\":\"Dr Mauricio Le\u00f3n\",\"description\":\"Cirujano general y onc\u00f3logo y sub especialista en tumores de Mamas, Tejidos Blandos y Piel. Es m\u00e9dico staff de la Cl\u00ednica Ricardo Palma y de Oncosalud.\",\"publisher\":{\"@id\":\"https:\/\/drmauricioleon.net\/portal\/#organization\"},\"potentialAction\":[{\"@type\":\"SearchAction\",\"target\":{\"@type\":\"EntryPoint\",\"urlTemplate\":\"https:\/\/drmauricioleon.net\/portal\/?s={search_term_string}\"},\"query-input\":\"required name=search_term_string\"}],\"inLanguage\":\"es-PE\"},{\"@type\":\"WebPage\",\"@id\":\"https:\/\/drmauricioleon.net\/portal\/efemerides-anual\/#webpage\",\"url\":\"https:\/\/drmauricioleon.net\/portal\/efemerides-anual\/\",\"name\":\"Efemerides Anual - Dr Mauricio Le\u00f3n\",\"isPartOf\":{\"@id\":\"https:\/\/drmauricioleon.net\/portal\/#website\"},\"datePublished\":\"2020-02-21T13:50:49+00:00\",\"dateModified\":\"2024-06-10T16:32:47+00:00\",\"breadcrumb\":{\"@id\":\"https:\/\/drmauricioleon.net\/portal\/efemerides-anual\/#breadcrumb\"},\"inLanguage\":\"es-PE\",\"potentialAction\":[{\"@type\":\"ReadAction\",\"target\":[\"https:\/\/drmauricioleon.net\/portal\/efemerides-anual\/\"]}]},{\"@type\":\"BreadcrumbList\",\"@id\":\"https:\/\/drmauricioleon.net\/portal\/efemerides-anual\/#breadcrumb\",\"itemListElement\":[{\"@type\":\"ListItem\",\"position\":1,\"name\":\"Portada\",\"item\":\"https:\/\/drmauricioleon.net\/portal\/\"},{\"@type\":\"ListItem\",\"position\":2,\"name\":\"Efemerides Anual\"}]}]}<\/script>\n<!-- \/ Yoast SEO plugin. -->","yoast_head_json":{"title":"Efemerides Anual - Dr Mauricio Le\u00f3n","robots":{"index":"index","follow":"follow","max-snippet":"max-snippet:-1","max-image-preview":"max-image-preview:large","max-video-preview":"max-video-preview:-1"},"canonical":"https:\/\/drmauricioleon.net\/portal\/efemerides-anual\/","og_locale":"es_ES","og_type":"article","og_title":"Efemerides Anual - Dr Mauricio Le\u00f3n","og_description":"CELEBRACIONES M\u00c9DICAS 2020 ENERO FEBRERO 4 de febrero D\u00eda Mundial Contra el C\u00e1ncer 6 de febrero D\u00eda del Lunar 15 de febrero D\u00eda Internacional del C\u00e1ncer Infantil MARZO 8 de marzo D\u00eda Internacional de la Mujer 26 de Marzo D\u00eda Mundial de la Prevenci\u00f3n del C\u00e1ncer de Cuello Uterino 31 de Marzo D\u00eda Mundial Contra [&hellip;]","og_url":"https:\/\/drmauricioleon.net\/portal\/efemerides-anual\/","og_site_name":"Dr Mauricio Le\u00f3n","article_publisher":"https:\/\/www.facebook.com\/Dr.mauricioleon","article_modified_time":"2024-06-10T16:32:47+00:00","og_image":[{"width":570,"height":570,"url":"https:\/\/drmauricioleon.net\/portal\/wp-content\/uploads\/2020\/01\/drmauricio.jpg","type":"image\/jpeg"}],"twitter_card":"summary_large_image","twitter_site":"@drleonmauricio","twitter_misc":{"Est. reading time":"2 minutos"},"schema":{"@context":"https:\/\/schema.org","@graph":[{"@type":"Organization","@id":"https:\/\/drmauricioleon.net\/portal\/#organization","name":"Dr. Mauricio Le\u00f3n","url":"https:\/\/drmauricioleon.net\/portal\/","sameAs":["https:\/\/www.facebook.com\/Dr.mauricioleon","https:\/\/www.linkedin.com\/in\/mauricio-le\u00f3n-rivera-ab525598","http:\/\/www.youtube.com\/user\/centrodetector","https:\/\/twitter.com\/drleonmauricio"],"logo":{"@type":"ImageObject","@id":"https:\/\/drmauricioleon.net\/portal\/#logo","inLanguage":"es-PE","url":"https:\/\/drmauricioleon.net\/portal\/wp-content\/uploads\/2020\/01\/logo-drml-e1586281768776.png","contentUrl":"https:\/\/drmauricioleon.net\/portal\/wp-content\/uploads\/2020\/01\/logo-drml-e1586281768776.png","width":220,"height":72,"caption":"Dr. Mauricio Le\u00f3n"},"image":{"@id":"https:\/\/drmauricioleon.net\/portal\/#logo"}},{"@type":"WebSite","@id":"https:\/\/drmauricioleon.net\/portal\/#website","url":"https:\/\/drmauricioleon.net\/portal\/","name":"Dr Mauricio Le\u00f3n","description":"Cirujano general y onc\u00f3logo y sub especialista en tumores de Mamas, Tejidos Blandos y Piel. Es m\u00e9dico staff de la Cl\u00ednica Ricardo Palma y de Oncosalud.","publisher":{"@id":"https:\/\/drmauricioleon.net\/portal\/#organization"},"potentialAction":[{"@type":"SearchAction","target":{"@type":"EntryPoint","urlTemplate":"https:\/\/drmauricioleon.net\/portal\/?s={search_term_string}"},"query-input":"required name=search_term_string"}],"inLanguage":"es-PE"},{"@type":"WebPage","@id":"https:\/\/drmauricioleon.net\/portal\/efemerides-anual\/#webpage","url":"https:\/\/drmauricioleon.net\/portal\/efemerides-anual\/","name":"Efemerides Anual - Dr Mauricio Le\u00f3n","isPartOf":{"@id":"https:\/\/drmauricioleon.net\/portal\/#website"},"datePublished":"2020-02-21T13:50:49+00:00","dateModified":"2024-06-10T16:32:47+00:00","breadcrumb":{"@id":"https:\/\/drmauricioleon.net\/portal\/efemerides-anual\/#breadcrumb"},"inLanguage":"es-PE","potentialAction":[{"@type":"ReadAction","target":["https:\/\/drmauricioleon.net\/portal\/efemerides-anual\/"]}]},{"@type":"BreadcrumbList","@id":"https:\/\/drmauricioleon.net\/portal\/efemerides-anual\/#breadcrumb","itemListElement":[{"@type":"ListItem","position":1,"name":"Portada","item":"https:\/\/drmauricioleon.net\/portal\/"},{"@type":"ListItem","position":2,"name":"Efemerides Anual"}]}]}},"_links":{"self":[{"href":"https:\/\/drmauricioleon.net\/portal\/wp-json\/wp\/v2\/pages\/3015"}],"collection":[{"href":"https:\/\/drmauricioleon.net\/portal\/wp-json\/wp\/v2\/pages"}],"about":[{"href":"https:\/\/drmauricioleon.net\/portal\/wp-json\/wp\/v2\/types\/page"}],"author":[{"embeddable":true,"href":"https:\/\/drmauricioleon.net\/portal\/wp-json\/wp\/v2\/users\/4"}],"replies":[{"embeddable":true,"href":"https:\/\/drmauricioleon.net\/portal\/wp-json\/wp\/v2\/comments?post=3015"}],"version-history":[{"count":49,"href":"https:\/\/drmauricioleon.net\/portal\/wp-json\/wp\/v2\/pages\/3015\/revisions"}],"predecessor-version":[{"id":4589,"href":"https:\/\/drmauricioleon.net\/portal\/wp-json\/wp\/v2\/pages\/3015\/revisions\/4589"}],"wp:attachment":[{"href":"https:\/\/drmauricioleon.net\/portal\/wp-json\/wp\/v2\/media?parent=3015"}],"curies":[{"name":"wp","href":"https:\/\/api.w.org\/{rel}","templated":true}]}}