{"id":2773,"date":"2020-02-14T01:30:46","date_gmt":"2020-02-14T01:30:46","guid":{"rendered":"https:\/\/drmauricioleon.net\/portal\/?page_id=2773"},"modified":"2020-03-21T16:01:15","modified_gmt":"2020-03-21T16:01:15","slug":"consulta-medica","status":"publish","type":"page","link":"https:\/\/drmauricioleon.net\/portal\/consulta-medica\/","title":{"rendered":"Consulta M\u00e9dica"},"content":{"rendered":"<p>[vc_row full_width=&#8221;0&#8243; full_height=&#8221;0&#8243; sep_bottom=&#8221;separator_bottom sep_angled_positive_bottom&#8221; particles=&#8221;0&#8243;][vc_column width=&#8221;1\/2&#8243; margin=&#8221;margin_bottom_grid&#8221; offset=&#8221;vc_col-md-8&#8243;][vc_column_text]<\/p>\n<p style=\"text-align: justify;\"><img style=\"margin-right: 15px; border: 3px double #666666; float: left;\" src=\"http:\/\/drmauricioleon.net\/portal\/wp-content\/uploads\/2020\/01\/tratamiento-cancer.jpg\" alt=\"cancer-mama5\" \/>Prestamos un servicio en donde de manera multidisciplinaria, dentro de los m\u00e1s altos niveles de excelencia acad\u00e9mica y humanizaci\u00f3n, brindamos atenci\u00f3n de manera integral a los pacientes y sus familias.<\/p>\n<p><strong>Horario: Previa Cita:<\/strong><br \/>\n(01) 225 8008 \/ 476 5450<br \/>\ninfo@rmauricioleon.net<br \/>\nCalle Alfa F-76. Urb. Juan XXIII, San Borja, Lima, Peru[\/vc_column_text][\/vc_column][vc_column width=&#8221;1\/2&#8243; offset=&#8221;vc_col-md-4&#8243;][vc_hoverbox image=&#8221;2515&#8243; primary_title=&#8221;Auto Examen de Mama&#8221; hover_title=&#8221;Auto Examen de Mama&#8221; hover_btn_title=&#8221;Leer m\u00e1s&#8221; hover_add_button=&#8221;true&#8221; hover_btn_link=&#8221;url:http%3A%2F%2Fdrmauricioleon.net%2Fportal%2Fautoexamen-de-mama%2F|||&#8221;]Instrucciones para practicar correctamente el autoexamen de mama<\/p>\n<p>[\/vc_hoverbox][\/vc_column][\/vc_row][vc_row color_set=&#8221;secondary_section&#8221; align=&#8221;text-center&#8221; full_width=&#8221;0&#8243; full_height=&#8221;0&#8243; transparent_overlay=&#8221;transparent_film&#8221; background=&#8221;bgimage&#8221; bgimage=&#8221;2501&#8243; parallax=&#8221;1&#8243;][vc_column]<div class=\"section_header subtitle_bottom   fancy text-center\">\r\n\r\n    <h2>SOLICITE UNA CITA<\/h2>\n\r\n\r\n        <p >\u00a1Gustosos lo atenderemos!<\/p>\r\n<\/div><div class=\"plethora_button wpb_content_element   text-center \">\r\n    <a href=\"http:\/\/drmauricioleon.net\/portal\/contacto\/\" debug class=\" btn btn-success with-icon icon-left\" title=\"\"  target=\"_self\">\r\n\r\n         <i class=\"fa fa-file-text-o\"><\/i> \r\n        Cont\u00e1ctenos\r\n        \r\n\r\n    <\/a>\r\n<\/div>[\/vc_column][\/vc_row]<\/p>\n","protected":false},"excerpt":{"rendered":"<p>[vc_row full_width=&#8221;0&#8243; full_height=&#8221;0&#8243; sep_bottom=&#8221;separator_bottom sep_angled_positive_bottom&#8221; particles=&#8221;0&#8243;][vc_column width=&#8221;1\/2&#8243; margin=&#8221;margin_bottom_grid&#8221; offset=&#8221;vc_col-md-8&#8243;][vc_column_text] Prestamos un servicio en donde de manera multidisciplinaria, dentro de los m\u00e1s altos niveles de excelencia acad\u00e9mica y humanizaci\u00f3n, brindamos atenci\u00f3n de manera integral a los pacientes y sus familias. Horario: Previa Cita: (01) 225 8008 \/ 476 5450 info@rmauricioleon.net Calle Alfa F-76. Urb. Juan XXIII, [&hellip;]<\/p>\n","protected":false},"author":1,"featured_media":0,"parent":0,"menu_order":0,"comment_status":"closed","ping_status":"closed","template":"","meta":[],"yoast_head":"<!-- This site is optimized with the Yoast SEO plugin v18.3 - https:\/\/yoast.com\/wordpress\/plugins\/seo\/ -->\n<title>Consulta M\u00e9dica - Dr Mauricio Le\u00f3n<\/title>\n<meta name=\"robots\" content=\"index, follow, max-snippet:-1, max-image-preview:large, max-video-preview:-1\" \/>\n<link rel=\"canonical\" href=\"https:\/\/drmauricioleon.net\/portal\/consulta-medica\/\" \/>\n<meta property=\"og:locale\" content=\"es_ES\" \/>\n<meta property=\"og:type\" content=\"article\" \/>\n<meta property=\"og:title\" content=\"Consulta M\u00e9dica - Dr Mauricio Le\u00f3n\" \/>\n<meta property=\"og:description\" content=\"[vc_row full_width=&#8221;0&#8243; full_height=&#8221;0&#8243; sep_bottom=&#8221;separator_bottom sep_angled_positive_bottom&#8221; particles=&#8221;0&#8243;][vc_column width=&#8221;1\/2&#8243; margin=&#8221;margin_bottom_grid&#8221; offset=&#8221;vc_col-md-8&#8243;][vc_column_text] Prestamos un servicio en donde de manera multidisciplinaria, dentro de los m\u00e1s altos niveles de excelencia acad\u00e9mica y humanizaci\u00f3n, brindamos atenci\u00f3n de manera integral a los pacientes y sus familias. Horario: Previa Cita: (01) 225 8008 \/ 476 5450 info@rmauricioleon.net Calle Alfa F-76. Urb. Juan XXIII, [&hellip;]\" \/>\n<meta property=\"og:url\" content=\"https:\/\/drmauricioleon.net\/portal\/consulta-medica\/\" \/>\n<meta property=\"og:site_name\" content=\"Dr Mauricio Le\u00f3n\" \/>\n<meta property=\"article:publisher\" content=\"https:\/\/www.facebook.com\/Dr.mauricioleon\" \/>\n<meta property=\"article:modified_time\" content=\"2020-03-21T16:01:15+00:00\" \/>\n<meta property=\"og:image\" content=\"http:\/\/drmauricioleon.net\/portal\/wp-content\/uploads\/2020\/01\/tratamiento-cancer.jpg\" \/>\n<meta name=\"twitter:card\" content=\"summary_large_image\" \/>\n<meta name=\"twitter:site\" content=\"@drleonmauricio\" \/>\n<meta name=\"twitter:label1\" content=\"Est. reading time\" \/>\n\t<meta name=\"twitter:data1\" content=\"1 minuto\" \/>\n<script type=\"application\/ld+json\" class=\"yoast-schema-graph\">{\"@context\":\"https:\/\/schema.org\",\"@graph\":[{\"@type\":\"Organization\",\"@id\":\"https:\/\/drmauricioleon.net\/portal\/#organization\",\"name\":\"Dr. Mauricio Le\u00f3n\",\"url\":\"https:\/\/drmauricioleon.net\/portal\/\",\"sameAs\":[\"https:\/\/www.facebook.com\/Dr.mauricioleon\",\"https:\/\/www.linkedin.com\/in\/mauricio-le\u00f3n-rivera-ab525598\",\"http:\/\/www.youtube.com\/user\/centrodetector\",\"https:\/\/twitter.com\/drleonmauricio\"],\"logo\":{\"@type\":\"ImageObject\",\"@id\":\"https:\/\/drmauricioleon.net\/portal\/#logo\",\"inLanguage\":\"es-PE\",\"url\":\"https:\/\/drmauricioleon.net\/portal\/wp-content\/uploads\/2020\/01\/logo-drml-e1586281768776.png\",\"contentUrl\":\"https:\/\/drmauricioleon.net\/portal\/wp-content\/uploads\/2020\/01\/logo-drml-e1586281768776.png\",\"width\":220,\"height\":72,\"caption\":\"Dr. Mauricio Le\u00f3n\"},\"image\":{\"@id\":\"https:\/\/drmauricioleon.net\/portal\/#logo\"}},{\"@type\":\"WebSite\",\"@id\":\"https:\/\/drmauricioleon.net\/portal\/#website\",\"url\":\"https:\/\/drmauricioleon.net\/portal\/\",\"name\":\"Dr Mauricio Le\u00f3n\",\"description\":\"Cirujano general y onc\u00f3logo y sub especialista en tumores de Mamas, Tejidos Blandos y Piel. Es m\u00e9dico staff de la Cl\u00ednica Ricardo Palma y de Oncosalud.\",\"publisher\":{\"@id\":\"https:\/\/drmauricioleon.net\/portal\/#organization\"},\"potentialAction\":[{\"@type\":\"SearchAction\",\"target\":{\"@type\":\"EntryPoint\",\"urlTemplate\":\"https:\/\/drmauricioleon.net\/portal\/?s={search_term_string}\"},\"query-input\":\"required name=search_term_string\"}],\"inLanguage\":\"es-PE\"},{\"@type\":\"ImageObject\",\"@id\":\"https:\/\/drmauricioleon.net\/portal\/consulta-medica\/#primaryimage\",\"inLanguage\":\"es-PE\",\"url\":\"http:\/\/drmauricioleon.net\/portal\/wp-content\/uploads\/2020\/01\/tratamiento-cancer.jpg\",\"contentUrl\":\"http:\/\/drmauricioleon.net\/portal\/wp-content\/uploads\/2020\/01\/tratamiento-cancer.jpg\"},{\"@type\":\"WebPage\",\"@id\":\"https:\/\/drmauricioleon.net\/portal\/consulta-medica\/#webpage\",\"url\":\"https:\/\/drmauricioleon.net\/portal\/consulta-medica\/\",\"name\":\"Consulta M\u00e9dica - Dr Mauricio Le\u00f3n\",\"isPartOf\":{\"@id\":\"https:\/\/drmauricioleon.net\/portal\/#website\"},\"primaryImageOfPage\":{\"@id\":\"https:\/\/drmauricioleon.net\/portal\/consulta-medica\/#primaryimage\"},\"datePublished\":\"2020-02-14T01:30:46+00:00\",\"dateModified\":\"2020-03-21T16:01:15+00:00\",\"breadcrumb\":{\"@id\":\"https:\/\/drmauricioleon.net\/portal\/consulta-medica\/#breadcrumb\"},\"inLanguage\":\"es-PE\",\"potentialAction\":[{\"@type\":\"ReadAction\",\"target\":[\"https:\/\/drmauricioleon.net\/portal\/consulta-medica\/\"]}]},{\"@type\":\"BreadcrumbList\",\"@id\":\"https:\/\/drmauricioleon.net\/portal\/consulta-medica\/#breadcrumb\",\"itemListElement\":[{\"@type\":\"ListItem\",\"position\":1,\"name\":\"Portada\",\"item\":\"https:\/\/drmauricioleon.net\/portal\/\"},{\"@type\":\"ListItem\",\"position\":2,\"name\":\"Consulta M\u00e9dica\"}]}]}<\/script>\n<!-- \/ Yoast SEO plugin. -->","yoast_head_json":{"title":"Consulta M\u00e9dica - Dr Mauricio Le\u00f3n","robots":{"index":"index","follow":"follow","max-snippet":"max-snippet:-1","max-image-preview":"max-image-preview:large","max-video-preview":"max-video-preview:-1"},"canonical":"https:\/\/drmauricioleon.net\/portal\/consulta-medica\/","og_locale":"es_ES","og_type":"article","og_title":"Consulta M\u00e9dica - Dr Mauricio Le\u00f3n","og_description":"[vc_row full_width=&#8221;0&#8243; full_height=&#8221;0&#8243; sep_bottom=&#8221;separator_bottom sep_angled_positive_bottom&#8221; particles=&#8221;0&#8243;][vc_column width=&#8221;1\/2&#8243; margin=&#8221;margin_bottom_grid&#8221; offset=&#8221;vc_col-md-8&#8243;][vc_column_text] Prestamos un servicio en donde de manera multidisciplinaria, dentro de los m\u00e1s altos niveles de excelencia acad\u00e9mica y humanizaci\u00f3n, brindamos atenci\u00f3n de manera integral a los pacientes y sus familias. Horario: Previa Cita: (01) 225 8008 \/ 476 5450 info@rmauricioleon.net Calle Alfa F-76. Urb. Juan XXIII, [&hellip;]","og_url":"https:\/\/drmauricioleon.net\/portal\/consulta-medica\/","og_site_name":"Dr Mauricio Le\u00f3n","article_publisher":"https:\/\/www.facebook.com\/Dr.mauricioleon","article_modified_time":"2020-03-21T16:01:15+00:00","og_image":[{"url":"http:\/\/drmauricioleon.net\/portal\/wp-content\/uploads\/2020\/01\/tratamiento-cancer.jpg"}],"twitter_card":"summary_large_image","twitter_site":"@drleonmauricio","twitter_misc":{"Est. reading time":"1 minuto"},"schema":{"@context":"https:\/\/schema.org","@graph":[{"@type":"Organization","@id":"https:\/\/drmauricioleon.net\/portal\/#organization","name":"Dr. Mauricio Le\u00f3n","url":"https:\/\/drmauricioleon.net\/portal\/","sameAs":["https:\/\/www.facebook.com\/Dr.mauricioleon","https:\/\/www.linkedin.com\/in\/mauricio-le\u00f3n-rivera-ab525598","http:\/\/www.youtube.com\/user\/centrodetector","https:\/\/twitter.com\/drleonmauricio"],"logo":{"@type":"ImageObject","@id":"https:\/\/drmauricioleon.net\/portal\/#logo","inLanguage":"es-PE","url":"https:\/\/drmauricioleon.net\/portal\/wp-content\/uploads\/2020\/01\/logo-drml-e1586281768776.png","contentUrl":"https:\/\/drmauricioleon.net\/portal\/wp-content\/uploads\/2020\/01\/logo-drml-e1586281768776.png","width":220,"height":72,"caption":"Dr. Mauricio Le\u00f3n"},"image":{"@id":"https:\/\/drmauricioleon.net\/portal\/#logo"}},{"@type":"WebSite","@id":"https:\/\/drmauricioleon.net\/portal\/#website","url":"https:\/\/drmauricioleon.net\/portal\/","name":"Dr Mauricio Le\u00f3n","description":"Cirujano general y onc\u00f3logo y sub especialista en tumores de Mamas, Tejidos Blandos y Piel. Es m\u00e9dico staff de la Cl\u00ednica Ricardo Palma y de Oncosalud.","publisher":{"@id":"https:\/\/drmauricioleon.net\/portal\/#organization"},"potentialAction":[{"@type":"SearchAction","target":{"@type":"EntryPoint","urlTemplate":"https:\/\/drmauricioleon.net\/portal\/?s={search_term_string}"},"query-input":"required name=search_term_string"}],"inLanguage":"es-PE"},{"@type":"ImageObject","@id":"https:\/\/drmauricioleon.net\/portal\/consulta-medica\/#primaryimage","inLanguage":"es-PE","url":"http:\/\/drmauricioleon.net\/portal\/wp-content\/uploads\/2020\/01\/tratamiento-cancer.jpg","contentUrl":"http:\/\/drmauricioleon.net\/portal\/wp-content\/uploads\/2020\/01\/tratamiento-cancer.jpg"},{"@type":"WebPage","@id":"https:\/\/drmauricioleon.net\/portal\/consulta-medica\/#webpage","url":"https:\/\/drmauricioleon.net\/portal\/consulta-medica\/","name":"Consulta M\u00e9dica - Dr Mauricio Le\u00f3n","isPartOf":{"@id":"https:\/\/drmauricioleon.net\/portal\/#website"},"primaryImageOfPage":{"@id":"https:\/\/drmauricioleon.net\/portal\/consulta-medica\/#primaryimage"},"datePublished":"2020-02-14T01:30:46+00:00","dateModified":"2020-03-21T16:01:15+00:00","breadcrumb":{"@id":"https:\/\/drmauricioleon.net\/portal\/consulta-medica\/#breadcrumb"},"inLanguage":"es-PE","potentialAction":[{"@type":"ReadAction","target":["https:\/\/drmauricioleon.net\/portal\/consulta-medica\/"]}]},{"@type":"BreadcrumbList","@id":"https:\/\/drmauricioleon.net\/portal\/consulta-medica\/#breadcrumb","itemListElement":[{"@type":"ListItem","position":1,"name":"Portada","item":"https:\/\/drmauricioleon.net\/portal\/"},{"@type":"ListItem","position":2,"name":"Consulta M\u00e9dica"}]}]}},"_links":{"self":[{"href":"https:\/\/drmauricioleon.net\/portal\/wp-json\/wp\/v2\/pages\/2773"}],"collection":[{"href":"https:\/\/drmauricioleon.net\/portal\/wp-json\/wp\/v2\/pages"}],"about":[{"href":"https:\/\/drmauricioleon.net\/portal\/wp-json\/wp\/v2\/types\/page"}],"author":[{"embeddable":true,"href":"https:\/\/drmauricioleon.net\/portal\/wp-json\/wp\/v2\/users\/1"}],"replies":[{"embeddable":true,"href":"https:\/\/drmauricioleon.net\/portal\/wp-json\/wp\/v2\/comments?post=2773"}],"version-history":[{"count":7,"href":"https:\/\/drmauricioleon.net\/portal\/wp-json\/wp\/v2\/pages\/2773\/revisions"}],"predecessor-version":[{"id":3201,"href":"https:\/\/drmauricioleon.net\/portal\/wp-json\/wp\/v2\/pages\/2773\/revisions\/3201"}],"wp:attachment":[{"href":"https:\/\/drmauricioleon.net\/portal\/wp-json\/wp\/v2\/media?parent=2773"}],"curies":[{"name":"wp","href":"https:\/\/api.w.org\/{rel}","templated":true}]}}