{"id":2769,"date":"2020-02-14T01:23:44","date_gmt":"2020-02-14T01:23:44","guid":{"rendered":"https:\/\/drmauricioleon.net\/portal\/?page_id=2769"},"modified":"2020-03-21T14:56:08","modified_gmt":"2020-03-21T14:56:08","slug":"despistaje-general","status":"publish","type":"page","link":"https:\/\/drmauricioleon.net\/portal\/despistaje-general\/","title":{"rendered":"Despistaje General"},"content":{"rendered":"<p>[vc_row full_width=&#8221;0&#8243; full_height=&#8221;0&#8243; sep_bottom=&#8221;separator_bottom sep_angled_positive_bottom&#8221; particles=&#8221;0&#8243;][vc_column width=&#8221;1\/2&#8243; margin=&#8221;margin_bottom_grid&#8221; offset=&#8221;vc_col-md-8&#8243;][vc_column_text]<img style=\"margin-right: 15px; border: 3px double #666666; float: left;\" src=\"http:\/\/drmauricioleon.net\/portal\/wp-content\/uploads\/2020\/01\/tratamiento-cancer.jpg\" alt=\"cancer-mama5\" \/>El despistaje preventivo puede incluir distintas pruebas, que se establecen de acuerdo con el sexo, la edad o el riesgo que pueda existir de que el paciente padezca alg\u00fan tipo de c\u00e1ncer, por factores hereditarios, por ejemplo.<\/p>\n<p>Por lo general, los despistajes oncol\u00f3gicos incluyen una entrevista m\u00e9dica, a trav\u00e9s de la cual el especialista realizar\u00e1 una evaluaci\u00f3n cl\u00ednica de las zonas del cuerpo con mayor riesgo de aparici\u00f3n de neoplasias. Esta evaluaci\u00f3n puede comprender pruebas f\u00edsicas, ginecol\u00f3gicas (Papanicolau) y urol\u00f3gicas (examen de pr\u00f3stata).<\/p>\n<p>Esto se complementar\u00e1 con el resultado de las pruebas de im\u00e1genes y ex\u00e1menes de laboratorio.<br \/>\nComo ves, la protecci\u00f3n de tu salud depende de ti. No esperes a tener s\u00edntomas para realizarte un despistaje. Progr\u00e1malo y, sobre todo, no te realices pruebas que no hayan sido prescritas por tu m\u00e9dico.[\/vc_column_text][\/vc_column][vc_column width=&#8221;1\/2&#8243; offset=&#8221;vc_col-md-4&#8243;][vc_text_separator title=&#8221;Casos a nivel mundial&#8221; title_align=&#8221;separator_align_left&#8221;][vc_round_chart stroke_width=&#8221;2&#8243; values=&#8221;%5B%7B%22title%22%3A%22Pulm%C3%B3n%22%2C%22value%22%3A%2211.6%22%2C%22color%22%3A%22green%22%7D%2C%7B%22title%22%3A%22Mama%22%2C%22value%22%3A%2211.6%22%2C%22color%22%3A%22sky%22%7D%2C%7B%22title%22%3A%22Prostata%22%2C%22value%22%3A%227.1%22%2C%22color%22%3A%22purple%22%2C%22custom_color%22%3A%22%23f7f7f7%22%7D%2C%7B%22title%22%3A%22Colon%22%2C%22value%22%3A%226.1%22%2C%22color%22%3A%22pink%22%2C%22custom_color%22%3A%22%23cec2ab%22%7D%2C%7B%22title%22%3A%22Est%C3%B3mago%22%2C%22value%22%3A%225.7%22%2C%22color%22%3A%22orange%22%2C%22custom_color%22%3A%22%23cec2ab%22%7D%2C%7B%22title%22%3A%22H%C3%ADgado%22%2C%22value%22%3A%224.7%22%2C%22color%22%3A%22mulled-wine%22%2C%22custom_color%22%3A%22%23cec2ab%22%7D%2C%7B%22title%22%3A%22Recto%22%2C%22value%22%3A%223.9%22%2C%22color%22%3A%22vista-blue%22%2C%22custom_color%22%3A%22%23cec2ab%22%7D%2C%7B%22title%22%3A%22Otros%20c%C3%A1ncer%22%2C%22value%22%3A%2249.5%22%2C%22color%22%3A%22chino%22%2C%22custom_color%22%3A%22%23cec2ab%22%7D%5D&#8221; title=&#8221;Tipos de c\u00e1ncer&#8221;][\/vc_column][\/vc_row][vc_row color_set=&#8221;secondary_section&#8221; align=&#8221;text-center&#8221; full_width=&#8221;0&#8243; full_height=&#8221;0&#8243; transparent_overlay=&#8221;transparent_film&#8221; background=&#8221;bgimage&#8221; bgimage=&#8221;2501&#8243; parallax=&#8221;1&#8243;][vc_column]<div class=\"section_header subtitle_bottom   fancy text-center\">\r\n\r\n    <h2>Solicite una Cita<\/h2>\n\r\n\r\n        <p >\u00a1Gustosos lo atenderemos!<\/p>\r\n<\/div><div class=\"plethora_button wpb_content_element   text-center \">\r\n    <a href=\"http:\/\/drmauricioleon.net\/portal\/contacto\/\" debug class=\" btn btn-success with-icon icon-left\" title=\"\"  target=\"_self\">\r\n\r\n         <i class=\"fa fa-file-text-o\"><\/i> \r\n        Solicitar\r\n        \r\n\r\n    <\/a>\r\n<\/div>[\/vc_column][\/vc_row]<\/p>\n","protected":false},"excerpt":{"rendered":"<p>[vc_row full_width=&#8221;0&#8243; full_height=&#8221;0&#8243; sep_bottom=&#8221;separator_bottom sep_angled_positive_bottom&#8221; particles=&#8221;0&#8243;][vc_column width=&#8221;1\/2&#8243; margin=&#8221;margin_bottom_grid&#8221; offset=&#8221;vc_col-md-8&#8243;][vc_column_text]El despistaje preventivo puede incluir distintas pruebas, que se establecen de acuerdo con el sexo, la edad o el riesgo que pueda existir de que el paciente padezca alg\u00fan tipo de c\u00e1ncer, por factores hereditarios, por ejemplo. Por lo general, los despistajes oncol\u00f3gicos incluyen una entrevista m\u00e9dica, [&hellip;]<\/p>\n","protected":false},"author":1,"featured_media":0,"parent":0,"menu_order":0,"comment_status":"closed","ping_status":"closed","template":"","meta":[],"yoast_head":"<!-- This site is optimized with the Yoast SEO plugin v18.3 - https:\/\/yoast.com\/wordpress\/plugins\/seo\/ -->\n<title>Despistaje General - Dr Mauricio Le\u00f3n<\/title>\n<meta name=\"robots\" content=\"index, follow, max-snippet:-1, max-image-preview:large, max-video-preview:-1\" \/>\n<link rel=\"canonical\" href=\"https:\/\/drmauricioleon.net\/portal\/despistaje-general\/\" \/>\n<meta property=\"og:locale\" content=\"es_ES\" \/>\n<meta property=\"og:type\" content=\"article\" \/>\n<meta property=\"og:title\" content=\"Despistaje General - Dr Mauricio Le\u00f3n\" \/>\n<meta property=\"og:description\" content=\"[vc_row full_width=&#8221;0&#8243; full_height=&#8221;0&#8243; sep_bottom=&#8221;separator_bottom sep_angled_positive_bottom&#8221; particles=&#8221;0&#8243;][vc_column width=&#8221;1\/2&#8243; margin=&#8221;margin_bottom_grid&#8221; offset=&#8221;vc_col-md-8&#8243;][vc_column_text]El despistaje preventivo puede incluir distintas pruebas, que se establecen de acuerdo con el sexo, la edad o el riesgo que pueda existir de que el paciente padezca alg\u00fan tipo de c\u00e1ncer, por factores hereditarios, por ejemplo. Por lo general, los despistajes oncol\u00f3gicos incluyen una entrevista m\u00e9dica, [&hellip;]\" \/>\n<meta property=\"og:url\" content=\"https:\/\/drmauricioleon.net\/portal\/despistaje-general\/\" \/>\n<meta property=\"og:site_name\" content=\"Dr Mauricio Le\u00f3n\" \/>\n<meta property=\"article:publisher\" content=\"https:\/\/www.facebook.com\/Dr.mauricioleon\" \/>\n<meta property=\"article:modified_time\" content=\"2020-03-21T14:56:08+00:00\" \/>\n<meta property=\"og:image\" content=\"http:\/\/drmauricioleon.net\/portal\/wp-content\/uploads\/2020\/01\/tratamiento-cancer.jpg\" \/>\n<meta name=\"twitter:card\" content=\"summary_large_image\" \/>\n<meta name=\"twitter:site\" content=\"@drleonmauricio\" \/>\n<meta name=\"twitter:label1\" content=\"Est. reading time\" \/>\n\t<meta name=\"twitter:data1\" content=\"2 minutos\" \/>\n<script type=\"application\/ld+json\" class=\"yoast-schema-graph\">{\"@context\":\"https:\/\/schema.org\",\"@graph\":[{\"@type\":\"Organization\",\"@id\":\"https:\/\/drmauricioleon.net\/portal\/#organization\",\"name\":\"Dr. Mauricio Le\u00f3n\",\"url\":\"https:\/\/drmauricioleon.net\/portal\/\",\"sameAs\":[\"https:\/\/www.facebook.com\/Dr.mauricioleon\",\"https:\/\/www.linkedin.com\/in\/mauricio-le\u00f3n-rivera-ab525598\",\"http:\/\/www.youtube.com\/user\/centrodetector\",\"https:\/\/twitter.com\/drleonmauricio\"],\"logo\":{\"@type\":\"ImageObject\",\"@id\":\"https:\/\/drmauricioleon.net\/portal\/#logo\",\"inLanguage\":\"es-PE\",\"url\":\"https:\/\/drmauricioleon.net\/portal\/wp-content\/uploads\/2020\/01\/logo-drml-e1586281768776.png\",\"contentUrl\":\"https:\/\/drmauricioleon.net\/portal\/wp-content\/uploads\/2020\/01\/logo-drml-e1586281768776.png\",\"width\":220,\"height\":72,\"caption\":\"Dr. Mauricio Le\u00f3n\"},\"image\":{\"@id\":\"https:\/\/drmauricioleon.net\/portal\/#logo\"}},{\"@type\":\"WebSite\",\"@id\":\"https:\/\/drmauricioleon.net\/portal\/#website\",\"url\":\"https:\/\/drmauricioleon.net\/portal\/\",\"name\":\"Dr Mauricio Le\u00f3n\",\"description\":\"Cirujano general y onc\u00f3logo y sub especialista en tumores de Mamas, Tejidos Blandos y Piel. Es m\u00e9dico staff de la Cl\u00ednica Ricardo Palma y de Oncosalud.\",\"publisher\":{\"@id\":\"https:\/\/drmauricioleon.net\/portal\/#organization\"},\"potentialAction\":[{\"@type\":\"SearchAction\",\"target\":{\"@type\":\"EntryPoint\",\"urlTemplate\":\"https:\/\/drmauricioleon.net\/portal\/?s={search_term_string}\"},\"query-input\":\"required name=search_term_string\"}],\"inLanguage\":\"es-PE\"},{\"@type\":\"ImageObject\",\"@id\":\"https:\/\/drmauricioleon.net\/portal\/despistaje-general\/#primaryimage\",\"inLanguage\":\"es-PE\",\"url\":\"http:\/\/drmauricioleon.net\/portal\/wp-content\/uploads\/2020\/01\/tratamiento-cancer.jpg\",\"contentUrl\":\"http:\/\/drmauricioleon.net\/portal\/wp-content\/uploads\/2020\/01\/tratamiento-cancer.jpg\"},{\"@type\":\"WebPage\",\"@id\":\"https:\/\/drmauricioleon.net\/portal\/despistaje-general\/#webpage\",\"url\":\"https:\/\/drmauricioleon.net\/portal\/despistaje-general\/\",\"name\":\"Despistaje General - Dr Mauricio Le\u00f3n\",\"isPartOf\":{\"@id\":\"https:\/\/drmauricioleon.net\/portal\/#website\"},\"primaryImageOfPage\":{\"@id\":\"https:\/\/drmauricioleon.net\/portal\/despistaje-general\/#primaryimage\"},\"datePublished\":\"2020-02-14T01:23:44+00:00\",\"dateModified\":\"2020-03-21T14:56:08+00:00\",\"breadcrumb\":{\"@id\":\"https:\/\/drmauricioleon.net\/portal\/despistaje-general\/#breadcrumb\"},\"inLanguage\":\"es-PE\",\"potentialAction\":[{\"@type\":\"ReadAction\",\"target\":[\"https:\/\/drmauricioleon.net\/portal\/despistaje-general\/\"]}]},{\"@type\":\"BreadcrumbList\",\"@id\":\"https:\/\/drmauricioleon.net\/portal\/despistaje-general\/#breadcrumb\",\"itemListElement\":[{\"@type\":\"ListItem\",\"position\":1,\"name\":\"Portada\",\"item\":\"https:\/\/drmauricioleon.net\/portal\/\"},{\"@type\":\"ListItem\",\"position\":2,\"name\":\"Despistaje General\"}]}]}<\/script>\n<!-- \/ Yoast SEO plugin. -->","yoast_head_json":{"title":"Despistaje General - Dr Mauricio Le\u00f3n","robots":{"index":"index","follow":"follow","max-snippet":"max-snippet:-1","max-image-preview":"max-image-preview:large","max-video-preview":"max-video-preview:-1"},"canonical":"https:\/\/drmauricioleon.net\/portal\/despistaje-general\/","og_locale":"es_ES","og_type":"article","og_title":"Despistaje General - Dr Mauricio Le\u00f3n","og_description":"[vc_row full_width=&#8221;0&#8243; full_height=&#8221;0&#8243; sep_bottom=&#8221;separator_bottom sep_angled_positive_bottom&#8221; particles=&#8221;0&#8243;][vc_column width=&#8221;1\/2&#8243; margin=&#8221;margin_bottom_grid&#8221; offset=&#8221;vc_col-md-8&#8243;][vc_column_text]El despistaje preventivo puede incluir distintas pruebas, que se establecen de acuerdo con el sexo, la edad o el riesgo que pueda existir de que el paciente padezca alg\u00fan tipo de c\u00e1ncer, por factores hereditarios, por ejemplo. Por lo general, los despistajes oncol\u00f3gicos incluyen una entrevista m\u00e9dica, [&hellip;]","og_url":"https:\/\/drmauricioleon.net\/portal\/despistaje-general\/","og_site_name":"Dr Mauricio Le\u00f3n","article_publisher":"https:\/\/www.facebook.com\/Dr.mauricioleon","article_modified_time":"2020-03-21T14:56:08+00:00","og_image":[{"url":"http:\/\/drmauricioleon.net\/portal\/wp-content\/uploads\/2020\/01\/tratamiento-cancer.jpg"}],"twitter_card":"summary_large_image","twitter_site":"@drleonmauricio","twitter_misc":{"Est. reading time":"2 minutos"},"schema":{"@context":"https:\/\/schema.org","@graph":[{"@type":"Organization","@id":"https:\/\/drmauricioleon.net\/portal\/#organization","name":"Dr. Mauricio Le\u00f3n","url":"https:\/\/drmauricioleon.net\/portal\/","sameAs":["https:\/\/www.facebook.com\/Dr.mauricioleon","https:\/\/www.linkedin.com\/in\/mauricio-le\u00f3n-rivera-ab525598","http:\/\/www.youtube.com\/user\/centrodetector","https:\/\/twitter.com\/drleonmauricio"],"logo":{"@type":"ImageObject","@id":"https:\/\/drmauricioleon.net\/portal\/#logo","inLanguage":"es-PE","url":"https:\/\/drmauricioleon.net\/portal\/wp-content\/uploads\/2020\/01\/logo-drml-e1586281768776.png","contentUrl":"https:\/\/drmauricioleon.net\/portal\/wp-content\/uploads\/2020\/01\/logo-drml-e1586281768776.png","width":220,"height":72,"caption":"Dr. Mauricio Le\u00f3n"},"image":{"@id":"https:\/\/drmauricioleon.net\/portal\/#logo"}},{"@type":"WebSite","@id":"https:\/\/drmauricioleon.net\/portal\/#website","url":"https:\/\/drmauricioleon.net\/portal\/","name":"Dr Mauricio Le\u00f3n","description":"Cirujano general y onc\u00f3logo y sub especialista en tumores de Mamas, Tejidos Blandos y Piel. Es m\u00e9dico staff de la Cl\u00ednica Ricardo Palma y de Oncosalud.","publisher":{"@id":"https:\/\/drmauricioleon.net\/portal\/#organization"},"potentialAction":[{"@type":"SearchAction","target":{"@type":"EntryPoint","urlTemplate":"https:\/\/drmauricioleon.net\/portal\/?s={search_term_string}"},"query-input":"required name=search_term_string"}],"inLanguage":"es-PE"},{"@type":"ImageObject","@id":"https:\/\/drmauricioleon.net\/portal\/despistaje-general\/#primaryimage","inLanguage":"es-PE","url":"http:\/\/drmauricioleon.net\/portal\/wp-content\/uploads\/2020\/01\/tratamiento-cancer.jpg","contentUrl":"http:\/\/drmauricioleon.net\/portal\/wp-content\/uploads\/2020\/01\/tratamiento-cancer.jpg"},{"@type":"WebPage","@id":"https:\/\/drmauricioleon.net\/portal\/despistaje-general\/#webpage","url":"https:\/\/drmauricioleon.net\/portal\/despistaje-general\/","name":"Despistaje General - Dr Mauricio Le\u00f3n","isPartOf":{"@id":"https:\/\/drmauricioleon.net\/portal\/#website"},"primaryImageOfPage":{"@id":"https:\/\/drmauricioleon.net\/portal\/despistaje-general\/#primaryimage"},"datePublished":"2020-02-14T01:23:44+00:00","dateModified":"2020-03-21T14:56:08+00:00","breadcrumb":{"@id":"https:\/\/drmauricioleon.net\/portal\/despistaje-general\/#breadcrumb"},"inLanguage":"es-PE","potentialAction":[{"@type":"ReadAction","target":["https:\/\/drmauricioleon.net\/portal\/despistaje-general\/"]}]},{"@type":"BreadcrumbList","@id":"https:\/\/drmauricioleon.net\/portal\/despistaje-general\/#breadcrumb","itemListElement":[{"@type":"ListItem","position":1,"name":"Portada","item":"https:\/\/drmauricioleon.net\/portal\/"},{"@type":"ListItem","position":2,"name":"Despistaje General"}]}]}},"_links":{"self":[{"href":"https:\/\/drmauricioleon.net\/portal\/wp-json\/wp\/v2\/pages\/2769"}],"collection":[{"href":"https:\/\/drmauricioleon.net\/portal\/wp-json\/wp\/v2\/pages"}],"about":[{"href":"https:\/\/drmauricioleon.net\/portal\/wp-json\/wp\/v2\/types\/page"}],"author":[{"embeddable":true,"href":"https:\/\/drmauricioleon.net\/portal\/wp-json\/wp\/v2\/users\/1"}],"replies":[{"embeddable":true,"href":"https:\/\/drmauricioleon.net\/portal\/wp-json\/wp\/v2\/comments?post=2769"}],"version-history":[{"count":7,"href":"https:\/\/drmauricioleon.net\/portal\/wp-json\/wp\/v2\/pages\/2769\/revisions"}],"predecessor-version":[{"id":3192,"href":"https:\/\/drmauricioleon.net\/portal\/wp-json\/wp\/v2\/pages\/2769\/revisions\/3192"}],"wp:attachment":[{"href":"https:\/\/drmauricioleon.net\/portal\/wp-json\/wp\/v2\/media?parent=2769"}],"curies":[{"name":"wp","href":"https:\/\/api.w.org\/{rel}","templated":true}]}}