{"id":2747,"date":"2020-02-14T00:38:12","date_gmt":"2020-02-14T00:38:12","guid":{"rendered":"https:\/\/drmauricioleon.net\/portal\/?page_id=2747"},"modified":"2020-02-21T06:00:00","modified_gmt":"2020-02-21T06:00:00","slug":"diagnostico","status":"publish","type":"page","link":"https:\/\/drmauricioleon.net\/portal\/sarcomas\/diagnostico\/","title":{"rendered":"Diagn\u00f3stico"},"content":{"rendered":"<p>[vc_row full_width=&#8221;0&#8243; full_height=&#8221;0&#8243; sep_bottom=&#8221;separator_bottom sep_angled_positive_bottom&#8221; particles=&#8221;0&#8243;][vc_column width=&#8221;1\/2&#8243; margin=&#8221;margin_bottom_grid&#8221; offset=&#8221;vc_col-md-8&#8243;][vc_column_text]<img loading=\"lazy\" class=\" wp-image-2870 alignleft\" src=\"https:\/\/drmauricioleon.net\/portal\/wp-content\/uploads\/2020\/02\/shutterstock_1201894471-300x203.jpg\" alt=\"\" width=\"315\" height=\"213\" srcset=\"https:\/\/drmauricioleon.net\/portal\/wp-content\/uploads\/2020\/02\/shutterstock_1201894471-300x203.jpg 300w, https:\/\/drmauricioleon.net\/portal\/wp-content\/uploads\/2020\/02\/shutterstock_1201894471-768x520.jpg 768w, https:\/\/drmauricioleon.net\/portal\/wp-content\/uploads\/2020\/02\/shutterstock_1201894471.jpg 940w\" sizes=\"(max-width: 315px) 100vw, 315px\" \/>Por lo general los pacientes suelen acudir por una tumoraci\u00f3n voluminosa que generalmente es asintom\u00e1tica y casi siempre es detectada por la misma persona, suele ser indolora pero conforme aumenta de tama\u00f1o puede provocar dolor, sobre todo al hacer presi\u00f3n sobre los m\u00fasculos y terminaciones nerviosas profundas.<\/p>\n<p class=\"Normal1\">Para el diagn\u00f3stico de este sarcoma, debe realizarse una resonancia magn\u00e9tica de la zona afectada, posteriormente si se confirma la lesi\u00f3n tumoral, se deber\u00e1 realizar una biopsia incisional del tumor llamada biopsia Core. El estudio patol\u00f3gico nos confirmar\u00e1 el diagn\u00f3stico, adem\u00e1s de catalogar el subtipo tumoral, para seguidamente programar la cirug\u00eda en la que se extirpar\u00e1 el tumor incluyendo los m\u00e1rgenes de tejido circundantes, que es la principal arma contra esta enfermedad. El cirujano onc\u00f3logo especialista en tumores de tejidos blandos es el m\u00e9dico que trata esta enfermedad, adem\u00e1s casi siempre se complementa el tratamiento quir\u00fargico con radioterapia y pocas veces hasta con quimioterapia.<\/p>\n<p class=\"Normal1\"><img loading=\"lazy\" class=\"size-medium wp-image-2869 alignright\" src=\"https:\/\/drmauricioleon.net\/portal\/wp-content\/uploads\/2020\/02\/Sarcoma1-300x157.jpg\" alt=\"\" width=\"300\" height=\"157\" srcset=\"https:\/\/drmauricioleon.net\/portal\/wp-content\/uploads\/2020\/02\/Sarcoma1-300x157.jpg 300w, https:\/\/drmauricioleon.net\/portal\/wp-content\/uploads\/2020\/02\/Sarcoma1.jpg 500w\" sizes=\"(max-width: 300px) 100vw, 300px\" \/>En cuanto a los sarcomas \u00f3seos, mencion\u00f3 que son neoplasias malignas poco frecuentes y se presentan sobre todo en adolescentes, siendo m\u00e1s com\u00fan en la \u00e9poca de crecimiento de las personas sobre todo entre los 12 y 13 a\u00f1os de edad.<\/p>\n<p class=\"Normal1\">Cualquier tumoraci\u00f3n dolorosa en las proximidades de una articulaci\u00f3n que aparezca en un adolescente, sobre todo en la rodilla tiene la sospecha de ser un sarcoma \u00f3seo, y debe ser evaluado por un traumat\u00f3logo onc\u00f3logo, quienes son los expertos de esta enfermedad.<\/p>\n<p>[\/vc_column_text][\/vc_column][vc_column width=&#8221;1\/2&#8243; offset=&#8221;vc_col-md-4&#8243;][vc_column_text]<img loading=\"lazy\" class=\"alignnone wp-image-2889\" src=\"https:\/\/drmauricioleon.net\/portal\/wp-content\/uploads\/2020\/02\/Tipos-de-sarcoma-294x300.jpg\" alt=\"\" width=\"457\" height=\"466\" srcset=\"https:\/\/drmauricioleon.net\/portal\/wp-content\/uploads\/2020\/02\/Tipos-de-sarcoma-294x300.jpg 294w, https:\/\/drmauricioleon.net\/portal\/wp-content\/uploads\/2020\/02\/Tipos-de-sarcoma.jpg 434w\" sizes=\"(max-width: 457px) 100vw, 457px\" \/>[\/vc_column_text][\/vc_column][\/vc_row]<\/p>\n","protected":false},"excerpt":{"rendered":"<p>[vc_row full_width=&#8221;0&#8243; full_height=&#8221;0&#8243; sep_bottom=&#8221;separator_bottom sep_angled_positive_bottom&#8221; particles=&#8221;0&#8243;][vc_column width=&#8221;1\/2&#8243; margin=&#8221;margin_bottom_grid&#8221; offset=&#8221;vc_col-md-8&#8243;][vc_column_text]Por lo general los pacientes suelen acudir por una tumoraci\u00f3n voluminosa que generalmente es asintom\u00e1tica y casi siempre es detectada por la misma persona, suele ser indolora pero conforme aumenta de tama\u00f1o puede provocar dolor, sobre todo al hacer presi\u00f3n sobre los m\u00fasculos y terminaciones nerviosas profundas. [&hellip;]<\/p>\n","protected":false},"author":1,"featured_media":0,"parent":2742,"menu_order":0,"comment_status":"closed","ping_status":"closed","template":"","meta":[],"yoast_head":"<!-- This site is optimized with the Yoast SEO plugin v18.3 - https:\/\/yoast.com\/wordpress\/plugins\/seo\/ -->\n<title>Diagn\u00f3stico - Dr Mauricio Le\u00f3n<\/title>\n<meta name=\"robots\" content=\"index, follow, max-snippet:-1, max-image-preview:large, max-video-preview:-1\" \/>\n<link rel=\"canonical\" href=\"https:\/\/drmauricioleon.net\/portal\/sarcomas\/diagnostico\/\" \/>\n<meta property=\"og:locale\" content=\"es_ES\" \/>\n<meta property=\"og:type\" content=\"article\" \/>\n<meta property=\"og:title\" content=\"Diagn\u00f3stico - Dr Mauricio Le\u00f3n\" \/>\n<meta property=\"og:description\" content=\"[vc_row full_width=&#8221;0&#8243; full_height=&#8221;0&#8243; sep_bottom=&#8221;separator_bottom sep_angled_positive_bottom&#8221; particles=&#8221;0&#8243;][vc_column width=&#8221;1\/2&#8243; margin=&#8221;margin_bottom_grid&#8221; offset=&#8221;vc_col-md-8&#8243;][vc_column_text]Por lo general los pacientes suelen acudir por una tumoraci\u00f3n voluminosa que generalmente es asintom\u00e1tica y casi siempre es detectada por la misma persona, suele ser indolora pero conforme aumenta de tama\u00f1o puede provocar dolor, sobre todo al hacer presi\u00f3n sobre los m\u00fasculos y terminaciones nerviosas profundas. [&hellip;]\" \/>\n<meta property=\"og:url\" content=\"https:\/\/drmauricioleon.net\/portal\/sarcomas\/diagnostico\/\" \/>\n<meta property=\"og:site_name\" content=\"Dr Mauricio Le\u00f3n\" \/>\n<meta property=\"article:publisher\" content=\"https:\/\/www.facebook.com\/Dr.mauricioleon\" \/>\n<meta property=\"article:modified_time\" content=\"2020-02-21T06:00:00+00:00\" \/>\n<meta property=\"og:image\" content=\"https:\/\/drmauricioleon.net\/portal\/wp-content\/uploads\/2020\/02\/shutterstock_1201894471-300x203.jpg\" \/>\n<meta name=\"twitter:card\" content=\"summary_large_image\" \/>\n<meta name=\"twitter:site\" content=\"@drleonmauricio\" \/>\n<meta name=\"twitter:label1\" content=\"Est. reading time\" \/>\n\t<meta name=\"twitter:data1\" content=\"2 minutos\" \/>\n<script type=\"application\/ld+json\" class=\"yoast-schema-graph\">{\"@context\":\"https:\/\/schema.org\",\"@graph\":[{\"@type\":\"Organization\",\"@id\":\"https:\/\/drmauricioleon.net\/portal\/#organization\",\"name\":\"Dr. Mauricio Le\u00f3n\",\"url\":\"https:\/\/drmauricioleon.net\/portal\/\",\"sameAs\":[\"https:\/\/www.facebook.com\/Dr.mauricioleon\",\"https:\/\/www.linkedin.com\/in\/mauricio-le\u00f3n-rivera-ab525598\",\"http:\/\/www.youtube.com\/user\/centrodetector\",\"https:\/\/twitter.com\/drleonmauricio\"],\"logo\":{\"@type\":\"ImageObject\",\"@id\":\"https:\/\/drmauricioleon.net\/portal\/#logo\",\"inLanguage\":\"es-PE\",\"url\":\"https:\/\/drmauricioleon.net\/portal\/wp-content\/uploads\/2020\/01\/logo-drml-e1586281768776.png\",\"contentUrl\":\"https:\/\/drmauricioleon.net\/portal\/wp-content\/uploads\/2020\/01\/logo-drml-e1586281768776.png\",\"width\":220,\"height\":72,\"caption\":\"Dr. Mauricio Le\u00f3n\"},\"image\":{\"@id\":\"https:\/\/drmauricioleon.net\/portal\/#logo\"}},{\"@type\":\"WebSite\",\"@id\":\"https:\/\/drmauricioleon.net\/portal\/#website\",\"url\":\"https:\/\/drmauricioleon.net\/portal\/\",\"name\":\"Dr Mauricio Le\u00f3n\",\"description\":\"Cirujano general y onc\u00f3logo y sub especialista en tumores de Mamas, Tejidos Blandos y Piel. Es m\u00e9dico staff de la Cl\u00ednica Ricardo Palma y de Oncosalud.\",\"publisher\":{\"@id\":\"https:\/\/drmauricioleon.net\/portal\/#organization\"},\"potentialAction\":[{\"@type\":\"SearchAction\",\"target\":{\"@type\":\"EntryPoint\",\"urlTemplate\":\"https:\/\/drmauricioleon.net\/portal\/?s={search_term_string}\"},\"query-input\":\"required name=search_term_string\"}],\"inLanguage\":\"es-PE\"},{\"@type\":\"ImageObject\",\"@id\":\"https:\/\/drmauricioleon.net\/portal\/sarcomas\/diagnostico\/#primaryimage\",\"inLanguage\":\"es-PE\",\"url\":\"https:\/\/drmauricioleon.net\/portal\/wp-content\/uploads\/2020\/02\/shutterstock_1201894471.jpg\",\"contentUrl\":\"https:\/\/drmauricioleon.net\/portal\/wp-content\/uploads\/2020\/02\/shutterstock_1201894471.jpg\",\"width\":940,\"height\":636},{\"@type\":\"WebPage\",\"@id\":\"https:\/\/drmauricioleon.net\/portal\/sarcomas\/diagnostico\/#webpage\",\"url\":\"https:\/\/drmauricioleon.net\/portal\/sarcomas\/diagnostico\/\",\"name\":\"Diagn\u00f3stico - Dr Mauricio Le\u00f3n\",\"isPartOf\":{\"@id\":\"https:\/\/drmauricioleon.net\/portal\/#website\"},\"primaryImageOfPage\":{\"@id\":\"https:\/\/drmauricioleon.net\/portal\/sarcomas\/diagnostico\/#primaryimage\"},\"datePublished\":\"2020-02-14T00:38:12+00:00\",\"dateModified\":\"2020-02-21T06:00:00+00:00\",\"breadcrumb\":{\"@id\":\"https:\/\/drmauricioleon.net\/portal\/sarcomas\/diagnostico\/#breadcrumb\"},\"inLanguage\":\"es-PE\",\"potentialAction\":[{\"@type\":\"ReadAction\",\"target\":[\"https:\/\/drmauricioleon.net\/portal\/sarcomas\/diagnostico\/\"]}]},{\"@type\":\"BreadcrumbList\",\"@id\":\"https:\/\/drmauricioleon.net\/portal\/sarcomas\/diagnostico\/#breadcrumb\",\"itemListElement\":[{\"@type\":\"ListItem\",\"position\":1,\"name\":\"Portada\",\"item\":\"https:\/\/drmauricioleon.net\/portal\/\"},{\"@type\":\"ListItem\",\"position\":2,\"name\":\"Sarcomas\",\"item\":\"https:\/\/drmauricioleon.net\/portal\/sarcomas\/\"},{\"@type\":\"ListItem\",\"position\":3,\"name\":\"Diagn\u00f3stico\"}]}]}<\/script>\n<!-- \/ Yoast SEO plugin. -->","yoast_head_json":{"title":"Diagn\u00f3stico - Dr Mauricio Le\u00f3n","robots":{"index":"index","follow":"follow","max-snippet":"max-snippet:-1","max-image-preview":"max-image-preview:large","max-video-preview":"max-video-preview:-1"},"canonical":"https:\/\/drmauricioleon.net\/portal\/sarcomas\/diagnostico\/","og_locale":"es_ES","og_type":"article","og_title":"Diagn\u00f3stico - Dr Mauricio Le\u00f3n","og_description":"[vc_row full_width=&#8221;0&#8243; full_height=&#8221;0&#8243; sep_bottom=&#8221;separator_bottom sep_angled_positive_bottom&#8221; particles=&#8221;0&#8243;][vc_column width=&#8221;1\/2&#8243; margin=&#8221;margin_bottom_grid&#8221; offset=&#8221;vc_col-md-8&#8243;][vc_column_text]Por lo general los pacientes suelen acudir por una tumoraci\u00f3n voluminosa que generalmente es asintom\u00e1tica y casi siempre es detectada por la misma persona, suele ser indolora pero conforme aumenta de tama\u00f1o puede provocar dolor, sobre todo al hacer presi\u00f3n sobre los m\u00fasculos y terminaciones nerviosas profundas. [&hellip;]","og_url":"https:\/\/drmauricioleon.net\/portal\/sarcomas\/diagnostico\/","og_site_name":"Dr Mauricio Le\u00f3n","article_publisher":"https:\/\/www.facebook.com\/Dr.mauricioleon","article_modified_time":"2020-02-21T06:00:00+00:00","og_image":[{"url":"https:\/\/drmauricioleon.net\/portal\/wp-content\/uploads\/2020\/02\/shutterstock_1201894471-300x203.jpg"}],"twitter_card":"summary_large_image","twitter_site":"@drleonmauricio","twitter_misc":{"Est. reading time":"2 minutos"},"schema":{"@context":"https:\/\/schema.org","@graph":[{"@type":"Organization","@id":"https:\/\/drmauricioleon.net\/portal\/#organization","name":"Dr. Mauricio Le\u00f3n","url":"https:\/\/drmauricioleon.net\/portal\/","sameAs":["https:\/\/www.facebook.com\/Dr.mauricioleon","https:\/\/www.linkedin.com\/in\/mauricio-le\u00f3n-rivera-ab525598","http:\/\/www.youtube.com\/user\/centrodetector","https:\/\/twitter.com\/drleonmauricio"],"logo":{"@type":"ImageObject","@id":"https:\/\/drmauricioleon.net\/portal\/#logo","inLanguage":"es-PE","url":"https:\/\/drmauricioleon.net\/portal\/wp-content\/uploads\/2020\/01\/logo-drml-e1586281768776.png","contentUrl":"https:\/\/drmauricioleon.net\/portal\/wp-content\/uploads\/2020\/01\/logo-drml-e1586281768776.png","width":220,"height":72,"caption":"Dr. Mauricio Le\u00f3n"},"image":{"@id":"https:\/\/drmauricioleon.net\/portal\/#logo"}},{"@type":"WebSite","@id":"https:\/\/drmauricioleon.net\/portal\/#website","url":"https:\/\/drmauricioleon.net\/portal\/","name":"Dr Mauricio Le\u00f3n","description":"Cirujano general y onc\u00f3logo y sub especialista en tumores de Mamas, Tejidos Blandos y Piel. Es m\u00e9dico staff de la Cl\u00ednica Ricardo Palma y de Oncosalud.","publisher":{"@id":"https:\/\/drmauricioleon.net\/portal\/#organization"},"potentialAction":[{"@type":"SearchAction","target":{"@type":"EntryPoint","urlTemplate":"https:\/\/drmauricioleon.net\/portal\/?s={search_term_string}"},"query-input":"required name=search_term_string"}],"inLanguage":"es-PE"},{"@type":"ImageObject","@id":"https:\/\/drmauricioleon.net\/portal\/sarcomas\/diagnostico\/#primaryimage","inLanguage":"es-PE","url":"https:\/\/drmauricioleon.net\/portal\/wp-content\/uploads\/2020\/02\/shutterstock_1201894471.jpg","contentUrl":"https:\/\/drmauricioleon.net\/portal\/wp-content\/uploads\/2020\/02\/shutterstock_1201894471.jpg","width":940,"height":636},{"@type":"WebPage","@id":"https:\/\/drmauricioleon.net\/portal\/sarcomas\/diagnostico\/#webpage","url":"https:\/\/drmauricioleon.net\/portal\/sarcomas\/diagnostico\/","name":"Diagn\u00f3stico - Dr Mauricio Le\u00f3n","isPartOf":{"@id":"https:\/\/drmauricioleon.net\/portal\/#website"},"primaryImageOfPage":{"@id":"https:\/\/drmauricioleon.net\/portal\/sarcomas\/diagnostico\/#primaryimage"},"datePublished":"2020-02-14T00:38:12+00:00","dateModified":"2020-02-21T06:00:00+00:00","breadcrumb":{"@id":"https:\/\/drmauricioleon.net\/portal\/sarcomas\/diagnostico\/#breadcrumb"},"inLanguage":"es-PE","potentialAction":[{"@type":"ReadAction","target":["https:\/\/drmauricioleon.net\/portal\/sarcomas\/diagnostico\/"]}]},{"@type":"BreadcrumbList","@id":"https:\/\/drmauricioleon.net\/portal\/sarcomas\/diagnostico\/#breadcrumb","itemListElement":[{"@type":"ListItem","position":1,"name":"Portada","item":"https:\/\/drmauricioleon.net\/portal\/"},{"@type":"ListItem","position":2,"name":"Sarcomas","item":"https:\/\/drmauricioleon.net\/portal\/sarcomas\/"},{"@type":"ListItem","position":3,"name":"Diagn\u00f3stico"}]}]}},"_links":{"self":[{"href":"https:\/\/drmauricioleon.net\/portal\/wp-json\/wp\/v2\/pages\/2747"}],"collection":[{"href":"https:\/\/drmauricioleon.net\/portal\/wp-json\/wp\/v2\/pages"}],"about":[{"href":"https:\/\/drmauricioleon.net\/portal\/wp-json\/wp\/v2\/types\/page"}],"author":[{"embeddable":true,"href":"https:\/\/drmauricioleon.net\/portal\/wp-json\/wp\/v2\/users\/1"}],"replies":[{"embeddable":true,"href":"https:\/\/drmauricioleon.net\/portal\/wp-json\/wp\/v2\/comments?post=2747"}],"version-history":[{"count":7,"href":"https:\/\/drmauricioleon.net\/portal\/wp-json\/wp\/v2\/pages\/2747\/revisions"}],"predecessor-version":[{"id":3011,"href":"https:\/\/drmauricioleon.net\/portal\/wp-json\/wp\/v2\/pages\/2747\/revisions\/3011"}],"up":[{"embeddable":true,"href":"https:\/\/drmauricioleon.net\/portal\/wp-json\/wp\/v2\/pages\/2742"}],"wp:attachment":[{"href":"https:\/\/drmauricioleon.net\/portal\/wp-json\/wp\/v2\/media?parent=2747"}],"curies":[{"name":"wp","href":"https:\/\/api.w.org\/{rel}","templated":true}]}}