{"id":2744,"date":"2020-02-14T00:35:26","date_gmt":"2020-02-14T00:35:26","guid":{"rendered":"https:\/\/drmauricioleon.net\/portal\/?page_id=2744"},"modified":"2020-02-21T05:49:26","modified_gmt":"2020-02-21T05:49:26","slug":"que-es-el-sarcoma","status":"publish","type":"page","link":"https:\/\/drmauricioleon.net\/portal\/sarcomas\/que-es-el-sarcoma\/","title":{"rendered":"\u00bfQu\u00e9 es el Sarcoma?"},"content":{"rendered":"<p>[vc_row full_width=&#8221;0&#8243; full_height=&#8221;0&#8243; sep_bottom=&#8221;separator_bottom sep_angled_positive_bottom&#8221; particles=&#8221;0&#8243;][vc_column width=&#8221;1\/2&#8243; margin=&#8221;margin_bottom_grid&#8221; offset=&#8221;vc_col-md-8&#8243;][vc_column_text]<\/p>\n<p style=\"text-align: justify;\"><img loading=\"lazy\" class=\" wp-image-2872 alignleft\" src=\"https:\/\/drmauricioleon.net\/portal\/wp-content\/uploads\/2020\/02\/Sarcomas.jpg\" alt=\"\" width=\"183\" height=\"183\" srcset=\"https:\/\/drmauricioleon.net\/portal\/wp-content\/uploads\/2020\/02\/Sarcomas.jpg 300w, https:\/\/drmauricioleon.net\/portal\/wp-content\/uploads\/2020\/02\/Sarcomas-150x150.jpg 150w\" sizes=\"(max-width: 183px) 100vw, 183px\" \/>Aproximadamente el 60 por ciento de los sarcomas de tejidos blandos aparece en las extremidades:\u00a0 brazos o piernas, el resto en otras partes del cuerpo como el abdomen, cabeza o cuello.<\/p>\n<p style=\"text-align: justify;\">Existen m\u00e1s de 150 variedades de sarcomas reconocidas por la Organizaci\u00f3n Mundial de la Salud (OMS), divididos en dos grandes grupos: los de partes blandas, que se desarrollan en los tejidos blandos del organismo como los m\u00fasculos, tendones, nervios y\/o vasos sangu\u00edneos; y los sarcomas \u00f3seos que se desarrollan en el esqueleto.<\/p>\n<p><img loading=\"lazy\" class=\"size-full wp-image-2871 alignright\" src=\"https:\/\/drmauricioleon.net\/portal\/wp-content\/uploads\/2020\/02\/sarcomasdepartesblandas.jpg\" alt=\"\" width=\"275\" height=\"183\" \/><\/p>\n<p style=\"text-align: justify;\">Los sarcomas de tejidos blandos son ligeramente m\u00e1s frecuentes en hombres que en mujeres pudiendo presentarse en todas las edades, aunque suelen afectar principalmente a adultos con edades comprendidas entre los 40 y 60 a\u00f1os.<\/p>\n<p style=\"text-align: justify;\">Entre los sarcomas m\u00e1s comunes tenemos el fibrohistiocitoma maligno, el liposarcoma, sarcoma sinovial, condrosarcoma, sarcoma de Ewing, fibrosarcoma y\/o el osteosarcoma.<\/p>\n<p>[\/vc_column_text][\/vc_column][vc_column width=&#8221;1\/2&#8243; offset=&#8221;vc_col-md-4&#8243;][vc_column_text]<img loading=\"lazy\" class=\"alignnone wp-image-2889\" src=\"https:\/\/drmauricioleon.net\/portal\/wp-content\/uploads\/2020\/02\/Tipos-de-sarcoma-294x300.jpg\" alt=\"\" width=\"467\" height=\"476\" srcset=\"https:\/\/drmauricioleon.net\/portal\/wp-content\/uploads\/2020\/02\/Tipos-de-sarcoma-294x300.jpg 294w, https:\/\/drmauricioleon.net\/portal\/wp-content\/uploads\/2020\/02\/Tipos-de-sarcoma.jpg 434w\" sizes=\"(max-width: 467px) 100vw, 467px\" \/>[\/vc_column_text][\/vc_column][\/vc_row]<\/p>\n","protected":false},"excerpt":{"rendered":"<p>[vc_row full_width=&#8221;0&#8243; full_height=&#8221;0&#8243; sep_bottom=&#8221;separator_bottom sep_angled_positive_bottom&#8221; particles=&#8221;0&#8243;][vc_column width=&#8221;1\/2&#8243; margin=&#8221;margin_bottom_grid&#8221; offset=&#8221;vc_col-md-8&#8243;][vc_column_text] Aproximadamente el 60 por ciento de los sarcomas de tejidos blandos aparece en las extremidades:\u00a0 brazos o piernas, el resto en otras partes del cuerpo como el abdomen, cabeza o cuello. Existen m\u00e1s de 150 variedades de sarcomas reconocidas por la Organizaci\u00f3n Mundial de la Salud [&hellip;]<\/p>\n","protected":false},"author":1,"featured_media":0,"parent":2742,"menu_order":0,"comment_status":"closed","ping_status":"closed","template":"","meta":[],"yoast_head":"<!-- This site is optimized with the Yoast SEO plugin v18.3 - https:\/\/yoast.com\/wordpress\/plugins\/seo\/ -->\n<title>\u00bfQu\u00e9 es el Sarcoma? - Dr Mauricio Le\u00f3n<\/title>\n<meta name=\"robots\" content=\"index, follow, max-snippet:-1, max-image-preview:large, max-video-preview:-1\" \/>\n<link rel=\"canonical\" href=\"https:\/\/drmauricioleon.net\/portal\/sarcomas\/que-es-el-sarcoma\/\" \/>\n<meta property=\"og:locale\" content=\"es_ES\" \/>\n<meta property=\"og:type\" content=\"article\" \/>\n<meta property=\"og:title\" content=\"\u00bfQu\u00e9 es el Sarcoma? - Dr Mauricio Le\u00f3n\" \/>\n<meta property=\"og:description\" content=\"[vc_row full_width=&#8221;0&#8243; full_height=&#8221;0&#8243; sep_bottom=&#8221;separator_bottom sep_angled_positive_bottom&#8221; particles=&#8221;0&#8243;][vc_column width=&#8221;1\/2&#8243; margin=&#8221;margin_bottom_grid&#8221; offset=&#8221;vc_col-md-8&#8243;][vc_column_text] Aproximadamente el 60 por ciento de los sarcomas de tejidos blandos aparece en las extremidades:\u00a0 brazos o piernas, el resto en otras partes del cuerpo como el abdomen, cabeza o cuello. Existen m\u00e1s de 150 variedades de sarcomas reconocidas por la Organizaci\u00f3n Mundial de la Salud [&hellip;]\" \/>\n<meta property=\"og:url\" content=\"https:\/\/drmauricioleon.net\/portal\/sarcomas\/que-es-el-sarcoma\/\" \/>\n<meta property=\"og:site_name\" content=\"Dr Mauricio Le\u00f3n\" \/>\n<meta property=\"article:publisher\" content=\"https:\/\/www.facebook.com\/Dr.mauricioleon\" \/>\n<meta property=\"article:modified_time\" content=\"2020-02-21T05:49:26+00:00\" \/>\n<meta property=\"og:image\" content=\"https:\/\/drmauricioleon.net\/portal\/wp-content\/uploads\/2020\/02\/Sarcomas.jpg\" \/>\n<meta name=\"twitter:card\" content=\"summary_large_image\" \/>\n<meta name=\"twitter:site\" content=\"@drleonmauricio\" \/>\n<meta name=\"twitter:label1\" content=\"Est. reading time\" \/>\n\t<meta name=\"twitter:data1\" content=\"1 minuto\" \/>\n<script type=\"application\/ld+json\" class=\"yoast-schema-graph\">{\"@context\":\"https:\/\/schema.org\",\"@graph\":[{\"@type\":\"Organization\",\"@id\":\"https:\/\/drmauricioleon.net\/portal\/#organization\",\"name\":\"Dr. Mauricio Le\u00f3n\",\"url\":\"https:\/\/drmauricioleon.net\/portal\/\",\"sameAs\":[\"https:\/\/www.facebook.com\/Dr.mauricioleon\",\"https:\/\/www.linkedin.com\/in\/mauricio-le\u00f3n-rivera-ab525598\",\"http:\/\/www.youtube.com\/user\/centrodetector\",\"https:\/\/twitter.com\/drleonmauricio\"],\"logo\":{\"@type\":\"ImageObject\",\"@id\":\"https:\/\/drmauricioleon.net\/portal\/#logo\",\"inLanguage\":\"es-PE\",\"url\":\"https:\/\/drmauricioleon.net\/portal\/wp-content\/uploads\/2020\/01\/logo-drml-e1586281768776.png\",\"contentUrl\":\"https:\/\/drmauricioleon.net\/portal\/wp-content\/uploads\/2020\/01\/logo-drml-e1586281768776.png\",\"width\":220,\"height\":72,\"caption\":\"Dr. Mauricio Le\u00f3n\"},\"image\":{\"@id\":\"https:\/\/drmauricioleon.net\/portal\/#logo\"}},{\"@type\":\"WebSite\",\"@id\":\"https:\/\/drmauricioleon.net\/portal\/#website\",\"url\":\"https:\/\/drmauricioleon.net\/portal\/\",\"name\":\"Dr Mauricio Le\u00f3n\",\"description\":\"Cirujano general y onc\u00f3logo y sub especialista en tumores de Mamas, Tejidos Blandos y Piel. Es m\u00e9dico staff de la Cl\u00ednica Ricardo Palma y de Oncosalud.\",\"publisher\":{\"@id\":\"https:\/\/drmauricioleon.net\/portal\/#organization\"},\"potentialAction\":[{\"@type\":\"SearchAction\",\"target\":{\"@type\":\"EntryPoint\",\"urlTemplate\":\"https:\/\/drmauricioleon.net\/portal\/?s={search_term_string}\"},\"query-input\":\"required name=search_term_string\"}],\"inLanguage\":\"es-PE\"},{\"@type\":\"ImageObject\",\"@id\":\"https:\/\/drmauricioleon.net\/portal\/sarcomas\/que-es-el-sarcoma\/#primaryimage\",\"inLanguage\":\"es-PE\",\"url\":\"https:\/\/drmauricioleon.net\/portal\/wp-content\/uploads\/2020\/02\/Sarcomas.jpg\",\"contentUrl\":\"https:\/\/drmauricioleon.net\/portal\/wp-content\/uploads\/2020\/02\/Sarcomas.jpg\",\"width\":300,\"height\":300},{\"@type\":\"WebPage\",\"@id\":\"https:\/\/drmauricioleon.net\/portal\/sarcomas\/que-es-el-sarcoma\/#webpage\",\"url\":\"https:\/\/drmauricioleon.net\/portal\/sarcomas\/que-es-el-sarcoma\/\",\"name\":\"\u00bfQu\u00e9 es el Sarcoma? - Dr Mauricio Le\u00f3n\",\"isPartOf\":{\"@id\":\"https:\/\/drmauricioleon.net\/portal\/#website\"},\"primaryImageOfPage\":{\"@id\":\"https:\/\/drmauricioleon.net\/portal\/sarcomas\/que-es-el-sarcoma\/#primaryimage\"},\"datePublished\":\"2020-02-14T00:35:26+00:00\",\"dateModified\":\"2020-02-21T05:49:26+00:00\",\"breadcrumb\":{\"@id\":\"https:\/\/drmauricioleon.net\/portal\/sarcomas\/que-es-el-sarcoma\/#breadcrumb\"},\"inLanguage\":\"es-PE\",\"potentialAction\":[{\"@type\":\"ReadAction\",\"target\":[\"https:\/\/drmauricioleon.net\/portal\/sarcomas\/que-es-el-sarcoma\/\"]}]},{\"@type\":\"BreadcrumbList\",\"@id\":\"https:\/\/drmauricioleon.net\/portal\/sarcomas\/que-es-el-sarcoma\/#breadcrumb\",\"itemListElement\":[{\"@type\":\"ListItem\",\"position\":1,\"name\":\"Portada\",\"item\":\"https:\/\/drmauricioleon.net\/portal\/\"},{\"@type\":\"ListItem\",\"position\":2,\"name\":\"Sarcomas\",\"item\":\"https:\/\/drmauricioleon.net\/portal\/sarcomas\/\"},{\"@type\":\"ListItem\",\"position\":3,\"name\":\"\u00bfQu\u00e9 es el Sarcoma?\"}]}]}<\/script>\n<!-- \/ Yoast SEO plugin. -->","yoast_head_json":{"title":"\u00bfQu\u00e9 es el Sarcoma? - Dr Mauricio Le\u00f3n","robots":{"index":"index","follow":"follow","max-snippet":"max-snippet:-1","max-image-preview":"max-image-preview:large","max-video-preview":"max-video-preview:-1"},"canonical":"https:\/\/drmauricioleon.net\/portal\/sarcomas\/que-es-el-sarcoma\/","og_locale":"es_ES","og_type":"article","og_title":"\u00bfQu\u00e9 es el Sarcoma? - Dr Mauricio Le\u00f3n","og_description":"[vc_row full_width=&#8221;0&#8243; full_height=&#8221;0&#8243; sep_bottom=&#8221;separator_bottom sep_angled_positive_bottom&#8221; particles=&#8221;0&#8243;][vc_column width=&#8221;1\/2&#8243; margin=&#8221;margin_bottom_grid&#8221; offset=&#8221;vc_col-md-8&#8243;][vc_column_text] Aproximadamente el 60 por ciento de los sarcomas de tejidos blandos aparece en las extremidades:\u00a0 brazos o piernas, el resto en otras partes del cuerpo como el abdomen, cabeza o cuello. Existen m\u00e1s de 150 variedades de sarcomas reconocidas por la Organizaci\u00f3n Mundial de la Salud [&hellip;]","og_url":"https:\/\/drmauricioleon.net\/portal\/sarcomas\/que-es-el-sarcoma\/","og_site_name":"Dr Mauricio Le\u00f3n","article_publisher":"https:\/\/www.facebook.com\/Dr.mauricioleon","article_modified_time":"2020-02-21T05:49:26+00:00","og_image":[{"url":"https:\/\/drmauricioleon.net\/portal\/wp-content\/uploads\/2020\/02\/Sarcomas.jpg"}],"twitter_card":"summary_large_image","twitter_site":"@drleonmauricio","twitter_misc":{"Est. reading time":"1 minuto"},"schema":{"@context":"https:\/\/schema.org","@graph":[{"@type":"Organization","@id":"https:\/\/drmauricioleon.net\/portal\/#organization","name":"Dr. Mauricio Le\u00f3n","url":"https:\/\/drmauricioleon.net\/portal\/","sameAs":["https:\/\/www.facebook.com\/Dr.mauricioleon","https:\/\/www.linkedin.com\/in\/mauricio-le\u00f3n-rivera-ab525598","http:\/\/www.youtube.com\/user\/centrodetector","https:\/\/twitter.com\/drleonmauricio"],"logo":{"@type":"ImageObject","@id":"https:\/\/drmauricioleon.net\/portal\/#logo","inLanguage":"es-PE","url":"https:\/\/drmauricioleon.net\/portal\/wp-content\/uploads\/2020\/01\/logo-drml-e1586281768776.png","contentUrl":"https:\/\/drmauricioleon.net\/portal\/wp-content\/uploads\/2020\/01\/logo-drml-e1586281768776.png","width":220,"height":72,"caption":"Dr. Mauricio Le\u00f3n"},"image":{"@id":"https:\/\/drmauricioleon.net\/portal\/#logo"}},{"@type":"WebSite","@id":"https:\/\/drmauricioleon.net\/portal\/#website","url":"https:\/\/drmauricioleon.net\/portal\/","name":"Dr Mauricio Le\u00f3n","description":"Cirujano general y onc\u00f3logo y sub especialista en tumores de Mamas, Tejidos Blandos y Piel. Es m\u00e9dico staff de la Cl\u00ednica Ricardo Palma y de Oncosalud.","publisher":{"@id":"https:\/\/drmauricioleon.net\/portal\/#organization"},"potentialAction":[{"@type":"SearchAction","target":{"@type":"EntryPoint","urlTemplate":"https:\/\/drmauricioleon.net\/portal\/?s={search_term_string}"},"query-input":"required name=search_term_string"}],"inLanguage":"es-PE"},{"@type":"ImageObject","@id":"https:\/\/drmauricioleon.net\/portal\/sarcomas\/que-es-el-sarcoma\/#primaryimage","inLanguage":"es-PE","url":"https:\/\/drmauricioleon.net\/portal\/wp-content\/uploads\/2020\/02\/Sarcomas.jpg","contentUrl":"https:\/\/drmauricioleon.net\/portal\/wp-content\/uploads\/2020\/02\/Sarcomas.jpg","width":300,"height":300},{"@type":"WebPage","@id":"https:\/\/drmauricioleon.net\/portal\/sarcomas\/que-es-el-sarcoma\/#webpage","url":"https:\/\/drmauricioleon.net\/portal\/sarcomas\/que-es-el-sarcoma\/","name":"\u00bfQu\u00e9 es el Sarcoma? - Dr Mauricio Le\u00f3n","isPartOf":{"@id":"https:\/\/drmauricioleon.net\/portal\/#website"},"primaryImageOfPage":{"@id":"https:\/\/drmauricioleon.net\/portal\/sarcomas\/que-es-el-sarcoma\/#primaryimage"},"datePublished":"2020-02-14T00:35:26+00:00","dateModified":"2020-02-21T05:49:26+00:00","breadcrumb":{"@id":"https:\/\/drmauricioleon.net\/portal\/sarcomas\/que-es-el-sarcoma\/#breadcrumb"},"inLanguage":"es-PE","potentialAction":[{"@type":"ReadAction","target":["https:\/\/drmauricioleon.net\/portal\/sarcomas\/que-es-el-sarcoma\/"]}]},{"@type":"BreadcrumbList","@id":"https:\/\/drmauricioleon.net\/portal\/sarcomas\/que-es-el-sarcoma\/#breadcrumb","itemListElement":[{"@type":"ListItem","position":1,"name":"Portada","item":"https:\/\/drmauricioleon.net\/portal\/"},{"@type":"ListItem","position":2,"name":"Sarcomas","item":"https:\/\/drmauricioleon.net\/portal\/sarcomas\/"},{"@type":"ListItem","position":3,"name":"\u00bfQu\u00e9 es el Sarcoma?"}]}]}},"_links":{"self":[{"href":"https:\/\/drmauricioleon.net\/portal\/wp-json\/wp\/v2\/pages\/2744"}],"collection":[{"href":"https:\/\/drmauricioleon.net\/portal\/wp-json\/wp\/v2\/pages"}],"about":[{"href":"https:\/\/drmauricioleon.net\/portal\/wp-json\/wp\/v2\/types\/page"}],"author":[{"embeddable":true,"href":"https:\/\/drmauricioleon.net\/portal\/wp-json\/wp\/v2\/users\/1"}],"replies":[{"embeddable":true,"href":"https:\/\/drmauricioleon.net\/portal\/wp-json\/wp\/v2\/comments?post=2744"}],"version-history":[{"count":11,"href":"https:\/\/drmauricioleon.net\/portal\/wp-json\/wp\/v2\/pages\/2744\/revisions"}],"predecessor-version":[{"id":3002,"href":"https:\/\/drmauricioleon.net\/portal\/wp-json\/wp\/v2\/pages\/2744\/revisions\/3002"}],"up":[{"embeddable":true,"href":"https:\/\/drmauricioleon.net\/portal\/wp-json\/wp\/v2\/pages\/2742"}],"wp:attachment":[{"href":"https:\/\/drmauricioleon.net\/portal\/wp-json\/wp\/v2\/media?parent=2744"}],"curies":[{"name":"wp","href":"https:\/\/api.w.org\/{rel}","templated":true}]}}