{"id":2742,"date":"2020-02-14T00:34:17","date_gmt":"2020-02-14T00:34:17","guid":{"rendered":"https:\/\/drmauricioleon.net\/portal\/?page_id=2742"},"modified":"2020-03-21T18:45:02","modified_gmt":"2020-03-21T18:45:02","slug":"sarcomas","status":"publish","type":"page","link":"https:\/\/drmauricioleon.net\/portal\/sarcomas\/","title":{"rendered":"Sarcomas"},"content":{"rendered":"<p>[vc_row full_width=&#8221;0&#8243; full_height=&#8221;0&#8243; sep_bottom=&#8221;separator_bottom sep_angled_positive_bottom&#8221; particles=&#8221;0&#8243;][vc_column width=&#8221;1\/2&#8243; margin=&#8221;margin_bottom_grid&#8221; offset=&#8221;vc_col-md-8&#8243;][vc_column_text]<\/p>\n<p style=\"text-align: justify;\"><img style=\"margin-right: 15px; border: 3px double #666666; float: left;\" src=\"http:\/\/drmauricioleon.net\/portal\/wp-content\/uploads\/2020\/01\/tratamiento-cancer.jpg\" alt=\"cancer-mama5\" \/>El t\u00e9rmino &#8220;c\u00e1ncer&#8221; se utiliza como el nombre general para referirse a un grupo de m\u00e1s de cien enfermedades en las cuales las c\u00e9lulas en una parte del cuerpo comienzan a crecer sin control.<\/p>\n<p>El cuerpo est\u00e1 compuesto por billones de c\u00e9lulas vivas. Las c\u00e9lulas normales del cuerpo crecen, se dividen y mueren de manera ordenada. Durante los primeros a\u00f1os de vida de una persona, las c\u00e9lulas normales se dividen m\u00e1s r\u00e1pidamente para permitirle a la persona crecer. Una vez la persona llega a la edad adulta, la mayor\u00eda de las c\u00e9lulas s\u00f3lo se dividen para reemplazar las c\u00e9lulas desgastadas o que est\u00e1n muriendo, y para reparar lesiones.<\/p>\n<p>El c\u00e1ncer se origina cuando las c\u00e9lulas en alguna parte del cuerpo comienzan a crecer sin control. Existen muchas clases de c\u00e1ncer, pero todos ellos comienzan debido al crecimiento sin control de c\u00e9lulas anormales.<\/p>\n<p>El crecimiento de las c\u00e9lulas cancerosas es diferente al crecimiento de las c\u00e9lulas normales. En lugar de morir, las c\u00e9lulas cancerosas contin\u00faan creciendo y forman nuevas c\u00e9lulas anormales. Adem\u00e1s, las c\u00e9lulas cancerosas pueden invadir (crecer hacia) otros tejidos, algo que las c\u00e9lulas normales no pueden hacer. El crecimiento sin control y la invasi\u00f3n a otros tejidos es lo que hace que una c\u00e9lula sea cancerosa.<\/p>\n<p>Las c\u00e9lulas se transforman en c\u00e9lulas cancerosas debido a un da\u00f1o en el ADN.<\/p>\n<p>El ADN se encuentra en todas las c\u00e9lulas y dirige todas sus acciones. En una c\u00e9lula normal, cuando el ADN se afecta, la c\u00e9lula repara el da\u00f1o o muere. Por el contrario, en las c\u00e9lulas cancerosas el ADN da\u00f1ado no se repara, y la c\u00e9lula no muere como deber\u00eda. En lugar de esto, la c\u00e9lula contin\u00faa produciendo nuevas c\u00e9lulas que el cuerpo no necesita. Todas estas nuevas c\u00e9lulas tendr\u00e1n el mismo ADN da\u00f1ado que tuvo la primera c\u00e9lula.<\/p>\n<p>Las personas pueden heredar un ADN da\u00f1ado, pero la mayor parte del ADN da\u00f1ado es causado por errores que ocurren mientras la c\u00e9lula normal se est\u00e1 reproduciendo o por alguna otra cosa en nuestro ambiente.<\/p>\n<p>Algunas veces, la causa del da\u00f1o al ADN es algo obvio, como fumar cigarrillos. A menudo, sin embargo no se encuentra una causa clara.<\/p>\n<p>En la mayor\u00eda de los casos, las c\u00e9lulas cancerosas forman un tumor, pero en algunos c\u00e1nceres, como la leucemia, rara vez se forman tumores. En este caso, las c\u00e9lulas cancerosas afectan la sangre y los \u00f3rganos hematopoy\u00e9ticos (productores de sangre) y circulan a trav\u00e9s de otros tejidos en los cuales crecen.<\/p>\n<p>Las c\u00e9lulas cancerosas a menudo se trasladan a otras partes del cuerpo donde comienzan a crecer y a formar nuevos tumores que reemplazan el tejido normal. Este proceso se llama met\u00e1stasis, el cual ocurre cuando las c\u00e9lulas cancerosas entran al torrente sangu\u00edneo o a los vasos linf\u00e1ticos de nuestro cuerpo.<\/p>\n<p>En la actualidad, millones de personas est\u00e1n viviendo con c\u00e1ncer o han padecido c\u00e1ncer.<\/p>\n<p>El riesgo de padecer la mayor\u00eda de los tipos de c\u00e1ncer se puede reducir mediante cambios en el estilo de vida de la persona, por ejemplo, dejar de fumar, limitar el tiempo de exposici\u00f3n al sol, hacer ejercicio y tener una alimentaci\u00f3n sana. Mientras m\u00e1s temprano se detecte el c\u00e1ncer y m\u00e1s r\u00e1pido comience el tratamiento, mayores ser\u00e1n las probabilidades de que el paciente viva por muchos a\u00f1os.<\/p>\n<p>Para m\u00e1s informaci\u00f3n sobre el c\u00e1ncer, por favor, comun\u00edquese al correo electr\u00f3nico mleon@centrodetectordelcancer.net o a trav\u00e9s del telf.: 2258008.[\/vc_column_text][\/vc_column][vc_column width=&#8221;1\/2&#8243; offset=&#8221;vc_col-md-4&#8243;][vc_text_separator title=&#8221;Casos a nivel mundial&#8221; title_align=&#8221;separator_align_left&#8221;][vc_round_chart stroke_width=&#8221;2&#8243; values=&#8221;%5B%7B%22title%22%3A%22Pulm%C3%B3n%22%2C%22value%22%3A%2211.6%22%2C%22color%22%3A%22green%22%7D%2C%7B%22title%22%3A%22Mama%22%2C%22value%22%3A%2211.6%22%2C%22color%22%3A%22sky%22%7D%2C%7B%22title%22%3A%22Prostata%22%2C%22value%22%3A%227.1%22%2C%22color%22%3A%22purple%22%2C%22custom_color%22%3A%22%23f7f7f7%22%7D%2C%7B%22title%22%3A%22Colon%22%2C%22value%22%3A%226.1%22%2C%22color%22%3A%22pink%22%2C%22custom_color%22%3A%22%23cec2ab%22%7D%2C%7B%22title%22%3A%22Est%C3%B3mago%22%2C%22value%22%3A%225.7%22%2C%22color%22%3A%22orange%22%2C%22custom_color%22%3A%22%23cec2ab%22%7D%2C%7B%22title%22%3A%22H%C3%ADgado%22%2C%22value%22%3A%224.7%22%2C%22color%22%3A%22mulled-wine%22%2C%22custom_color%22%3A%22%23cec2ab%22%7D%2C%7B%22title%22%3A%22Recto%22%2C%22value%22%3A%223.9%22%2C%22color%22%3A%22vista-blue%22%2C%22custom_color%22%3A%22%23cec2ab%22%7D%2C%7B%22title%22%3A%22Otros%20c%C3%A1ncer%22%2C%22value%22%3A%2249.5%22%2C%22color%22%3A%22chino%22%2C%22custom_color%22%3A%22%23cec2ab%22%7D%5D&#8221; title=&#8221;Tipos de c\u00e1ncer&#8221;]<div class=\"plethora_button wpb_content_element   text-left btn_block\">\r\n    <a href=\"http:\/\/drmauricioleon.net\/portal\/2020\/01\/22\/cancer-de-pulmon\/\" debug class=\" btn btn-secondary  \" title=\"\"  target=\"_self\">\r\n\r\n        \r\n        Ver C\u00e1ncer de pulm\u00f3n\r\n        \r\n\r\n    <\/a>\r\n<\/div><div class=\"ple_anypostloop_shortcode wpb_content_element  \"><div id=\"slider_5e29096e1b03e\" class=\"posts_slider_classic_horizontal_wrapper posts_slider_minimal ple_has_fadein \">   \r\n        <div class=\"posts_list_item  temas-de-interes higado   \" >\r\n        <div class=\"flex\">\r\n\r\n                    <a href=\"https:\/\/drmauricioleon.net\/portal\/2020\/01\/22\/cancer-de-higado\/\" title=\"C\u00e1ncer de H\u00edgado\" target=\"_parent\" class=\" post_list_item--img_link\">Leer m\u00e1s\r\n\r\n                <div class=\"posts_list_item_photo\" style=\"background-image: url('https:\/\/drmauricioleon.net\/portal\/wp-content\/uploads\/2020\/01\/cancer-higado.jpg')\"><\/div>\r\n\r\n                <\/a>\r\n\r\n                <div class=\"\">\r\n                    <div class=\"posts_list_item_content\">\r\n\r\n\r\n                        \r\n                            <h5 class=\"textify_links\">\r\n                                    <a href=\"https:\/\/drmauricioleon.net\/portal\/2020\/01\/22\/cancer-de-higado\/\" title=\"C\u00e1ncer de H\u00edgado\" target=\"_parent\" class=\"\">C\u00e1ncer de H\u00edgado<\/a>\r\n                            <\/h5>\r\n\r\n                         \r\n\r\n                        <p class=\"excerpt\">Debido a que el h\u00edgado se compone de distintos tipos de c\u00e9lulas, es posible que&hellip;<\/p>\r\n                        \r\n                            <a href=\"https:\/\/drmauricioleon.net\/portal\/2020\/01\/22\/cancer-de-higado\/\" title=\"C\u00e1ncer de H\u00edgado\" target=\"_parent\" class=\"btn btn-link \">Leer m\u00e1s<\/a>\r\n\r\n                    <\/div>\r\n                <\/div>\r\n        <\/div>        \r\n        <\/div>\r\n        <div class=\"posts_list_item  temas-de-interes prostata   \" >\r\n        <div class=\"flex\">\r\n\r\n                    <a href=\"https:\/\/drmauricioleon.net\/portal\/2020\/01\/22\/cancer-de-prostata\/\" title=\"C\u00e1ncer de Pr\u00f3stata\" target=\"_parent\" class=\" post_list_item--img_link\">Leer m\u00e1s\r\n\r\n                <div class=\"posts_list_item_photo\" style=\"background-image: url('https:\/\/drmauricioleon.net\/portal\/wp-content\/uploads\/2020\/01\/cancer-prostata.jpg')\"><\/div>\r\n\r\n                <\/a>\r\n\r\n                <div class=\"\">\r\n                    <div class=\"posts_list_item_content\">\r\n\r\n\r\n                        \r\n                            <h5 class=\"textify_links\">\r\n                                    <a href=\"https:\/\/drmauricioleon.net\/portal\/2020\/01\/22\/cancer-de-prostata\/\" title=\"C\u00e1ncer de Pr\u00f3stata\" target=\"_parent\" class=\"\">C\u00e1ncer de Pr\u00f3stata<\/a>\r\n                            <\/h5>\r\n\r\n                         \r\n\r\n                        <p class=\"excerpt\">arios tipos de c\u00e9lulas se encuentran en la pr\u00f3stata, pero casi todos los casos de&hellip;<\/p>\r\n                        \r\n                            <a href=\"https:\/\/drmauricioleon.net\/portal\/2020\/01\/22\/cancer-de-prostata\/\" title=\"C\u00e1ncer de Pr\u00f3stata\" target=\"_parent\" class=\"btn btn-link \">Leer m\u00e1s<\/a>\r\n\r\n                    <\/div>\r\n                <\/div>\r\n        <\/div>        \r\n        <\/div>\r\n        <div class=\"posts_list_item  temas-de-interes pulmon   \" >\r\n        <div class=\"flex\">\r\n\r\n                    <a href=\"https:\/\/drmauricioleon.net\/portal\/2020\/01\/22\/cancer-de-pulmon\/\" title=\"C\u00e1ncer de Pulm\u00f3n\" target=\"_parent\" class=\" post_list_item--img_link\">Leer m\u00e1s\r\n\r\n                <div class=\"posts_list_item_photo\" style=\"background-image: url('https:\/\/drmauricioleon.net\/portal\/wp-content\/uploads\/2020\/01\/cancer-pulmon.jpg')\"><\/div>\r\n\r\n                <\/a>\r\n\r\n                <div class=\"\">\r\n                    <div class=\"posts_list_item_content\">\r\n\r\n\r\n                        \r\n                            <h5 class=\"textify_links\">\r\n                                    <a href=\"https:\/\/drmauricioleon.net\/portal\/2020\/01\/22\/cancer-de-pulmon\/\" title=\"C\u00e1ncer de Pulm\u00f3n\" target=\"_parent\" class=\"\">C\u00e1ncer de Pulm\u00f3n<\/a>\r\n                            <\/h5>\r\n\r\n                         \r\n\r\n                        <p class=\"excerpt\">El c\u00e1ncer de pulm\u00f3n consiste en un crecimiento anormal de las c\u00e9lulas del pulm\u00f3n. La&hellip;<\/p>\r\n                        \r\n                            <a href=\"https:\/\/drmauricioleon.net\/portal\/2020\/01\/22\/cancer-de-pulmon\/\" title=\"C\u00e1ncer de Pulm\u00f3n\" target=\"_parent\" class=\"btn btn-link \">Leer m\u00e1s<\/a>\r\n\r\n                    <\/div>\r\n                <\/div>\r\n        <\/div>        \r\n        <\/div>\r\n        <div class=\"posts_list_item  temas-de-interes cancer colon   \" >\r\n        <div class=\"flex\">\r\n\r\n                    <a href=\"https:\/\/drmauricioleon.net\/portal\/2020\/01\/22\/cancer-de-colon\/\" title=\"C\u00e1ncer de Colon\" target=\"_parent\" class=\" post_list_item--img_link\">Leer m\u00e1s\r\n\r\n                <div class=\"posts_list_item_photo\" style=\"background-image: url('https:\/\/drmauricioleon.net\/portal\/wp-content\/uploads\/2020\/01\/cancer-colon.jpg')\"><\/div>\r\n\r\n                <\/a>\r\n\r\n                <div class=\"\">\r\n                    <div class=\"posts_list_item_content\">\r\n\r\n\r\n                        \r\n                            <h5 class=\"textify_links\">\r\n                                    <a href=\"https:\/\/drmauricioleon.net\/portal\/2020\/01\/22\/cancer-de-colon\/\" title=\"C\u00e1ncer de Colon\" target=\"_parent\" class=\"\">C\u00e1ncer de Colon<\/a>\r\n                            <\/h5>\r\n\r\n                         \r\n\r\n                        <p class=\"excerpt\">El c\u00e1ncer colorrectal se origina en el sistema digestivo, al que tambi\u00e9n se le conoce&hellip;<\/p>\r\n                        \r\n                            <a href=\"https:\/\/drmauricioleon.net\/portal\/2020\/01\/22\/cancer-de-colon\/\" title=\"C\u00e1ncer de Colon\" target=\"_parent\" class=\"btn btn-link \">Leer m\u00e1s<\/a>\r\n\r\n                    <\/div>\r\n                <\/div>\r\n        <\/div>        \r\n        <\/div>\r\n        <div class=\"posts_list_item  temas-de-interes cancer estomago   \" >\r\n        <div class=\"flex\">\r\n\r\n                    <a href=\"https:\/\/drmauricioleon.net\/portal\/2020\/01\/22\/cancer-de-estomago\/\" title=\"C\u00e1ncer de Est\u00f3mago\" target=\"_parent\" class=\" post_list_item--img_link\">Leer m\u00e1s\r\n\r\n                <div class=\"posts_list_item_photo\" style=\"background-image: url('https:\/\/drmauricioleon.net\/portal\/wp-content\/uploads\/2020\/01\/cancer-estomago.gif')\"><\/div>\r\n\r\n                <\/a>\r\n\r\n                <div class=\"\">\r\n                    <div class=\"posts_list_item_content\">\r\n\r\n\r\n                        \r\n                            <h5 class=\"textify_links\">\r\n                                    <a href=\"https:\/\/drmauricioleon.net\/portal\/2020\/01\/22\/cancer-de-estomago\/\" title=\"C\u00e1ncer de Est\u00f3mago\" target=\"_parent\" class=\"\">C\u00e1ncer de Est\u00f3mago<\/a>\r\n                            <\/h5>\r\n\r\n                         \r\n\r\n                        <p class=\"excerpt\">El c\u00e1ncer de est\u00f3mago se origina en la mucosa en la mayor\u00eda de las veces,&hellip;<\/p>\r\n                        \r\n                            <a href=\"https:\/\/drmauricioleon.net\/portal\/2020\/01\/22\/cancer-de-estomago\/\" title=\"C\u00e1ncer de Est\u00f3mago\" target=\"_parent\" class=\"btn btn-link \">Leer m\u00e1s<\/a>\r\n\r\n                    <\/div>\r\n                <\/div>\r\n        <\/div>        \r\n        <\/div>\r\n<\/div><\/div>[vc_hoverbox image=&#8221;2515&#8243; primary_title=&#8221;Auto Examen de Mama&#8221; hover_title=&#8221;Auto Examen de Mama&#8221; hover_btn_title=&#8221;Leer m\u00e1s&#8221; hover_add_button=&#8221;true&#8221; hover_btn_link=&#8221;url:https%3A%2F%2Fdrmauricioleon.net%2Fportal%2Fcancer-de-mama%2Fautoexamen%2F|||&#8221;]Instrucciones para practicar correctamente el autoexamen de mama<\/p>\n<p>[\/vc_hoverbox][\/vc_column][\/vc_row]<\/p>\n","protected":false},"excerpt":{"rendered":"<p>[vc_row full_width=&#8221;0&#8243; full_height=&#8221;0&#8243; sep_bottom=&#8221;separator_bottom sep_angled_positive_bottom&#8221; particles=&#8221;0&#8243;][vc_column width=&#8221;1\/2&#8243; margin=&#8221;margin_bottom_grid&#8221; offset=&#8221;vc_col-md-8&#8243;][vc_column_text] El t\u00e9rmino &#8220;c\u00e1ncer&#8221; se utiliza como el nombre general para referirse a un grupo de m\u00e1s de cien enfermedades en las cuales las c\u00e9lulas en una parte del cuerpo comienzan a crecer sin control. El cuerpo est\u00e1 compuesto por billones de c\u00e9lulas vivas. Las c\u00e9lulas normales [&hellip;]<\/p>\n","protected":false},"author":1,"featured_media":0,"parent":0,"menu_order":0,"comment_status":"closed","ping_status":"closed","template":"","meta":[],"yoast_head":"<!-- This site is optimized with the Yoast SEO plugin v18.3 - https:\/\/yoast.com\/wordpress\/plugins\/seo\/ -->\n<title>Sarcomas - Dr Mauricio Le\u00f3n<\/title>\n<meta name=\"robots\" content=\"index, follow, max-snippet:-1, max-image-preview:large, max-video-preview:-1\" \/>\n<link rel=\"canonical\" href=\"https:\/\/drmauricioleon.net\/portal\/sarcomas\/\" \/>\n<meta property=\"og:locale\" content=\"es_ES\" \/>\n<meta property=\"og:type\" content=\"article\" \/>\n<meta property=\"og:title\" content=\"Sarcomas - Dr Mauricio Le\u00f3n\" \/>\n<meta property=\"og:description\" content=\"[vc_row full_width=&#8221;0&#8243; full_height=&#8221;0&#8243; sep_bottom=&#8221;separator_bottom sep_angled_positive_bottom&#8221; particles=&#8221;0&#8243;][vc_column width=&#8221;1\/2&#8243; margin=&#8221;margin_bottom_grid&#8221; offset=&#8221;vc_col-md-8&#8243;][vc_column_text] El t\u00e9rmino &#8220;c\u00e1ncer&#8221; se utiliza como el nombre general para referirse a un grupo de m\u00e1s de cien enfermedades en las cuales las c\u00e9lulas en una parte del cuerpo comienzan a crecer sin control. El cuerpo est\u00e1 compuesto por billones de c\u00e9lulas vivas. Las c\u00e9lulas normales [&hellip;]\" \/>\n<meta property=\"og:url\" content=\"https:\/\/drmauricioleon.net\/portal\/sarcomas\/\" \/>\n<meta property=\"og:site_name\" content=\"Dr Mauricio Le\u00f3n\" \/>\n<meta property=\"article:publisher\" content=\"https:\/\/www.facebook.com\/Dr.mauricioleon\" \/>\n<meta property=\"article:modified_time\" content=\"2020-03-21T18:45:02+00:00\" \/>\n<meta property=\"og:image\" content=\"http:\/\/drmauricioleon.net\/portal\/wp-content\/uploads\/2020\/01\/tratamiento-cancer.jpg\" \/>\n<meta name=\"twitter:card\" content=\"summary_large_image\" \/>\n<meta name=\"twitter:site\" content=\"@drleonmauricio\" \/>\n<meta name=\"twitter:label1\" content=\"Est. reading time\" \/>\n\t<meta name=\"twitter:data1\" content=\"5 minutos\" \/>\n<script type=\"application\/ld+json\" class=\"yoast-schema-graph\">{\"@context\":\"https:\/\/schema.org\",\"@graph\":[{\"@type\":\"Organization\",\"@id\":\"https:\/\/drmauricioleon.net\/portal\/#organization\",\"name\":\"Dr. Mauricio Le\u00f3n\",\"url\":\"https:\/\/drmauricioleon.net\/portal\/\",\"sameAs\":[\"https:\/\/www.facebook.com\/Dr.mauricioleon\",\"https:\/\/www.linkedin.com\/in\/mauricio-le\u00f3n-rivera-ab525598\",\"http:\/\/www.youtube.com\/user\/centrodetector\",\"https:\/\/twitter.com\/drleonmauricio\"],\"logo\":{\"@type\":\"ImageObject\",\"@id\":\"https:\/\/drmauricioleon.net\/portal\/#logo\",\"inLanguage\":\"es-PE\",\"url\":\"https:\/\/drmauricioleon.net\/portal\/wp-content\/uploads\/2020\/01\/logo-drml-e1586281768776.png\",\"contentUrl\":\"https:\/\/drmauricioleon.net\/portal\/wp-content\/uploads\/2020\/01\/logo-drml-e1586281768776.png\",\"width\":220,\"height\":72,\"caption\":\"Dr. Mauricio Le\u00f3n\"},\"image\":{\"@id\":\"https:\/\/drmauricioleon.net\/portal\/#logo\"}},{\"@type\":\"WebSite\",\"@id\":\"https:\/\/drmauricioleon.net\/portal\/#website\",\"url\":\"https:\/\/drmauricioleon.net\/portal\/\",\"name\":\"Dr Mauricio Le\u00f3n\",\"description\":\"Cirujano general y onc\u00f3logo y sub especialista en tumores de Mamas, Tejidos Blandos y Piel. Es m\u00e9dico staff de la Cl\u00ednica Ricardo Palma y de Oncosalud.\",\"publisher\":{\"@id\":\"https:\/\/drmauricioleon.net\/portal\/#organization\"},\"potentialAction\":[{\"@type\":\"SearchAction\",\"target\":{\"@type\":\"EntryPoint\",\"urlTemplate\":\"https:\/\/drmauricioleon.net\/portal\/?s={search_term_string}\"},\"query-input\":\"required name=search_term_string\"}],\"inLanguage\":\"es-PE\"},{\"@type\":\"ImageObject\",\"@id\":\"https:\/\/drmauricioleon.net\/portal\/sarcomas\/#primaryimage\",\"inLanguage\":\"es-PE\",\"url\":\"http:\/\/drmauricioleon.net\/portal\/wp-content\/uploads\/2020\/01\/tratamiento-cancer.jpg\",\"contentUrl\":\"http:\/\/drmauricioleon.net\/portal\/wp-content\/uploads\/2020\/01\/tratamiento-cancer.jpg\"},{\"@type\":\"WebPage\",\"@id\":\"https:\/\/drmauricioleon.net\/portal\/sarcomas\/#webpage\",\"url\":\"https:\/\/drmauricioleon.net\/portal\/sarcomas\/\",\"name\":\"Sarcomas - Dr Mauricio Le\u00f3n\",\"isPartOf\":{\"@id\":\"https:\/\/drmauricioleon.net\/portal\/#website\"},\"primaryImageOfPage\":{\"@id\":\"https:\/\/drmauricioleon.net\/portal\/sarcomas\/#primaryimage\"},\"datePublished\":\"2020-02-14T00:34:17+00:00\",\"dateModified\":\"2020-03-21T18:45:02+00:00\",\"breadcrumb\":{\"@id\":\"https:\/\/drmauricioleon.net\/portal\/sarcomas\/#breadcrumb\"},\"inLanguage\":\"es-PE\",\"potentialAction\":[{\"@type\":\"ReadAction\",\"target\":[\"https:\/\/drmauricioleon.net\/portal\/sarcomas\/\"]}]},{\"@type\":\"BreadcrumbList\",\"@id\":\"https:\/\/drmauricioleon.net\/portal\/sarcomas\/#breadcrumb\",\"itemListElement\":[{\"@type\":\"ListItem\",\"position\":1,\"name\":\"Portada\",\"item\":\"https:\/\/drmauricioleon.net\/portal\/\"},{\"@type\":\"ListItem\",\"position\":2,\"name\":\"Sarcomas\"}]}]}<\/script>\n<!-- \/ Yoast SEO plugin. -->","yoast_head_json":{"title":"Sarcomas - Dr Mauricio Le\u00f3n","robots":{"index":"index","follow":"follow","max-snippet":"max-snippet:-1","max-image-preview":"max-image-preview:large","max-video-preview":"max-video-preview:-1"},"canonical":"https:\/\/drmauricioleon.net\/portal\/sarcomas\/","og_locale":"es_ES","og_type":"article","og_title":"Sarcomas - Dr Mauricio Le\u00f3n","og_description":"[vc_row full_width=&#8221;0&#8243; full_height=&#8221;0&#8243; sep_bottom=&#8221;separator_bottom sep_angled_positive_bottom&#8221; particles=&#8221;0&#8243;][vc_column width=&#8221;1\/2&#8243; margin=&#8221;margin_bottom_grid&#8221; offset=&#8221;vc_col-md-8&#8243;][vc_column_text] El t\u00e9rmino &#8220;c\u00e1ncer&#8221; se utiliza como el nombre general para referirse a un grupo de m\u00e1s de cien enfermedades en las cuales las c\u00e9lulas en una parte del cuerpo comienzan a crecer sin control. El cuerpo est\u00e1 compuesto por billones de c\u00e9lulas vivas. Las c\u00e9lulas normales [&hellip;]","og_url":"https:\/\/drmauricioleon.net\/portal\/sarcomas\/","og_site_name":"Dr Mauricio Le\u00f3n","article_publisher":"https:\/\/www.facebook.com\/Dr.mauricioleon","article_modified_time":"2020-03-21T18:45:02+00:00","og_image":[{"url":"http:\/\/drmauricioleon.net\/portal\/wp-content\/uploads\/2020\/01\/tratamiento-cancer.jpg"}],"twitter_card":"summary_large_image","twitter_site":"@drleonmauricio","twitter_misc":{"Est. reading time":"5 minutos"},"schema":{"@context":"https:\/\/schema.org","@graph":[{"@type":"Organization","@id":"https:\/\/drmauricioleon.net\/portal\/#organization","name":"Dr. Mauricio Le\u00f3n","url":"https:\/\/drmauricioleon.net\/portal\/","sameAs":["https:\/\/www.facebook.com\/Dr.mauricioleon","https:\/\/www.linkedin.com\/in\/mauricio-le\u00f3n-rivera-ab525598","http:\/\/www.youtube.com\/user\/centrodetector","https:\/\/twitter.com\/drleonmauricio"],"logo":{"@type":"ImageObject","@id":"https:\/\/drmauricioleon.net\/portal\/#logo","inLanguage":"es-PE","url":"https:\/\/drmauricioleon.net\/portal\/wp-content\/uploads\/2020\/01\/logo-drml-e1586281768776.png","contentUrl":"https:\/\/drmauricioleon.net\/portal\/wp-content\/uploads\/2020\/01\/logo-drml-e1586281768776.png","width":220,"height":72,"caption":"Dr. Mauricio Le\u00f3n"},"image":{"@id":"https:\/\/drmauricioleon.net\/portal\/#logo"}},{"@type":"WebSite","@id":"https:\/\/drmauricioleon.net\/portal\/#website","url":"https:\/\/drmauricioleon.net\/portal\/","name":"Dr Mauricio Le\u00f3n","description":"Cirujano general y onc\u00f3logo y sub especialista en tumores de Mamas, Tejidos Blandos y Piel. Es m\u00e9dico staff de la Cl\u00ednica Ricardo Palma y de Oncosalud.","publisher":{"@id":"https:\/\/drmauricioleon.net\/portal\/#organization"},"potentialAction":[{"@type":"SearchAction","target":{"@type":"EntryPoint","urlTemplate":"https:\/\/drmauricioleon.net\/portal\/?s={search_term_string}"},"query-input":"required name=search_term_string"}],"inLanguage":"es-PE"},{"@type":"ImageObject","@id":"https:\/\/drmauricioleon.net\/portal\/sarcomas\/#primaryimage","inLanguage":"es-PE","url":"http:\/\/drmauricioleon.net\/portal\/wp-content\/uploads\/2020\/01\/tratamiento-cancer.jpg","contentUrl":"http:\/\/drmauricioleon.net\/portal\/wp-content\/uploads\/2020\/01\/tratamiento-cancer.jpg"},{"@type":"WebPage","@id":"https:\/\/drmauricioleon.net\/portal\/sarcomas\/#webpage","url":"https:\/\/drmauricioleon.net\/portal\/sarcomas\/","name":"Sarcomas - Dr Mauricio Le\u00f3n","isPartOf":{"@id":"https:\/\/drmauricioleon.net\/portal\/#website"},"primaryImageOfPage":{"@id":"https:\/\/drmauricioleon.net\/portal\/sarcomas\/#primaryimage"},"datePublished":"2020-02-14T00:34:17+00:00","dateModified":"2020-03-21T18:45:02+00:00","breadcrumb":{"@id":"https:\/\/drmauricioleon.net\/portal\/sarcomas\/#breadcrumb"},"inLanguage":"es-PE","potentialAction":[{"@type":"ReadAction","target":["https:\/\/drmauricioleon.net\/portal\/sarcomas\/"]}]},{"@type":"BreadcrumbList","@id":"https:\/\/drmauricioleon.net\/portal\/sarcomas\/#breadcrumb","itemListElement":[{"@type":"ListItem","position":1,"name":"Portada","item":"https:\/\/drmauricioleon.net\/portal\/"},{"@type":"ListItem","position":2,"name":"Sarcomas"}]}]}},"_links":{"self":[{"href":"https:\/\/drmauricioleon.net\/portal\/wp-json\/wp\/v2\/pages\/2742"}],"collection":[{"href":"https:\/\/drmauricioleon.net\/portal\/wp-json\/wp\/v2\/pages"}],"about":[{"href":"https:\/\/drmauricioleon.net\/portal\/wp-json\/wp\/v2\/types\/page"}],"author":[{"embeddable":true,"href":"https:\/\/drmauricioleon.net\/portal\/wp-json\/wp\/v2\/users\/1"}],"replies":[{"embeddable":true,"href":"https:\/\/drmauricioleon.net\/portal\/wp-json\/wp\/v2\/comments?post=2742"}],"version-history":[{"count":2,"href":"https:\/\/drmauricioleon.net\/portal\/wp-json\/wp\/v2\/pages\/2742\/revisions"}],"predecessor-version":[{"id":3233,"href":"https:\/\/drmauricioleon.net\/portal\/wp-json\/wp\/v2\/pages\/2742\/revisions\/3233"}],"wp:attachment":[{"href":"https:\/\/drmauricioleon.net\/portal\/wp-json\/wp\/v2\/media?parent=2742"}],"curies":[{"name":"wp","href":"https:\/\/api.w.org\/{rel}","templated":true}]}}