{"id":2736,"date":"2020-02-14T00:24:07","date_gmt":"2020-02-14T00:24:07","guid":{"rendered":"https:\/\/drmauricioleon.net\/portal\/?page_id=2736"},"modified":"2020-03-02T17:26:06","modified_gmt":"2020-03-02T17:26:06","slug":"prevencion-del-cancer-de-piel","status":"publish","type":"page","link":"https:\/\/drmauricioleon.net\/portal\/cancer-de-piel\/prevencion-del-cancer-de-piel\/","title":{"rendered":"Prevenci\u00f3n del c\u00e1ncer de piel"},"content":{"rendered":"<p>[vc_row full_width=&#8221;0&#8243; full_height=&#8221;0&#8243; sep_bottom=&#8221;separator_bottom sep_angled_positive_bottom&#8221; particles=&#8221;0&#8243;][vc_column width=&#8221;1\/2&#8243; margin=&#8221;margin_bottom_grid&#8221; offset=&#8221;vc_col-md-8&#8243;][vc_column_text]<\/p>\n<p style=\"text-align: justify;\"><img loading=\"lazy\" class=\"wp-image-3111 size-full alignleft\" src=\"https:\/\/drmauricioleon.net\/portal\/wp-content\/uploads\/2020\/03\/mujer-protector-solar2.jpg\" alt=\"\" width=\"400\" height=\"379\" \/>Se recomienda en \u00e9pocas de verano, utilizar ropa de algod\u00f3n, manga larga, holgada y de colores claros, que cubran la mayor parte del cuerpo y fomentar el uso de sombreros de ala ancha o gorros con visera, lentes con filtro UV y sobre todo protector solar con FPS m\u00ednimo de 50.<\/p>\n<p style=\"text-align: justify;\">Adem\u00e1s de consumir agua, bebidas naturales y frutas del d\u00eda, sobre todo las que m\u00e1s hidratan como la pi\u00f1a, sand\u00eda o el mel\u00f3n.<\/p>\n<p>[\/vc_column_text][\/vc_column][vc_column width=&#8221;1\/2&#8243; offset=&#8221;vc_col-md-4&#8243;][vc_column_text]<img loading=\"lazy\" class=\"alignnone wp-image-3107 size-full\" src=\"https:\/\/drmauricioleon.net\/portal\/wp-content\/uploads\/2020\/03\/familia-piscina.jpg\" alt=\"\" width=\"480\" height=\"270\" srcset=\"https:\/\/drmauricioleon.net\/portal\/wp-content\/uploads\/2020\/03\/familia-piscina.jpg 480w, https:\/\/drmauricioleon.net\/portal\/wp-content\/uploads\/2020\/03\/familia-piscina-300x169.jpg 300w\" sizes=\"(max-width: 480px) 100vw, 480px\" \/>[\/vc_column_text][\/vc_column][\/vc_row]<\/p>\n","protected":false},"excerpt":{"rendered":"<p>[vc_row full_width=&#8221;0&#8243; full_height=&#8221;0&#8243; sep_bottom=&#8221;separator_bottom sep_angled_positive_bottom&#8221; particles=&#8221;0&#8243;][vc_column width=&#8221;1\/2&#8243; margin=&#8221;margin_bottom_grid&#8221; offset=&#8221;vc_col-md-8&#8243;][vc_column_text] Se recomienda en \u00e9pocas de verano, utilizar ropa de algod\u00f3n, manga larga, holgada y de colores claros, que cubran la mayor parte del cuerpo y fomentar el uso de sombreros de ala ancha o gorros con visera, lentes con filtro UV y sobre todo protector solar [&hellip;]<\/p>\n","protected":false},"author":1,"featured_media":0,"parent":2726,"menu_order":0,"comment_status":"closed","ping_status":"closed","template":"","meta":[],"yoast_head":"<!-- This site is optimized with the Yoast SEO plugin v18.3 - https:\/\/yoast.com\/wordpress\/plugins\/seo\/ -->\n<title>Prevenci\u00f3n del c\u00e1ncer de piel - Dr Mauricio Le\u00f3n<\/title>\n<meta name=\"robots\" content=\"index, follow, max-snippet:-1, max-image-preview:large, max-video-preview:-1\" \/>\n<link rel=\"canonical\" href=\"https:\/\/drmauricioleon.net\/portal\/cancer-de-piel\/prevencion-del-cancer-de-piel\/\" \/>\n<meta property=\"og:locale\" content=\"es_ES\" \/>\n<meta property=\"og:type\" content=\"article\" \/>\n<meta property=\"og:title\" content=\"Prevenci\u00f3n del c\u00e1ncer de piel - Dr Mauricio Le\u00f3n\" \/>\n<meta property=\"og:description\" content=\"[vc_row full_width=&#8221;0&#8243; full_height=&#8221;0&#8243; sep_bottom=&#8221;separator_bottom sep_angled_positive_bottom&#8221; particles=&#8221;0&#8243;][vc_column width=&#8221;1\/2&#8243; margin=&#8221;margin_bottom_grid&#8221; offset=&#8221;vc_col-md-8&#8243;][vc_column_text] Se recomienda en \u00e9pocas de verano, utilizar ropa de algod\u00f3n, manga larga, holgada y de colores claros, que cubran la mayor parte del cuerpo y fomentar el uso de sombreros de ala ancha o gorros con visera, lentes con filtro UV y sobre todo protector solar [&hellip;]\" \/>\n<meta property=\"og:url\" content=\"https:\/\/drmauricioleon.net\/portal\/cancer-de-piel\/prevencion-del-cancer-de-piel\/\" \/>\n<meta property=\"og:site_name\" content=\"Dr Mauricio Le\u00f3n\" \/>\n<meta property=\"article:publisher\" content=\"https:\/\/www.facebook.com\/Dr.mauricioleon\" \/>\n<meta property=\"article:modified_time\" content=\"2020-03-02T17:26:06+00:00\" \/>\n<meta property=\"og:image\" content=\"https:\/\/drmauricioleon.net\/portal\/wp-content\/uploads\/2020\/03\/mujer-protector-solar2.jpg\" \/>\n<meta name=\"twitter:card\" content=\"summary_large_image\" \/>\n<meta name=\"twitter:site\" content=\"@drleonmauricio\" \/>\n<meta name=\"twitter:label1\" content=\"Est. reading time\" \/>\n\t<meta name=\"twitter:data1\" content=\"1 minuto\" \/>\n<script type=\"application\/ld+json\" class=\"yoast-schema-graph\">{\"@context\":\"https:\/\/schema.org\",\"@graph\":[{\"@type\":\"Organization\",\"@id\":\"https:\/\/drmauricioleon.net\/portal\/#organization\",\"name\":\"Dr. Mauricio Le\u00f3n\",\"url\":\"https:\/\/drmauricioleon.net\/portal\/\",\"sameAs\":[\"https:\/\/www.facebook.com\/Dr.mauricioleon\",\"https:\/\/www.linkedin.com\/in\/mauricio-le\u00f3n-rivera-ab525598\",\"http:\/\/www.youtube.com\/user\/centrodetector\",\"https:\/\/twitter.com\/drleonmauricio\"],\"logo\":{\"@type\":\"ImageObject\",\"@id\":\"https:\/\/drmauricioleon.net\/portal\/#logo\",\"inLanguage\":\"es-PE\",\"url\":\"https:\/\/drmauricioleon.net\/portal\/wp-content\/uploads\/2020\/01\/logo-drml-e1586281768776.png\",\"contentUrl\":\"https:\/\/drmauricioleon.net\/portal\/wp-content\/uploads\/2020\/01\/logo-drml-e1586281768776.png\",\"width\":220,\"height\":72,\"caption\":\"Dr. Mauricio Le\u00f3n\"},\"image\":{\"@id\":\"https:\/\/drmauricioleon.net\/portal\/#logo\"}},{\"@type\":\"WebSite\",\"@id\":\"https:\/\/drmauricioleon.net\/portal\/#website\",\"url\":\"https:\/\/drmauricioleon.net\/portal\/\",\"name\":\"Dr Mauricio Le\u00f3n\",\"description\":\"Cirujano general y onc\u00f3logo y sub especialista en tumores de Mamas, Tejidos Blandos y Piel. Es m\u00e9dico staff de la Cl\u00ednica Ricardo Palma y de Oncosalud.\",\"publisher\":{\"@id\":\"https:\/\/drmauricioleon.net\/portal\/#organization\"},\"potentialAction\":[{\"@type\":\"SearchAction\",\"target\":{\"@type\":\"EntryPoint\",\"urlTemplate\":\"https:\/\/drmauricioleon.net\/portal\/?s={search_term_string}\"},\"query-input\":\"required name=search_term_string\"}],\"inLanguage\":\"es-PE\"},{\"@type\":\"ImageObject\",\"@id\":\"https:\/\/drmauricioleon.net\/portal\/cancer-de-piel\/prevencion-del-cancer-de-piel\/#primaryimage\",\"inLanguage\":\"es-PE\",\"url\":\"https:\/\/drmauricioleon.net\/portal\/wp-content\/uploads\/2020\/03\/mujer-protector-solar2.jpg\",\"contentUrl\":\"https:\/\/drmauricioleon.net\/portal\/wp-content\/uploads\/2020\/03\/mujer-protector-solar2.jpg\",\"width\":700,\"height\":479},{\"@type\":\"WebPage\",\"@id\":\"https:\/\/drmauricioleon.net\/portal\/cancer-de-piel\/prevencion-del-cancer-de-piel\/#webpage\",\"url\":\"https:\/\/drmauricioleon.net\/portal\/cancer-de-piel\/prevencion-del-cancer-de-piel\/\",\"name\":\"Prevenci\u00f3n del c\u00e1ncer de piel - Dr Mauricio Le\u00f3n\",\"isPartOf\":{\"@id\":\"https:\/\/drmauricioleon.net\/portal\/#website\"},\"primaryImageOfPage\":{\"@id\":\"https:\/\/drmauricioleon.net\/portal\/cancer-de-piel\/prevencion-del-cancer-de-piel\/#primaryimage\"},\"datePublished\":\"2020-02-14T00:24:07+00:00\",\"dateModified\":\"2020-03-02T17:26:06+00:00\",\"breadcrumb\":{\"@id\":\"https:\/\/drmauricioleon.net\/portal\/cancer-de-piel\/prevencion-del-cancer-de-piel\/#breadcrumb\"},\"inLanguage\":\"es-PE\",\"potentialAction\":[{\"@type\":\"ReadAction\",\"target\":[\"https:\/\/drmauricioleon.net\/portal\/cancer-de-piel\/prevencion-del-cancer-de-piel\/\"]}]},{\"@type\":\"BreadcrumbList\",\"@id\":\"https:\/\/drmauricioleon.net\/portal\/cancer-de-piel\/prevencion-del-cancer-de-piel\/#breadcrumb\",\"itemListElement\":[{\"@type\":\"ListItem\",\"position\":1,\"name\":\"Portada\",\"item\":\"https:\/\/drmauricioleon.net\/portal\/\"},{\"@type\":\"ListItem\",\"position\":2,\"name\":\"C\u00e1ncer de piel\",\"item\":\"https:\/\/drmauricioleon.net\/portal\/cancer-de-piel\/\"},{\"@type\":\"ListItem\",\"position\":3,\"name\":\"Prevenci\u00f3n del c\u00e1ncer de piel\"}]}]}<\/script>\n<!-- \/ Yoast SEO plugin. -->","yoast_head_json":{"title":"Prevenci\u00f3n del c\u00e1ncer de piel - Dr Mauricio Le\u00f3n","robots":{"index":"index","follow":"follow","max-snippet":"max-snippet:-1","max-image-preview":"max-image-preview:large","max-video-preview":"max-video-preview:-1"},"canonical":"https:\/\/drmauricioleon.net\/portal\/cancer-de-piel\/prevencion-del-cancer-de-piel\/","og_locale":"es_ES","og_type":"article","og_title":"Prevenci\u00f3n del c\u00e1ncer de piel - Dr Mauricio Le\u00f3n","og_description":"[vc_row full_width=&#8221;0&#8243; full_height=&#8221;0&#8243; sep_bottom=&#8221;separator_bottom sep_angled_positive_bottom&#8221; particles=&#8221;0&#8243;][vc_column width=&#8221;1\/2&#8243; margin=&#8221;margin_bottom_grid&#8221; offset=&#8221;vc_col-md-8&#8243;][vc_column_text] Se recomienda en \u00e9pocas de verano, utilizar ropa de algod\u00f3n, manga larga, holgada y de colores claros, que cubran la mayor parte del cuerpo y fomentar el uso de sombreros de ala ancha o gorros con visera, lentes con filtro UV y sobre todo protector solar [&hellip;]","og_url":"https:\/\/drmauricioleon.net\/portal\/cancer-de-piel\/prevencion-del-cancer-de-piel\/","og_site_name":"Dr Mauricio Le\u00f3n","article_publisher":"https:\/\/www.facebook.com\/Dr.mauricioleon","article_modified_time":"2020-03-02T17:26:06+00:00","og_image":[{"url":"https:\/\/drmauricioleon.net\/portal\/wp-content\/uploads\/2020\/03\/mujer-protector-solar2.jpg"}],"twitter_card":"summary_large_image","twitter_site":"@drleonmauricio","twitter_misc":{"Est. reading time":"1 minuto"},"schema":{"@context":"https:\/\/schema.org","@graph":[{"@type":"Organization","@id":"https:\/\/drmauricioleon.net\/portal\/#organization","name":"Dr. Mauricio Le\u00f3n","url":"https:\/\/drmauricioleon.net\/portal\/","sameAs":["https:\/\/www.facebook.com\/Dr.mauricioleon","https:\/\/www.linkedin.com\/in\/mauricio-le\u00f3n-rivera-ab525598","http:\/\/www.youtube.com\/user\/centrodetector","https:\/\/twitter.com\/drleonmauricio"],"logo":{"@type":"ImageObject","@id":"https:\/\/drmauricioleon.net\/portal\/#logo","inLanguage":"es-PE","url":"https:\/\/drmauricioleon.net\/portal\/wp-content\/uploads\/2020\/01\/logo-drml-e1586281768776.png","contentUrl":"https:\/\/drmauricioleon.net\/portal\/wp-content\/uploads\/2020\/01\/logo-drml-e1586281768776.png","width":220,"height":72,"caption":"Dr. Mauricio Le\u00f3n"},"image":{"@id":"https:\/\/drmauricioleon.net\/portal\/#logo"}},{"@type":"WebSite","@id":"https:\/\/drmauricioleon.net\/portal\/#website","url":"https:\/\/drmauricioleon.net\/portal\/","name":"Dr Mauricio Le\u00f3n","description":"Cirujano general y onc\u00f3logo y sub especialista en tumores de Mamas, Tejidos Blandos y Piel. Es m\u00e9dico staff de la Cl\u00ednica Ricardo Palma y de Oncosalud.","publisher":{"@id":"https:\/\/drmauricioleon.net\/portal\/#organization"},"potentialAction":[{"@type":"SearchAction","target":{"@type":"EntryPoint","urlTemplate":"https:\/\/drmauricioleon.net\/portal\/?s={search_term_string}"},"query-input":"required name=search_term_string"}],"inLanguage":"es-PE"},{"@type":"ImageObject","@id":"https:\/\/drmauricioleon.net\/portal\/cancer-de-piel\/prevencion-del-cancer-de-piel\/#primaryimage","inLanguage":"es-PE","url":"https:\/\/drmauricioleon.net\/portal\/wp-content\/uploads\/2020\/03\/mujer-protector-solar2.jpg","contentUrl":"https:\/\/drmauricioleon.net\/portal\/wp-content\/uploads\/2020\/03\/mujer-protector-solar2.jpg","width":700,"height":479},{"@type":"WebPage","@id":"https:\/\/drmauricioleon.net\/portal\/cancer-de-piel\/prevencion-del-cancer-de-piel\/#webpage","url":"https:\/\/drmauricioleon.net\/portal\/cancer-de-piel\/prevencion-del-cancer-de-piel\/","name":"Prevenci\u00f3n del c\u00e1ncer de piel - Dr Mauricio Le\u00f3n","isPartOf":{"@id":"https:\/\/drmauricioleon.net\/portal\/#website"},"primaryImageOfPage":{"@id":"https:\/\/drmauricioleon.net\/portal\/cancer-de-piel\/prevencion-del-cancer-de-piel\/#primaryimage"},"datePublished":"2020-02-14T00:24:07+00:00","dateModified":"2020-03-02T17:26:06+00:00","breadcrumb":{"@id":"https:\/\/drmauricioleon.net\/portal\/cancer-de-piel\/prevencion-del-cancer-de-piel\/#breadcrumb"},"inLanguage":"es-PE","potentialAction":[{"@type":"ReadAction","target":["https:\/\/drmauricioleon.net\/portal\/cancer-de-piel\/prevencion-del-cancer-de-piel\/"]}]},{"@type":"BreadcrumbList","@id":"https:\/\/drmauricioleon.net\/portal\/cancer-de-piel\/prevencion-del-cancer-de-piel\/#breadcrumb","itemListElement":[{"@type":"ListItem","position":1,"name":"Portada","item":"https:\/\/drmauricioleon.net\/portal\/"},{"@type":"ListItem","position":2,"name":"C\u00e1ncer de piel","item":"https:\/\/drmauricioleon.net\/portal\/cancer-de-piel\/"},{"@type":"ListItem","position":3,"name":"Prevenci\u00f3n del c\u00e1ncer de piel"}]}]}},"_links":{"self":[{"href":"https:\/\/drmauricioleon.net\/portal\/wp-json\/wp\/v2\/pages\/2736"}],"collection":[{"href":"https:\/\/drmauricioleon.net\/portal\/wp-json\/wp\/v2\/pages"}],"about":[{"href":"https:\/\/drmauricioleon.net\/portal\/wp-json\/wp\/v2\/types\/page"}],"author":[{"embeddable":true,"href":"https:\/\/drmauricioleon.net\/portal\/wp-json\/wp\/v2\/users\/1"}],"replies":[{"embeddable":true,"href":"https:\/\/drmauricioleon.net\/portal\/wp-json\/wp\/v2\/comments?post=2736"}],"version-history":[{"count":17,"href":"https:\/\/drmauricioleon.net\/portal\/wp-json\/wp\/v2\/pages\/2736\/revisions"}],"predecessor-version":[{"id":3114,"href":"https:\/\/drmauricioleon.net\/portal\/wp-json\/wp\/v2\/pages\/2736\/revisions\/3114"}],"up":[{"embeddable":true,"href":"https:\/\/drmauricioleon.net\/portal\/wp-json\/wp\/v2\/pages\/2726"}],"wp:attachment":[{"href":"https:\/\/drmauricioleon.net\/portal\/wp-json\/wp\/v2\/media?parent=2736"}],"curies":[{"name":"wp","href":"https:\/\/api.w.org\/{rel}","templated":true}]}}