{"id":2729,"date":"2020-02-14T00:18:18","date_gmt":"2020-02-14T00:18:18","guid":{"rendered":"https:\/\/drmauricioleon.net\/portal\/?page_id=2729"},"modified":"2020-03-02T17:03:26","modified_gmt":"2020-03-02T17:03:26","slug":"que-es-el-cancer-de-piel","status":"publish","type":"page","link":"https:\/\/drmauricioleon.net\/portal\/cancer-de-piel\/que-es-el-cancer-de-piel\/","title":{"rendered":"\u00bfQu\u00e9 es el c\u00e1ncer de piel?"},"content":{"rendered":"<p>[vc_row full_width=&#8221;0&#8243; full_height=&#8221;0&#8243; sep_bottom=&#8221;separator_bottom sep_angled_positive_bottom&#8221; particles=&#8221;0&#8243;][vc_column width=&#8221;1\/2&#8243; margin=&#8221;margin_bottom_grid&#8221; offset=&#8221;vc_col-md-8&#8243;][vc_column_text]<\/p>\n<p style=\"text-align: justify;\"><img loading=\"lazy\" class=\"size-medium wp-image-2875 alignleft\" src=\"https:\/\/drmauricioleon.net\/portal\/wp-content\/uploads\/2020\/02\/unspecified3-focus-0-0-983-557-300x170.jpg\" alt=\"\" width=\"300\" height=\"170\" srcset=\"https:\/\/drmauricioleon.net\/portal\/wp-content\/uploads\/2020\/02\/unspecified3-focus-0-0-983-557-300x170.jpg 300w, https:\/\/drmauricioleon.net\/portal\/wp-content\/uploads\/2020\/02\/unspecified3-focus-0-0-983-557-768x435.jpg 768w, https:\/\/drmauricioleon.net\/portal\/wp-content\/uploads\/2020\/02\/unspecified3-focus-0-0-983-557.jpg 983w\" sizes=\"(max-width: 300px) 100vw, 300px\" \/>El c\u00e1ncer de piel es el crecimiento anormal de las c\u00e9lulas de la piel. Se suele desarrollar en la piel expuesta al sol. Pero esta forma frecuente de c\u00e1ncer tambi\u00e9n puede ocurrir en zonas de piel que normalmente no est\u00e1n expuestas a la luz solar.<\/p>\n<p class=\"Normal1\">Existen tres tipos principales de c\u00e1ncer de piel: carcinoma basocelular, carcinoma espinocelular y melanoma.<\/p>\n<p>[\/vc_column_text][vc_separator][vc_column_text]<\/p>\n<h2>Tipos de c\u00e1ncer de piel<\/h2>\n<p>[\/vc_column_text][vc_tta_tabs][vc_tta_section title=&#8221;Carcinoma Basocelular&#8221; tab_id=&#8221;1581706318413-f82bfa19-ef9e&#8221;][vc_single_image image=&#8221;2932&#8243;][\/vc_tta_section][vc_tta_section title=&#8221;Carcinoma Espinocelular&#8221; tab_id=&#8221;1581706318532-c129b2d3-3dc0&#8243;][vc_single_image image=&#8221;2934&#8243;][\/vc_tta_section][vc_tta_section title=&#8221;melanoma&#8221; tab_id=&#8221;1581706413294-7b0869a8-5cc2&#8243;][vc_single_image image=&#8221;2933&#8243;][\/vc_tta_section][\/vc_tta_tabs][\/vc_column][vc_column width=&#8221;1\/2&#8243; offset=&#8221;vc_col-md-4&#8243;][vc_column_text]<img loading=\"lazy\" class=\"alignnone wp-image-2898\" src=\"https:\/\/drmauricioleon.net\/portal\/wp-content\/uploads\/2020\/02\/Beningno_Maligno-240x300.jpg\" alt=\"\" width=\"288\" height=\"361\" srcset=\"https:\/\/drmauricioleon.net\/portal\/wp-content\/uploads\/2020\/02\/Beningno_Maligno-240x300.jpg 240w, https:\/\/drmauricioleon.net\/portal\/wp-content\/uploads\/2020\/02\/Beningno_Maligno-820x1024.jpg 820w, https:\/\/drmauricioleon.net\/portal\/wp-content\/uploads\/2020\/02\/Beningno_Maligno-768x959.jpg 768w, https:\/\/drmauricioleon.net\/portal\/wp-content\/uploads\/2020\/02\/Beningno_Maligno.jpg 885w\" sizes=\"(max-width: 288px) 100vw, 288px\" \/>[\/vc_column_text][\/vc_column][\/vc_row]<\/p>\n","protected":false},"excerpt":{"rendered":"<p>[vc_row full_width=&#8221;0&#8243; full_height=&#8221;0&#8243; sep_bottom=&#8221;separator_bottom sep_angled_positive_bottom&#8221; particles=&#8221;0&#8243;][vc_column width=&#8221;1\/2&#8243; margin=&#8221;margin_bottom_grid&#8221; offset=&#8221;vc_col-md-8&#8243;][vc_column_text] El c\u00e1ncer de piel es el crecimiento anormal de las c\u00e9lulas de la piel. Se suele desarrollar en la piel expuesta al sol. Pero esta forma frecuente de c\u00e1ncer tambi\u00e9n puede ocurrir en zonas de piel que normalmente no est\u00e1n expuestas a la luz solar. Existen [&hellip;]<\/p>\n","protected":false},"author":1,"featured_media":0,"parent":2726,"menu_order":0,"comment_status":"closed","ping_status":"closed","template":"","meta":[],"yoast_head":"<!-- This site is optimized with the Yoast SEO plugin v18.3 - https:\/\/yoast.com\/wordpress\/plugins\/seo\/ -->\n<title>\u00bfQu\u00e9 es el c\u00e1ncer de piel? - Dr Mauricio Le\u00f3n<\/title>\n<meta name=\"robots\" content=\"index, follow, max-snippet:-1, max-image-preview:large, max-video-preview:-1\" \/>\n<link rel=\"canonical\" href=\"https:\/\/drmauricioleon.net\/portal\/cancer-de-piel\/que-es-el-cancer-de-piel\/\" \/>\n<meta property=\"og:locale\" content=\"es_ES\" \/>\n<meta property=\"og:type\" content=\"article\" \/>\n<meta property=\"og:title\" content=\"\u00bfQu\u00e9 es el c\u00e1ncer de piel? - Dr Mauricio Le\u00f3n\" \/>\n<meta property=\"og:description\" content=\"[vc_row full_width=&#8221;0&#8243; full_height=&#8221;0&#8243; sep_bottom=&#8221;separator_bottom sep_angled_positive_bottom&#8221; particles=&#8221;0&#8243;][vc_column width=&#8221;1\/2&#8243; margin=&#8221;margin_bottom_grid&#8221; offset=&#8221;vc_col-md-8&#8243;][vc_column_text] El c\u00e1ncer de piel es el crecimiento anormal de las c\u00e9lulas de la piel. Se suele desarrollar en la piel expuesta al sol. Pero esta forma frecuente de c\u00e1ncer tambi\u00e9n puede ocurrir en zonas de piel que normalmente no est\u00e1n expuestas a la luz solar. Existen [&hellip;]\" \/>\n<meta property=\"og:url\" content=\"https:\/\/drmauricioleon.net\/portal\/cancer-de-piel\/que-es-el-cancer-de-piel\/\" \/>\n<meta property=\"og:site_name\" content=\"Dr Mauricio Le\u00f3n\" \/>\n<meta property=\"article:publisher\" content=\"https:\/\/www.facebook.com\/Dr.mauricioleon\" \/>\n<meta property=\"article:modified_time\" content=\"2020-03-02T17:03:26+00:00\" \/>\n<meta property=\"og:image\" content=\"https:\/\/drmauricioleon.net\/portal\/wp-content\/uploads\/2020\/02\/unspecified3-focus-0-0-983-557-300x170.jpg\" \/>\n<meta name=\"twitter:card\" content=\"summary_large_image\" \/>\n<meta name=\"twitter:site\" content=\"@drleonmauricio\" \/>\n<meta name=\"twitter:label1\" content=\"Est. reading time\" \/>\n\t<meta name=\"twitter:data1\" content=\"1 minuto\" \/>\n<script type=\"application\/ld+json\" class=\"yoast-schema-graph\">{\"@context\":\"https:\/\/schema.org\",\"@graph\":[{\"@type\":\"Organization\",\"@id\":\"https:\/\/drmauricioleon.net\/portal\/#organization\",\"name\":\"Dr. Mauricio Le\u00f3n\",\"url\":\"https:\/\/drmauricioleon.net\/portal\/\",\"sameAs\":[\"https:\/\/www.facebook.com\/Dr.mauricioleon\",\"https:\/\/www.linkedin.com\/in\/mauricio-le\u00f3n-rivera-ab525598\",\"http:\/\/www.youtube.com\/user\/centrodetector\",\"https:\/\/twitter.com\/drleonmauricio\"],\"logo\":{\"@type\":\"ImageObject\",\"@id\":\"https:\/\/drmauricioleon.net\/portal\/#logo\",\"inLanguage\":\"es-PE\",\"url\":\"https:\/\/drmauricioleon.net\/portal\/wp-content\/uploads\/2020\/01\/logo-drml-e1586281768776.png\",\"contentUrl\":\"https:\/\/drmauricioleon.net\/portal\/wp-content\/uploads\/2020\/01\/logo-drml-e1586281768776.png\",\"width\":220,\"height\":72,\"caption\":\"Dr. Mauricio Le\u00f3n\"},\"image\":{\"@id\":\"https:\/\/drmauricioleon.net\/portal\/#logo\"}},{\"@type\":\"WebSite\",\"@id\":\"https:\/\/drmauricioleon.net\/portal\/#website\",\"url\":\"https:\/\/drmauricioleon.net\/portal\/\",\"name\":\"Dr Mauricio Le\u00f3n\",\"description\":\"Cirujano general y onc\u00f3logo y sub especialista en tumores de Mamas, Tejidos Blandos y Piel. Es m\u00e9dico staff de la Cl\u00ednica Ricardo Palma y de Oncosalud.\",\"publisher\":{\"@id\":\"https:\/\/drmauricioleon.net\/portal\/#organization\"},\"potentialAction\":[{\"@type\":\"SearchAction\",\"target\":{\"@type\":\"EntryPoint\",\"urlTemplate\":\"https:\/\/drmauricioleon.net\/portal\/?s={search_term_string}\"},\"query-input\":\"required name=search_term_string\"}],\"inLanguage\":\"es-PE\"},{\"@type\":\"ImageObject\",\"@id\":\"https:\/\/drmauricioleon.net\/portal\/cancer-de-piel\/que-es-el-cancer-de-piel\/#primaryimage\",\"inLanguage\":\"es-PE\",\"url\":\"https:\/\/drmauricioleon.net\/portal\/wp-content\/uploads\/2020\/02\/unspecified3-focus-0-0-983-557.jpg\",\"contentUrl\":\"https:\/\/drmauricioleon.net\/portal\/wp-content\/uploads\/2020\/02\/unspecified3-focus-0-0-983-557.jpg\",\"width\":983,\"height\":557},{\"@type\":\"WebPage\",\"@id\":\"https:\/\/drmauricioleon.net\/portal\/cancer-de-piel\/que-es-el-cancer-de-piel\/#webpage\",\"url\":\"https:\/\/drmauricioleon.net\/portal\/cancer-de-piel\/que-es-el-cancer-de-piel\/\",\"name\":\"\u00bfQu\u00e9 es el c\u00e1ncer de piel? - Dr Mauricio Le\u00f3n\",\"isPartOf\":{\"@id\":\"https:\/\/drmauricioleon.net\/portal\/#website\"},\"primaryImageOfPage\":{\"@id\":\"https:\/\/drmauricioleon.net\/portal\/cancer-de-piel\/que-es-el-cancer-de-piel\/#primaryimage\"},\"datePublished\":\"2020-02-14T00:18:18+00:00\",\"dateModified\":\"2020-03-02T17:03:26+00:00\",\"breadcrumb\":{\"@id\":\"https:\/\/drmauricioleon.net\/portal\/cancer-de-piel\/que-es-el-cancer-de-piel\/#breadcrumb\"},\"inLanguage\":\"es-PE\",\"potentialAction\":[{\"@type\":\"ReadAction\",\"target\":[\"https:\/\/drmauricioleon.net\/portal\/cancer-de-piel\/que-es-el-cancer-de-piel\/\"]}]},{\"@type\":\"BreadcrumbList\",\"@id\":\"https:\/\/drmauricioleon.net\/portal\/cancer-de-piel\/que-es-el-cancer-de-piel\/#breadcrumb\",\"itemListElement\":[{\"@type\":\"ListItem\",\"position\":1,\"name\":\"Portada\",\"item\":\"https:\/\/drmauricioleon.net\/portal\/\"},{\"@type\":\"ListItem\",\"position\":2,\"name\":\"C\u00e1ncer de piel\",\"item\":\"https:\/\/drmauricioleon.net\/portal\/cancer-de-piel\/\"},{\"@type\":\"ListItem\",\"position\":3,\"name\":\"\u00bfQu\u00e9 es el c\u00e1ncer de piel?\"}]}]}<\/script>\n<!-- \/ Yoast SEO plugin. -->","yoast_head_json":{"title":"\u00bfQu\u00e9 es el c\u00e1ncer de piel? - Dr Mauricio Le\u00f3n","robots":{"index":"index","follow":"follow","max-snippet":"max-snippet:-1","max-image-preview":"max-image-preview:large","max-video-preview":"max-video-preview:-1"},"canonical":"https:\/\/drmauricioleon.net\/portal\/cancer-de-piel\/que-es-el-cancer-de-piel\/","og_locale":"es_ES","og_type":"article","og_title":"\u00bfQu\u00e9 es el c\u00e1ncer de piel? - Dr Mauricio Le\u00f3n","og_description":"[vc_row full_width=&#8221;0&#8243; full_height=&#8221;0&#8243; sep_bottom=&#8221;separator_bottom sep_angled_positive_bottom&#8221; particles=&#8221;0&#8243;][vc_column width=&#8221;1\/2&#8243; margin=&#8221;margin_bottom_grid&#8221; offset=&#8221;vc_col-md-8&#8243;][vc_column_text] El c\u00e1ncer de piel es el crecimiento anormal de las c\u00e9lulas de la piel. Se suele desarrollar en la piel expuesta al sol. Pero esta forma frecuente de c\u00e1ncer tambi\u00e9n puede ocurrir en zonas de piel que normalmente no est\u00e1n expuestas a la luz solar. Existen [&hellip;]","og_url":"https:\/\/drmauricioleon.net\/portal\/cancer-de-piel\/que-es-el-cancer-de-piel\/","og_site_name":"Dr Mauricio Le\u00f3n","article_publisher":"https:\/\/www.facebook.com\/Dr.mauricioleon","article_modified_time":"2020-03-02T17:03:26+00:00","og_image":[{"url":"https:\/\/drmauricioleon.net\/portal\/wp-content\/uploads\/2020\/02\/unspecified3-focus-0-0-983-557-300x170.jpg"}],"twitter_card":"summary_large_image","twitter_site":"@drleonmauricio","twitter_misc":{"Est. reading time":"1 minuto"},"schema":{"@context":"https:\/\/schema.org","@graph":[{"@type":"Organization","@id":"https:\/\/drmauricioleon.net\/portal\/#organization","name":"Dr. Mauricio Le\u00f3n","url":"https:\/\/drmauricioleon.net\/portal\/","sameAs":["https:\/\/www.facebook.com\/Dr.mauricioleon","https:\/\/www.linkedin.com\/in\/mauricio-le\u00f3n-rivera-ab525598","http:\/\/www.youtube.com\/user\/centrodetector","https:\/\/twitter.com\/drleonmauricio"],"logo":{"@type":"ImageObject","@id":"https:\/\/drmauricioleon.net\/portal\/#logo","inLanguage":"es-PE","url":"https:\/\/drmauricioleon.net\/portal\/wp-content\/uploads\/2020\/01\/logo-drml-e1586281768776.png","contentUrl":"https:\/\/drmauricioleon.net\/portal\/wp-content\/uploads\/2020\/01\/logo-drml-e1586281768776.png","width":220,"height":72,"caption":"Dr. Mauricio Le\u00f3n"},"image":{"@id":"https:\/\/drmauricioleon.net\/portal\/#logo"}},{"@type":"WebSite","@id":"https:\/\/drmauricioleon.net\/portal\/#website","url":"https:\/\/drmauricioleon.net\/portal\/","name":"Dr Mauricio Le\u00f3n","description":"Cirujano general y onc\u00f3logo y sub especialista en tumores de Mamas, Tejidos Blandos y Piel. Es m\u00e9dico staff de la Cl\u00ednica Ricardo Palma y de Oncosalud.","publisher":{"@id":"https:\/\/drmauricioleon.net\/portal\/#organization"},"potentialAction":[{"@type":"SearchAction","target":{"@type":"EntryPoint","urlTemplate":"https:\/\/drmauricioleon.net\/portal\/?s={search_term_string}"},"query-input":"required name=search_term_string"}],"inLanguage":"es-PE"},{"@type":"ImageObject","@id":"https:\/\/drmauricioleon.net\/portal\/cancer-de-piel\/que-es-el-cancer-de-piel\/#primaryimage","inLanguage":"es-PE","url":"https:\/\/drmauricioleon.net\/portal\/wp-content\/uploads\/2020\/02\/unspecified3-focus-0-0-983-557.jpg","contentUrl":"https:\/\/drmauricioleon.net\/portal\/wp-content\/uploads\/2020\/02\/unspecified3-focus-0-0-983-557.jpg","width":983,"height":557},{"@type":"WebPage","@id":"https:\/\/drmauricioleon.net\/portal\/cancer-de-piel\/que-es-el-cancer-de-piel\/#webpage","url":"https:\/\/drmauricioleon.net\/portal\/cancer-de-piel\/que-es-el-cancer-de-piel\/","name":"\u00bfQu\u00e9 es el c\u00e1ncer de piel? - Dr Mauricio Le\u00f3n","isPartOf":{"@id":"https:\/\/drmauricioleon.net\/portal\/#website"},"primaryImageOfPage":{"@id":"https:\/\/drmauricioleon.net\/portal\/cancer-de-piel\/que-es-el-cancer-de-piel\/#primaryimage"},"datePublished":"2020-02-14T00:18:18+00:00","dateModified":"2020-03-02T17:03:26+00:00","breadcrumb":{"@id":"https:\/\/drmauricioleon.net\/portal\/cancer-de-piel\/que-es-el-cancer-de-piel\/#breadcrumb"},"inLanguage":"es-PE","potentialAction":[{"@type":"ReadAction","target":["https:\/\/drmauricioleon.net\/portal\/cancer-de-piel\/que-es-el-cancer-de-piel\/"]}]},{"@type":"BreadcrumbList","@id":"https:\/\/drmauricioleon.net\/portal\/cancer-de-piel\/que-es-el-cancer-de-piel\/#breadcrumb","itemListElement":[{"@type":"ListItem","position":1,"name":"Portada","item":"https:\/\/drmauricioleon.net\/portal\/"},{"@type":"ListItem","position":2,"name":"C\u00e1ncer de piel","item":"https:\/\/drmauricioleon.net\/portal\/cancer-de-piel\/"},{"@type":"ListItem","position":3,"name":"\u00bfQu\u00e9 es el c\u00e1ncer de piel?"}]}]}},"_links":{"self":[{"href":"https:\/\/drmauricioleon.net\/portal\/wp-json\/wp\/v2\/pages\/2729"}],"collection":[{"href":"https:\/\/drmauricioleon.net\/portal\/wp-json\/wp\/v2\/pages"}],"about":[{"href":"https:\/\/drmauricioleon.net\/portal\/wp-json\/wp\/v2\/types\/page"}],"author":[{"embeddable":true,"href":"https:\/\/drmauricioleon.net\/portal\/wp-json\/wp\/v2\/users\/1"}],"replies":[{"embeddable":true,"href":"https:\/\/drmauricioleon.net\/portal\/wp-json\/wp\/v2\/comments?post=2729"}],"version-history":[{"count":13,"href":"https:\/\/drmauricioleon.net\/portal\/wp-json\/wp\/v2\/pages\/2729\/revisions"}],"predecessor-version":[{"id":3103,"href":"https:\/\/drmauricioleon.net\/portal\/wp-json\/wp\/v2\/pages\/2729\/revisions\/3103"}],"up":[{"embeddable":true,"href":"https:\/\/drmauricioleon.net\/portal\/wp-json\/wp\/v2\/pages\/2726"}],"wp:attachment":[{"href":"https:\/\/drmauricioleon.net\/portal\/wp-json\/wp\/v2\/media?parent=2729"}],"curies":[{"name":"wp","href":"https:\/\/api.w.org\/{rel}","templated":true}]}}