{"id":2714,"date":"2020-02-13T23:50:35","date_gmt":"2020-02-13T23:50:35","guid":{"rendered":"https:\/\/drmauricioleon.net\/portal\/?page_id=2714"},"modified":"2020-03-21T18:35:52","modified_gmt":"2020-03-21T18:35:52","slug":"patologias-benignas-de-la-mama","status":"publish","type":"page","link":"https:\/\/drmauricioleon.net\/portal\/cancer-de-mama\/patologias-benignas-de-la-mama\/","title":{"rendered":"Patolog\u00edas benignas de la mama"},"content":{"rendered":"<p>[vc_row full_width=&#8221;0&#8243; full_height=&#8221;0&#8243; sep_bottom=&#8221;separator_bottom sep_angled_positive_bottom&#8221; particles=&#8221;0&#8243;][vc_column width=&#8221;1\/2&#8243; margin=&#8221;margin_bottom_grid&#8221; offset=&#8221;vc_col-md-8&#8243;][vc_column_text]<\/p>\n<p style=\"text-align: justify;\">El diagn\u00f3stico de la patolog\u00eda mamaria se basa en la sintomatolog\u00eda, la palpaci\u00f3n, la<\/p>\n<p>mamograf\u00eda y la biopsia. A continuaci\u00f3n, compartimos informaci\u00f3n de algunas lesiones benignas:<\/p>\n<p><strong><img loading=\"lazy\" class=\"size-full wp-image-2920 alignleft\" src=\"https:\/\/drmauricioleon.net\/portal\/wp-content\/uploads\/2020\/02\/Fibroadenomas.jpg\" alt=\"\" width=\"263\" height=\"192\" \/>Fibroadenomas<\/strong><\/p>\n<p>Esta clase de tumores no constituye una enfermedad propiamente dicha, sino tan s\u00f3lo un crecimiento mayor de algunas zonas de la mama. Son especialmente frecuentes en mujeres menores de treinta a\u00f1os, y se considera el tumor mamario m\u00e1s frecuente antes de la menopausia. Est\u00e1 relacionado con cambios hormonales en la mujer, y no hay relaci\u00f3n clara con el uso de anticonceptivos orales. Es muy rara su transformaci\u00f3n maligna. Casi nunca duelen, y su crecimiento suele ser lento. Son muy redondeados, tienen mucha movilidad dentro de la mama y pueden diagnosticarse mediante una combinaci\u00f3n de exploraci\u00f3n cl\u00ednica, mamograf\u00edas, ecograf\u00edas y punci\u00f3n y aspiraci\u00f3n de c\u00e9lulas con aguja fina.<\/p>\n<p>&nbsp;<\/p>\n<p><strong>Quistes<\/strong><\/p>\n<p>Los quistes son bultos lisos y m\u00f3viles. En algunos casos, su especial tama\u00f1o los hace visibles con la simple observaci\u00f3n. Pueden resultar dolorosos. Son m\u00e1s frecuentes en mujeres entre 40 y 50 a\u00f1os (es decir, pr\u00f3ximas a la menopausia).<\/p>\n<p>Se diagnostican mediante mamograf\u00edas, ecograf\u00edas o punzando con una aguja en el tumor. El l\u00edquido extra\u00eddo de los quistes presenta diferentes colores: desde el amarillo al azul oscuro, pasando por el verde. Estos l\u00edquidos suelen ser analizados tras su extracci\u00f3n para comprobar el tipo de quiste y su car\u00e1cter benigno o maligno.<\/p>\n<p>&nbsp;<\/p>\n<p><strong><img loading=\"lazy\" class=\"size-full wp-image-2919 alignright\" src=\"https:\/\/drmauricioleon.net\/portal\/wp-content\/uploads\/2020\/02\/quiste.jpg\" alt=\"\" width=\"298\" height=\"169\" \/>Mastopat\u00eda fibroqu\u00edstica<\/strong><\/p>\n<p>Es la enfermedad m\u00e1s frecuente en la mama de las mujeres premenop\u00e1usicas. Tiene un origen hormonal y los s\u00edntomas que presenta suelen ser: dolor mamario, que puede estar o no relacionado con la menstruaci\u00f3n; secreciones por el pez\u00f3n; palpaci\u00f3n de zonas m\u00e1s o menos irregulares o densas en las mamas, mal delimitadas, y por lo general, con sensaci\u00f3n de palpar peque\u00f1os bultos. Es tambi\u00e9n una enfermedad benigna y su diagn\u00f3stico, adem\u00e1s de hacerse por examen cl\u00ednico se complementa con mamograf\u00edas y punciones con aguja.<\/p>\n<p>&nbsp;<\/p>\n<p><strong>\u00bfQu\u00e9 es un tumor benigno?<\/strong><\/p>\n<p>Podemos considerar de manera general que tumor, bulto y n\u00f3dulo son palabras con el mismo significado, por lo que, en un lenguaje m\u00e1s simple, vamos a referirnos a los bultos que aparecen en la mama. La mayor\u00eda de estos bultos no son de naturaleza cancerosa o maligna. Gran parte de las mujeres tienen bultos en la mama y muchos de ellos, incluso detectados por ellas mismas, son zonas de tejido normal de la mama que pueden hacerse m\u00e1s visibles o aparentes justo antes de la regla.<\/p>\n<p><img loading=\"lazy\" class=\"size-medium wp-image-2880 alignleft\" src=\"https:\/\/drmauricioleon.net\/portal\/wp-content\/uploads\/2020\/02\/Tumoresbenignos-300x200.jpg\" alt=\"\" width=\"300\" height=\"200\" srcset=\"https:\/\/drmauricioleon.net\/portal\/wp-content\/uploads\/2020\/02\/Tumoresbenignos-300x200.jpg 300w, https:\/\/drmauricioleon.net\/portal\/wp-content\/uploads\/2020\/02\/Tumoresbenignos.jpg 480w\" sizes=\"(max-width: 300px) 100vw, 300px\" \/>Podemos distinguir muchas variedades de tumoraciones benignas de la mama, seg\u00fan sea la zona o tejido del que procedan. Los tipos m\u00e1s frecuentes son: fibroadenomas, quistes y mastopat\u00eda fibroqu\u00edstica.<\/p>\n<p>&nbsp;<\/p>\n<p><strong>Otros tumores:<\/strong><\/p>\n<p>Podemos nombrar otros tumores o enfermedades que pueden aparecer como bultos en las mamas, y que pueden resultar m\u00e1s o menos benignos: papilomas, adenomas, tumor filodes, hamartoma, ginecomastia, lipomas, leiomiomas, hemangiomas.<\/p>\n<p>&nbsp;<\/p>\n<p><strong>\u00bfQu\u00e9 hacer ante un bulto en la mama?<\/strong><\/p>\n<p>Como hemos dicho, no todos los n\u00f3dulos mamarios van a comportarse como un c\u00e1ncer. Por eso, lo fundamental es no perder la calma y acudir cuanto antes al mast\u00f3logo. Ellos recomendar\u00e1n las pruebas necesarias para el diagn\u00f3stico correcto de la patolog\u00eda. Una vez hecho este diagn\u00f3stico, nos informar\u00e1n sobre el tratamiento m\u00e1s apropiado que, en ocasiones, puede no ser necesariamente la cirug\u00eda.[\/vc_column_text][\/vc_column][vc_column width=&#8221;1\/2&#8243; offset=&#8221;vc_col-md-4&#8243;][vc_column_text]<img loading=\"lazy\" class=\"alignnone wp-image-2881\" src=\"https:\/\/drmauricioleon.net\/portal\/wp-content\/uploads\/2020\/02\/Estadios-300x128.png\" alt=\"\" width=\"380\" height=\"162\" srcset=\"https:\/\/drmauricioleon.net\/portal\/wp-content\/uploads\/2020\/02\/Estadios-300x128.png 300w, https:\/\/drmauricioleon.net\/portal\/wp-content\/uploads\/2020\/02\/Estadios-1024x435.png 1024w, https:\/\/drmauricioleon.net\/portal\/wp-content\/uploads\/2020\/02\/Estadios-768x326.png 768w, https:\/\/drmauricioleon.net\/portal\/wp-content\/uploads\/2020\/02\/Estadios-1536x653.png 1536w, https:\/\/drmauricioleon.net\/portal\/wp-content\/uploads\/2020\/02\/Estadios-2048x870.png 2048w\" sizes=\"(max-width: 380px) 100vw, 380px\" \/>[\/vc_column_text]<div class=\"plethora_button wpb_content_element   text-left btn_block\">\r\n    <a href=\"http:\/\/drmauricioleon.net\/portal\/2020\/01\/22\/cancer-de-pulmon\/\" debug class=\" btn btn-secondary  \" title=\"\"  target=\"_self\">\r\n\r\n        \r\n        Ver C\u00e1ncer de pulm\u00f3n\r\n        \r\n\r\n    <\/a>\r\n<\/div><div class=\"ple_anypostloop_shortcode wpb_content_element  \"><div id=\"slider_5e29096e1b03e\" class=\"posts_slider_classic_horizontal_wrapper posts_slider_minimal ple_has_fadein \">   \r\n        <div class=\"posts_list_item  temas-de-interes higado   \" >\r\n        <div class=\"flex\">\r\n\r\n                    <a href=\"https:\/\/drmauricioleon.net\/portal\/2020\/01\/22\/cancer-de-higado\/\" title=\"C\u00e1ncer de H\u00edgado\" target=\"_parent\" class=\" post_list_item--img_link\">Leer m\u00e1s\r\n\r\n                <div class=\"posts_list_item_photo\" style=\"background-image: url('https:\/\/drmauricioleon.net\/portal\/wp-content\/uploads\/2020\/01\/cancer-higado.jpg')\"><\/div>\r\n\r\n                <\/a>\r\n\r\n                <div class=\"\">\r\n                    <div class=\"posts_list_item_content\">\r\n\r\n\r\n                        \r\n                            <h5 class=\"textify_links\">\r\n                                    <a href=\"https:\/\/drmauricioleon.net\/portal\/2020\/01\/22\/cancer-de-higado\/\" title=\"C\u00e1ncer de H\u00edgado\" target=\"_parent\" class=\"\">C\u00e1ncer de H\u00edgado<\/a>\r\n                            <\/h5>\r\n\r\n                         \r\n\r\n                        <p class=\"excerpt\">Debido a que el h\u00edgado se compone de distintos tipos de c\u00e9lulas, es posible que&hellip;<\/p>\r\n                        \r\n                            <a href=\"https:\/\/drmauricioleon.net\/portal\/2020\/01\/22\/cancer-de-higado\/\" title=\"C\u00e1ncer de H\u00edgado\" target=\"_parent\" class=\"btn btn-link \">Leer m\u00e1s<\/a>\r\n\r\n                    <\/div>\r\n                <\/div>\r\n        <\/div>        \r\n        <\/div>\r\n        <div class=\"posts_list_item  temas-de-interes prostata   \" >\r\n        <div class=\"flex\">\r\n\r\n                    <a href=\"https:\/\/drmauricioleon.net\/portal\/2020\/01\/22\/cancer-de-prostata\/\" title=\"C\u00e1ncer de Pr\u00f3stata\" target=\"_parent\" class=\" post_list_item--img_link\">Leer m\u00e1s\r\n\r\n                <div class=\"posts_list_item_photo\" style=\"background-image: url('https:\/\/drmauricioleon.net\/portal\/wp-content\/uploads\/2020\/01\/cancer-prostata.jpg')\"><\/div>\r\n\r\n                <\/a>\r\n\r\n                <div class=\"\">\r\n                    <div class=\"posts_list_item_content\">\r\n\r\n\r\n                        \r\n                            <h5 class=\"textify_links\">\r\n                                    <a href=\"https:\/\/drmauricioleon.net\/portal\/2020\/01\/22\/cancer-de-prostata\/\" title=\"C\u00e1ncer de Pr\u00f3stata\" target=\"_parent\" class=\"\">C\u00e1ncer de Pr\u00f3stata<\/a>\r\n                            <\/h5>\r\n\r\n                         \r\n\r\n                        <p class=\"excerpt\">arios tipos de c\u00e9lulas se encuentran en la pr\u00f3stata, pero casi todos los casos de&hellip;<\/p>\r\n                        \r\n                            <a href=\"https:\/\/drmauricioleon.net\/portal\/2020\/01\/22\/cancer-de-prostata\/\" title=\"C\u00e1ncer de Pr\u00f3stata\" target=\"_parent\" class=\"btn btn-link \">Leer m\u00e1s<\/a>\r\n\r\n                    <\/div>\r\n                <\/div>\r\n        <\/div>        \r\n        <\/div>\r\n        <div class=\"posts_list_item  temas-de-interes pulmon   \" >\r\n        <div class=\"flex\">\r\n\r\n                    <a href=\"https:\/\/drmauricioleon.net\/portal\/2020\/01\/22\/cancer-de-pulmon\/\" title=\"C\u00e1ncer de Pulm\u00f3n\" target=\"_parent\" class=\" post_list_item--img_link\">Leer m\u00e1s\r\n\r\n                <div class=\"posts_list_item_photo\" style=\"background-image: url('https:\/\/drmauricioleon.net\/portal\/wp-content\/uploads\/2020\/01\/cancer-pulmon.jpg')\"><\/div>\r\n\r\n                <\/a>\r\n\r\n                <div class=\"\">\r\n                    <div class=\"posts_list_item_content\">\r\n\r\n\r\n                        \r\n                            <h5 class=\"textify_links\">\r\n                                    <a href=\"https:\/\/drmauricioleon.net\/portal\/2020\/01\/22\/cancer-de-pulmon\/\" title=\"C\u00e1ncer de Pulm\u00f3n\" target=\"_parent\" class=\"\">C\u00e1ncer de Pulm\u00f3n<\/a>\r\n                            <\/h5>\r\n\r\n                         \r\n\r\n                        <p class=\"excerpt\">El c\u00e1ncer de pulm\u00f3n consiste en un crecimiento anormal de las c\u00e9lulas del pulm\u00f3n. La&hellip;<\/p>\r\n                        \r\n                            <a href=\"https:\/\/drmauricioleon.net\/portal\/2020\/01\/22\/cancer-de-pulmon\/\" title=\"C\u00e1ncer de Pulm\u00f3n\" target=\"_parent\" class=\"btn btn-link \">Leer m\u00e1s<\/a>\r\n\r\n                    <\/div>\r\n                <\/div>\r\n        <\/div>        \r\n        <\/div>\r\n        <div class=\"posts_list_item  temas-de-interes cancer colon   \" >\r\n        <div class=\"flex\">\r\n\r\n                    <a href=\"https:\/\/drmauricioleon.net\/portal\/2020\/01\/22\/cancer-de-colon\/\" title=\"C\u00e1ncer de Colon\" target=\"_parent\" class=\" post_list_item--img_link\">Leer m\u00e1s\r\n\r\n                <div class=\"posts_list_item_photo\" style=\"background-image: url('https:\/\/drmauricioleon.net\/portal\/wp-content\/uploads\/2020\/01\/cancer-colon.jpg')\"><\/div>\r\n\r\n                <\/a>\r\n\r\n                <div class=\"\">\r\n                    <div class=\"posts_list_item_content\">\r\n\r\n\r\n                        \r\n                            <h5 class=\"textify_links\">\r\n                                    <a href=\"https:\/\/drmauricioleon.net\/portal\/2020\/01\/22\/cancer-de-colon\/\" title=\"C\u00e1ncer de Colon\" target=\"_parent\" class=\"\">C\u00e1ncer de Colon<\/a>\r\n                            <\/h5>\r\n\r\n                         \r\n\r\n                        <p class=\"excerpt\">El c\u00e1ncer colorrectal se origina en el sistema digestivo, al que tambi\u00e9n se le conoce&hellip;<\/p>\r\n                        \r\n                            <a href=\"https:\/\/drmauricioleon.net\/portal\/2020\/01\/22\/cancer-de-colon\/\" title=\"C\u00e1ncer de Colon\" target=\"_parent\" class=\"btn btn-link \">Leer m\u00e1s<\/a>\r\n\r\n                    <\/div>\r\n                <\/div>\r\n        <\/div>        \r\n        <\/div>\r\n        <div class=\"posts_list_item  temas-de-interes cancer estomago   \" >\r\n        <div class=\"flex\">\r\n\r\n                    <a href=\"https:\/\/drmauricioleon.net\/portal\/2020\/01\/22\/cancer-de-estomago\/\" title=\"C\u00e1ncer de Est\u00f3mago\" target=\"_parent\" class=\" post_list_item--img_link\">Leer m\u00e1s\r\n\r\n                <div class=\"posts_list_item_photo\" style=\"background-image: url('https:\/\/drmauricioleon.net\/portal\/wp-content\/uploads\/2020\/01\/cancer-estomago.gif')\"><\/div>\r\n\r\n                <\/a>\r\n\r\n                <div class=\"\">\r\n                    <div class=\"posts_list_item_content\">\r\n\r\n\r\n                        \r\n                            <h5 class=\"textify_links\">\r\n                                    <a href=\"https:\/\/drmauricioleon.net\/portal\/2020\/01\/22\/cancer-de-estomago\/\" title=\"C\u00e1ncer de Est\u00f3mago\" target=\"_parent\" class=\"\">C\u00e1ncer de Est\u00f3mago<\/a>\r\n                            <\/h5>\r\n\r\n                         \r\n\r\n                        <p class=\"excerpt\">El c\u00e1ncer de est\u00f3mago se origina en la mucosa en la mayor\u00eda de las veces,&hellip;<\/p>\r\n                        \r\n                            <a href=\"https:\/\/drmauricioleon.net\/portal\/2020\/01\/22\/cancer-de-estomago\/\" title=\"C\u00e1ncer de Est\u00f3mago\" target=\"_parent\" class=\"btn btn-link \">Leer m\u00e1s<\/a>\r\n\r\n                    <\/div>\r\n                <\/div>\r\n        <\/div>        \r\n        <\/div>\r\n<\/div><\/div>[vc_hoverbox image=&#8221;2515&#8243; primary_title=&#8221;Auto Examen de Mama&#8221; hover_title=&#8221;Auto Examen de Mama&#8221; hover_btn_title=&#8221;Leer m\u00e1s&#8221; hover_add_button=&#8221;true&#8221; hover_btn_link=&#8221;url:https%3A%2F%2Fdrmauricioleon.net%2Fportal%2Fcancer-de-mama%2Fautoexamen%2F|||&#8221;]Instrucciones para practicar correctamente el autoexamen de mama<\/p>\n<p>[\/vc_hoverbox][\/vc_column][\/vc_row]<\/p>\n","protected":false},"excerpt":{"rendered":"<p>[vc_row full_width=&#8221;0&#8243; full_height=&#8221;0&#8243; sep_bottom=&#8221;separator_bottom sep_angled_positive_bottom&#8221; particles=&#8221;0&#8243;][vc_column width=&#8221;1\/2&#8243; margin=&#8221;margin_bottom_grid&#8221; offset=&#8221;vc_col-md-8&#8243;][vc_column_text] El diagn\u00f3stico de la patolog\u00eda mamaria se basa en la sintomatolog\u00eda, la palpaci\u00f3n, la mamograf\u00eda y la biopsia. A continuaci\u00f3n, compartimos informaci\u00f3n de algunas lesiones benignas: Fibroadenomas Esta clase de tumores no constituye una enfermedad propiamente dicha, sino tan s\u00f3lo un crecimiento mayor de algunas zonas [&hellip;]<\/p>\n","protected":false},"author":1,"featured_media":0,"parent":2703,"menu_order":0,"comment_status":"closed","ping_status":"closed","template":"","meta":[],"yoast_head":"<!-- This site is optimized with the Yoast SEO plugin v18.3 - https:\/\/yoast.com\/wordpress\/plugins\/seo\/ -->\n<title>Patolog\u00edas benignas de la mama - Dr Mauricio Le\u00f3n<\/title>\n<meta name=\"robots\" content=\"index, follow, max-snippet:-1, max-image-preview:large, max-video-preview:-1\" \/>\n<link rel=\"canonical\" href=\"https:\/\/drmauricioleon.net\/portal\/cancer-de-mama\/patologias-benignas-de-la-mama\/\" \/>\n<meta property=\"og:locale\" content=\"es_ES\" \/>\n<meta property=\"og:type\" content=\"article\" \/>\n<meta property=\"og:title\" content=\"Patolog\u00edas benignas de la mama - Dr Mauricio Le\u00f3n\" \/>\n<meta property=\"og:description\" content=\"[vc_row full_width=&#8221;0&#8243; full_height=&#8221;0&#8243; sep_bottom=&#8221;separator_bottom sep_angled_positive_bottom&#8221; particles=&#8221;0&#8243;][vc_column width=&#8221;1\/2&#8243; margin=&#8221;margin_bottom_grid&#8221; offset=&#8221;vc_col-md-8&#8243;][vc_column_text] El diagn\u00f3stico de la patolog\u00eda mamaria se basa en la sintomatolog\u00eda, la palpaci\u00f3n, la mamograf\u00eda y la biopsia. A continuaci\u00f3n, compartimos informaci\u00f3n de algunas lesiones benignas: Fibroadenomas Esta clase de tumores no constituye una enfermedad propiamente dicha, sino tan s\u00f3lo un crecimiento mayor de algunas zonas [&hellip;]\" \/>\n<meta property=\"og:url\" content=\"https:\/\/drmauricioleon.net\/portal\/cancer-de-mama\/patologias-benignas-de-la-mama\/\" \/>\n<meta property=\"og:site_name\" content=\"Dr Mauricio Le\u00f3n\" \/>\n<meta property=\"article:publisher\" content=\"https:\/\/www.facebook.com\/Dr.mauricioleon\" \/>\n<meta property=\"article:modified_time\" content=\"2020-03-21T18:35:52+00:00\" \/>\n<meta property=\"og:image\" content=\"https:\/\/drmauricioleon.net\/portal\/wp-content\/uploads\/2020\/02\/Fibroadenomas.jpg\" \/>\n<meta name=\"twitter:card\" content=\"summary_large_image\" \/>\n<meta name=\"twitter:site\" content=\"@drleonmauricio\" \/>\n<meta name=\"twitter:label1\" content=\"Est. reading time\" \/>\n\t<meta name=\"twitter:data1\" content=\"4 minutos\" \/>\n<script type=\"application\/ld+json\" class=\"yoast-schema-graph\">{\"@context\":\"https:\/\/schema.org\",\"@graph\":[{\"@type\":\"Organization\",\"@id\":\"https:\/\/drmauricioleon.net\/portal\/#organization\",\"name\":\"Dr. Mauricio Le\u00f3n\",\"url\":\"https:\/\/drmauricioleon.net\/portal\/\",\"sameAs\":[\"https:\/\/www.facebook.com\/Dr.mauricioleon\",\"https:\/\/www.linkedin.com\/in\/mauricio-le\u00f3n-rivera-ab525598\",\"http:\/\/www.youtube.com\/user\/centrodetector\",\"https:\/\/twitter.com\/drleonmauricio\"],\"logo\":{\"@type\":\"ImageObject\",\"@id\":\"https:\/\/drmauricioleon.net\/portal\/#logo\",\"inLanguage\":\"es-PE\",\"url\":\"https:\/\/drmauricioleon.net\/portal\/wp-content\/uploads\/2020\/01\/logo-drml-e1586281768776.png\",\"contentUrl\":\"https:\/\/drmauricioleon.net\/portal\/wp-content\/uploads\/2020\/01\/logo-drml-e1586281768776.png\",\"width\":220,\"height\":72,\"caption\":\"Dr. Mauricio Le\u00f3n\"},\"image\":{\"@id\":\"https:\/\/drmauricioleon.net\/portal\/#logo\"}},{\"@type\":\"WebSite\",\"@id\":\"https:\/\/drmauricioleon.net\/portal\/#website\",\"url\":\"https:\/\/drmauricioleon.net\/portal\/\",\"name\":\"Dr Mauricio Le\u00f3n\",\"description\":\"Cirujano general y onc\u00f3logo y sub especialista en tumores de Mamas, Tejidos Blandos y Piel. Es m\u00e9dico staff de la Cl\u00ednica Ricardo Palma y de Oncosalud.\",\"publisher\":{\"@id\":\"https:\/\/drmauricioleon.net\/portal\/#organization\"},\"potentialAction\":[{\"@type\":\"SearchAction\",\"target\":{\"@type\":\"EntryPoint\",\"urlTemplate\":\"https:\/\/drmauricioleon.net\/portal\/?s={search_term_string}\"},\"query-input\":\"required name=search_term_string\"}],\"inLanguage\":\"es-PE\"},{\"@type\":\"ImageObject\",\"@id\":\"https:\/\/drmauricioleon.net\/portal\/cancer-de-mama\/patologias-benignas-de-la-mama\/#primaryimage\",\"inLanguage\":\"es-PE\",\"url\":\"https:\/\/drmauricioleon.net\/portal\/wp-content\/uploads\/2020\/02\/Fibroadenomas.jpg\",\"contentUrl\":\"https:\/\/drmauricioleon.net\/portal\/wp-content\/uploads\/2020\/02\/Fibroadenomas.jpg\",\"width\":263,\"height\":192},{\"@type\":\"WebPage\",\"@id\":\"https:\/\/drmauricioleon.net\/portal\/cancer-de-mama\/patologias-benignas-de-la-mama\/#webpage\",\"url\":\"https:\/\/drmauricioleon.net\/portal\/cancer-de-mama\/patologias-benignas-de-la-mama\/\",\"name\":\"Patolog\u00edas benignas de la mama - Dr Mauricio Le\u00f3n\",\"isPartOf\":{\"@id\":\"https:\/\/drmauricioleon.net\/portal\/#website\"},\"primaryImageOfPage\":{\"@id\":\"https:\/\/drmauricioleon.net\/portal\/cancer-de-mama\/patologias-benignas-de-la-mama\/#primaryimage\"},\"datePublished\":\"2020-02-13T23:50:35+00:00\",\"dateModified\":\"2020-03-21T18:35:52+00:00\",\"breadcrumb\":{\"@id\":\"https:\/\/drmauricioleon.net\/portal\/cancer-de-mama\/patologias-benignas-de-la-mama\/#breadcrumb\"},\"inLanguage\":\"es-PE\",\"potentialAction\":[{\"@type\":\"ReadAction\",\"target\":[\"https:\/\/drmauricioleon.net\/portal\/cancer-de-mama\/patologias-benignas-de-la-mama\/\"]}]},{\"@type\":\"BreadcrumbList\",\"@id\":\"https:\/\/drmauricioleon.net\/portal\/cancer-de-mama\/patologias-benignas-de-la-mama\/#breadcrumb\",\"itemListElement\":[{\"@type\":\"ListItem\",\"position\":1,\"name\":\"Portada\",\"item\":\"https:\/\/drmauricioleon.net\/portal\/\"},{\"@type\":\"ListItem\",\"position\":2,\"name\":\"C\u00e1ncer de mama\",\"item\":\"https:\/\/drmauricioleon.net\/portal\/cancer-de-mama\/\"},{\"@type\":\"ListItem\",\"position\":3,\"name\":\"Patolog\u00edas benignas de la mama\"}]}]}<\/script>\n<!-- \/ Yoast SEO plugin. -->","yoast_head_json":{"title":"Patolog\u00edas benignas de la mama - Dr Mauricio Le\u00f3n","robots":{"index":"index","follow":"follow","max-snippet":"max-snippet:-1","max-image-preview":"max-image-preview:large","max-video-preview":"max-video-preview:-1"},"canonical":"https:\/\/drmauricioleon.net\/portal\/cancer-de-mama\/patologias-benignas-de-la-mama\/","og_locale":"es_ES","og_type":"article","og_title":"Patolog\u00edas benignas de la mama - Dr Mauricio Le\u00f3n","og_description":"[vc_row full_width=&#8221;0&#8243; full_height=&#8221;0&#8243; sep_bottom=&#8221;separator_bottom sep_angled_positive_bottom&#8221; particles=&#8221;0&#8243;][vc_column width=&#8221;1\/2&#8243; margin=&#8221;margin_bottom_grid&#8221; offset=&#8221;vc_col-md-8&#8243;][vc_column_text] El diagn\u00f3stico de la patolog\u00eda mamaria se basa en la sintomatolog\u00eda, la palpaci\u00f3n, la mamograf\u00eda y la biopsia. A continuaci\u00f3n, compartimos informaci\u00f3n de algunas lesiones benignas: Fibroadenomas Esta clase de tumores no constituye una enfermedad propiamente dicha, sino tan s\u00f3lo un crecimiento mayor de algunas zonas [&hellip;]","og_url":"https:\/\/drmauricioleon.net\/portal\/cancer-de-mama\/patologias-benignas-de-la-mama\/","og_site_name":"Dr Mauricio Le\u00f3n","article_publisher":"https:\/\/www.facebook.com\/Dr.mauricioleon","article_modified_time":"2020-03-21T18:35:52+00:00","og_image":[{"url":"https:\/\/drmauricioleon.net\/portal\/wp-content\/uploads\/2020\/02\/Fibroadenomas.jpg"}],"twitter_card":"summary_large_image","twitter_site":"@drleonmauricio","twitter_misc":{"Est. reading time":"4 minutos"},"schema":{"@context":"https:\/\/schema.org","@graph":[{"@type":"Organization","@id":"https:\/\/drmauricioleon.net\/portal\/#organization","name":"Dr. Mauricio Le\u00f3n","url":"https:\/\/drmauricioleon.net\/portal\/","sameAs":["https:\/\/www.facebook.com\/Dr.mauricioleon","https:\/\/www.linkedin.com\/in\/mauricio-le\u00f3n-rivera-ab525598","http:\/\/www.youtube.com\/user\/centrodetector","https:\/\/twitter.com\/drleonmauricio"],"logo":{"@type":"ImageObject","@id":"https:\/\/drmauricioleon.net\/portal\/#logo","inLanguage":"es-PE","url":"https:\/\/drmauricioleon.net\/portal\/wp-content\/uploads\/2020\/01\/logo-drml-e1586281768776.png","contentUrl":"https:\/\/drmauricioleon.net\/portal\/wp-content\/uploads\/2020\/01\/logo-drml-e1586281768776.png","width":220,"height":72,"caption":"Dr. Mauricio Le\u00f3n"},"image":{"@id":"https:\/\/drmauricioleon.net\/portal\/#logo"}},{"@type":"WebSite","@id":"https:\/\/drmauricioleon.net\/portal\/#website","url":"https:\/\/drmauricioleon.net\/portal\/","name":"Dr Mauricio Le\u00f3n","description":"Cirujano general y onc\u00f3logo y sub especialista en tumores de Mamas, Tejidos Blandos y Piel. Es m\u00e9dico staff de la Cl\u00ednica Ricardo Palma y de Oncosalud.","publisher":{"@id":"https:\/\/drmauricioleon.net\/portal\/#organization"},"potentialAction":[{"@type":"SearchAction","target":{"@type":"EntryPoint","urlTemplate":"https:\/\/drmauricioleon.net\/portal\/?s={search_term_string}"},"query-input":"required name=search_term_string"}],"inLanguage":"es-PE"},{"@type":"ImageObject","@id":"https:\/\/drmauricioleon.net\/portal\/cancer-de-mama\/patologias-benignas-de-la-mama\/#primaryimage","inLanguage":"es-PE","url":"https:\/\/drmauricioleon.net\/portal\/wp-content\/uploads\/2020\/02\/Fibroadenomas.jpg","contentUrl":"https:\/\/drmauricioleon.net\/portal\/wp-content\/uploads\/2020\/02\/Fibroadenomas.jpg","width":263,"height":192},{"@type":"WebPage","@id":"https:\/\/drmauricioleon.net\/portal\/cancer-de-mama\/patologias-benignas-de-la-mama\/#webpage","url":"https:\/\/drmauricioleon.net\/portal\/cancer-de-mama\/patologias-benignas-de-la-mama\/","name":"Patolog\u00edas benignas de la mama - Dr Mauricio Le\u00f3n","isPartOf":{"@id":"https:\/\/drmauricioleon.net\/portal\/#website"},"primaryImageOfPage":{"@id":"https:\/\/drmauricioleon.net\/portal\/cancer-de-mama\/patologias-benignas-de-la-mama\/#primaryimage"},"datePublished":"2020-02-13T23:50:35+00:00","dateModified":"2020-03-21T18:35:52+00:00","breadcrumb":{"@id":"https:\/\/drmauricioleon.net\/portal\/cancer-de-mama\/patologias-benignas-de-la-mama\/#breadcrumb"},"inLanguage":"es-PE","potentialAction":[{"@type":"ReadAction","target":["https:\/\/drmauricioleon.net\/portal\/cancer-de-mama\/patologias-benignas-de-la-mama\/"]}]},{"@type":"BreadcrumbList","@id":"https:\/\/drmauricioleon.net\/portal\/cancer-de-mama\/patologias-benignas-de-la-mama\/#breadcrumb","itemListElement":[{"@type":"ListItem","position":1,"name":"Portada","item":"https:\/\/drmauricioleon.net\/portal\/"},{"@type":"ListItem","position":2,"name":"C\u00e1ncer de mama","item":"https:\/\/drmauricioleon.net\/portal\/cancer-de-mama\/"},{"@type":"ListItem","position":3,"name":"Patolog\u00edas benignas de la mama"}]}]}},"_links":{"self":[{"href":"https:\/\/drmauricioleon.net\/portal\/wp-json\/wp\/v2\/pages\/2714"}],"collection":[{"href":"https:\/\/drmauricioleon.net\/portal\/wp-json\/wp\/v2\/pages"}],"about":[{"href":"https:\/\/drmauricioleon.net\/portal\/wp-json\/wp\/v2\/types\/page"}],"author":[{"embeddable":true,"href":"https:\/\/drmauricioleon.net\/portal\/wp-json\/wp\/v2\/users\/1"}],"replies":[{"embeddable":true,"href":"https:\/\/drmauricioleon.net\/portal\/wp-json\/wp\/v2\/comments?post=2714"}],"version-history":[{"count":6,"href":"https:\/\/drmauricioleon.net\/portal\/wp-json\/wp\/v2\/pages\/2714\/revisions"}],"predecessor-version":[{"id":3230,"href":"https:\/\/drmauricioleon.net\/portal\/wp-json\/wp\/v2\/pages\/2714\/revisions\/3230"}],"up":[{"embeddable":true,"href":"https:\/\/drmauricioleon.net\/portal\/wp-json\/wp\/v2\/pages\/2703"}],"wp:attachment":[{"href":"https:\/\/drmauricioleon.net\/portal\/wp-json\/wp\/v2\/media?parent=2714"}],"curies":[{"name":"wp","href":"https:\/\/api.w.org\/{rel}","templated":true}]}}