{"id":2706,"date":"2020-02-13T23:34:28","date_gmt":"2020-02-13T23:34:28","guid":{"rendered":"https:\/\/drmauricioleon.net\/portal\/?page_id=2706"},"modified":"2020-03-02T16:54:43","modified_gmt":"2020-03-02T16:54:43","slug":"mamografia","status":"publish","type":"page","link":"https:\/\/drmauricioleon.net\/portal\/cancer-de-mama\/mamografia\/","title":{"rendered":"Mamograf\u00eda"},"content":{"rendered":"<p>[vc_row full_width=&#8221;0&#8243; full_height=&#8221;0&#8243; sep_bottom=&#8221;separator_bottom sep_angled_positive_bottom&#8221; particles=&#8221;0&#8243;][vc_column width=&#8221;1\/2&#8243; margin=&#8221;margin_bottom_grid&#8221; offset=&#8221;vc_col-md-8&#8243;][vc_column_text]<img loading=\"lazy\" class=\" wp-image-2884 alignleft\" src=\"https:\/\/drmauricioleon.net\/portal\/wp-content\/uploads\/2020\/02\/mamografia-300x169.jpg\" alt=\"\" width=\"378\" height=\"213\" srcset=\"https:\/\/drmauricioleon.net\/portal\/wp-content\/uploads\/2020\/02\/mamografia-300x169.jpg 300w, https:\/\/drmauricioleon.net\/portal\/wp-content\/uploads\/2020\/02\/mamografia-768x432.jpg 768w, https:\/\/drmauricioleon.net\/portal\/wp-content\/uploads\/2020\/02\/mamografia.jpg 1024w\" sizes=\"(max-width: 378px) 100vw, 378px\" \/><\/p>\n<p style=\"text-align: justify;\">Una mamograf\u00eda es una imagen de la mama tomada con rayos X. Los m\u00e9dicos usan las mamograf\u00edas para buscar signos de c\u00e1ncer de mama en sus etapas iniciales. Las mamograf\u00edas habituales son las mejores pruebas con que cuentan los m\u00e9dicos para detectar el c\u00e1ncer de mama en sus etapas iniciales, a veces hasta tres a\u00f1os antes de que se pueda sentir.<\/p>\n<p style=\"text-align: justify;\">Es b\u00e1sica para el diagn\u00f3stico precoz del c\u00e1ncer de mama. Se debe realizar una vez al a\u00f1o a partir de los 40 a\u00f1os y a los 35 si se tiene antecedentes de c\u00e1ncer de mama y ovario en la familia.<\/p>\n<p>[\/vc_column_text][\/vc_column][vc_column width=&#8221;1\/2&#8243; offset=&#8221;vc_col-md-4&#8243;][vc_column_text]<img loading=\"lazy\" class=\"alignnone wp-image-2881\" src=\"https:\/\/drmauricioleon.net\/portal\/wp-content\/uploads\/2020\/02\/Estadios-300x128.png\" alt=\"\" width=\"410\" height=\"175\" srcset=\"https:\/\/drmauricioleon.net\/portal\/wp-content\/uploads\/2020\/02\/Estadios-300x128.png 300w, https:\/\/drmauricioleon.net\/portal\/wp-content\/uploads\/2020\/02\/Estadios-1024x435.png 1024w, https:\/\/drmauricioleon.net\/portal\/wp-content\/uploads\/2020\/02\/Estadios-768x326.png 768w, https:\/\/drmauricioleon.net\/portal\/wp-content\/uploads\/2020\/02\/Estadios-1536x653.png 1536w, https:\/\/drmauricioleon.net\/portal\/wp-content\/uploads\/2020\/02\/Estadios-2048x870.png 2048w\" sizes=\"(max-width: 410px) 100vw, 410px\" \/>[\/vc_column_text][\/vc_column][\/vc_row]<\/p>\n","protected":false},"excerpt":{"rendered":"<p>[vc_row full_width=&#8221;0&#8243; full_height=&#8221;0&#8243; sep_bottom=&#8221;separator_bottom sep_angled_positive_bottom&#8221; particles=&#8221;0&#8243;][vc_column width=&#8221;1\/2&#8243; margin=&#8221;margin_bottom_grid&#8221; offset=&#8221;vc_col-md-8&#8243;][vc_column_text] Una mamograf\u00eda es una imagen de la mama tomada con rayos X. Los m\u00e9dicos usan las mamograf\u00edas para buscar signos de c\u00e1ncer de mama en sus etapas iniciales. Las mamograf\u00edas habituales son las mejores pruebas con que cuentan los m\u00e9dicos para detectar el c\u00e1ncer de mama [&hellip;]<\/p>\n","protected":false},"author":1,"featured_media":0,"parent":2703,"menu_order":0,"comment_status":"closed","ping_status":"closed","template":"","meta":[],"yoast_head":"<!-- This site is optimized with the Yoast SEO plugin v18.3 - https:\/\/yoast.com\/wordpress\/plugins\/seo\/ -->\n<title>Mamograf\u00eda - Dr Mauricio Le\u00f3n<\/title>\n<meta name=\"robots\" content=\"index, follow, max-snippet:-1, max-image-preview:large, max-video-preview:-1\" \/>\n<link rel=\"canonical\" href=\"https:\/\/drmauricioleon.net\/portal\/cancer-de-mama\/mamografia\/\" \/>\n<meta property=\"og:locale\" content=\"es_ES\" \/>\n<meta property=\"og:type\" content=\"article\" \/>\n<meta property=\"og:title\" content=\"Mamograf\u00eda - Dr Mauricio Le\u00f3n\" \/>\n<meta property=\"og:description\" content=\"[vc_row full_width=&#8221;0&#8243; full_height=&#8221;0&#8243; sep_bottom=&#8221;separator_bottom sep_angled_positive_bottom&#8221; particles=&#8221;0&#8243;][vc_column width=&#8221;1\/2&#8243; margin=&#8221;margin_bottom_grid&#8221; offset=&#8221;vc_col-md-8&#8243;][vc_column_text] Una mamograf\u00eda es una imagen de la mama tomada con rayos X. Los m\u00e9dicos usan las mamograf\u00edas para buscar signos de c\u00e1ncer de mama en sus etapas iniciales. Las mamograf\u00edas habituales son las mejores pruebas con que cuentan los m\u00e9dicos para detectar el c\u00e1ncer de mama [&hellip;]\" \/>\n<meta property=\"og:url\" content=\"https:\/\/drmauricioleon.net\/portal\/cancer-de-mama\/mamografia\/\" \/>\n<meta property=\"og:site_name\" content=\"Dr Mauricio Le\u00f3n\" \/>\n<meta property=\"article:publisher\" content=\"https:\/\/www.facebook.com\/Dr.mauricioleon\" \/>\n<meta property=\"article:modified_time\" content=\"2020-03-02T16:54:43+00:00\" \/>\n<meta property=\"og:image\" content=\"https:\/\/drmauricioleon.net\/portal\/wp-content\/uploads\/2020\/02\/mamografia-300x169.jpg\" \/>\n<meta name=\"twitter:card\" content=\"summary_large_image\" \/>\n<meta name=\"twitter:site\" content=\"@drleonmauricio\" \/>\n<meta name=\"twitter:label1\" content=\"Est. reading time\" \/>\n\t<meta name=\"twitter:data1\" content=\"1 minuto\" \/>\n<script type=\"application\/ld+json\" class=\"yoast-schema-graph\">{\"@context\":\"https:\/\/schema.org\",\"@graph\":[{\"@type\":\"Organization\",\"@id\":\"https:\/\/drmauricioleon.net\/portal\/#organization\",\"name\":\"Dr. Mauricio Le\u00f3n\",\"url\":\"https:\/\/drmauricioleon.net\/portal\/\",\"sameAs\":[\"https:\/\/www.facebook.com\/Dr.mauricioleon\",\"https:\/\/www.linkedin.com\/in\/mauricio-le\u00f3n-rivera-ab525598\",\"http:\/\/www.youtube.com\/user\/centrodetector\",\"https:\/\/twitter.com\/drleonmauricio\"],\"logo\":{\"@type\":\"ImageObject\",\"@id\":\"https:\/\/drmauricioleon.net\/portal\/#logo\",\"inLanguage\":\"es-PE\",\"url\":\"https:\/\/drmauricioleon.net\/portal\/wp-content\/uploads\/2020\/01\/logo-drml-e1586281768776.png\",\"contentUrl\":\"https:\/\/drmauricioleon.net\/portal\/wp-content\/uploads\/2020\/01\/logo-drml-e1586281768776.png\",\"width\":220,\"height\":72,\"caption\":\"Dr. Mauricio Le\u00f3n\"},\"image\":{\"@id\":\"https:\/\/drmauricioleon.net\/portal\/#logo\"}},{\"@type\":\"WebSite\",\"@id\":\"https:\/\/drmauricioleon.net\/portal\/#website\",\"url\":\"https:\/\/drmauricioleon.net\/portal\/\",\"name\":\"Dr Mauricio Le\u00f3n\",\"description\":\"Cirujano general y onc\u00f3logo y sub especialista en tumores de Mamas, Tejidos Blandos y Piel. Es m\u00e9dico staff de la Cl\u00ednica Ricardo Palma y de Oncosalud.\",\"publisher\":{\"@id\":\"https:\/\/drmauricioleon.net\/portal\/#organization\"},\"potentialAction\":[{\"@type\":\"SearchAction\",\"target\":{\"@type\":\"EntryPoint\",\"urlTemplate\":\"https:\/\/drmauricioleon.net\/portal\/?s={search_term_string}\"},\"query-input\":\"required name=search_term_string\"}],\"inLanguage\":\"es-PE\"},{\"@type\":\"ImageObject\",\"@id\":\"https:\/\/drmauricioleon.net\/portal\/cancer-de-mama\/mamografia\/#primaryimage\",\"inLanguage\":\"es-PE\",\"url\":\"https:\/\/drmauricioleon.net\/portal\/wp-content\/uploads\/2020\/02\/mamografia.jpg\",\"contentUrl\":\"https:\/\/drmauricioleon.net\/portal\/wp-content\/uploads\/2020\/02\/mamografia.jpg\",\"width\":1024,\"height\":576},{\"@type\":\"WebPage\",\"@id\":\"https:\/\/drmauricioleon.net\/portal\/cancer-de-mama\/mamografia\/#webpage\",\"url\":\"https:\/\/drmauricioleon.net\/portal\/cancer-de-mama\/mamografia\/\",\"name\":\"Mamograf\u00eda - Dr Mauricio Le\u00f3n\",\"isPartOf\":{\"@id\":\"https:\/\/drmauricioleon.net\/portal\/#website\"},\"primaryImageOfPage\":{\"@id\":\"https:\/\/drmauricioleon.net\/portal\/cancer-de-mama\/mamografia\/#primaryimage\"},\"datePublished\":\"2020-02-13T23:34:28+00:00\",\"dateModified\":\"2020-03-02T16:54:43+00:00\",\"breadcrumb\":{\"@id\":\"https:\/\/drmauricioleon.net\/portal\/cancer-de-mama\/mamografia\/#breadcrumb\"},\"inLanguage\":\"es-PE\",\"potentialAction\":[{\"@type\":\"ReadAction\",\"target\":[\"https:\/\/drmauricioleon.net\/portal\/cancer-de-mama\/mamografia\/\"]}]},{\"@type\":\"BreadcrumbList\",\"@id\":\"https:\/\/drmauricioleon.net\/portal\/cancer-de-mama\/mamografia\/#breadcrumb\",\"itemListElement\":[{\"@type\":\"ListItem\",\"position\":1,\"name\":\"Portada\",\"item\":\"https:\/\/drmauricioleon.net\/portal\/\"},{\"@type\":\"ListItem\",\"position\":2,\"name\":\"C\u00e1ncer de mama\",\"item\":\"https:\/\/drmauricioleon.net\/portal\/cancer-de-mama\/\"},{\"@type\":\"ListItem\",\"position\":3,\"name\":\"Mamograf\u00eda\"}]}]}<\/script>\n<!-- \/ Yoast SEO plugin. -->","yoast_head_json":{"title":"Mamograf\u00eda - Dr Mauricio Le\u00f3n","robots":{"index":"index","follow":"follow","max-snippet":"max-snippet:-1","max-image-preview":"max-image-preview:large","max-video-preview":"max-video-preview:-1"},"canonical":"https:\/\/drmauricioleon.net\/portal\/cancer-de-mama\/mamografia\/","og_locale":"es_ES","og_type":"article","og_title":"Mamograf\u00eda - Dr Mauricio Le\u00f3n","og_description":"[vc_row full_width=&#8221;0&#8243; full_height=&#8221;0&#8243; sep_bottom=&#8221;separator_bottom sep_angled_positive_bottom&#8221; particles=&#8221;0&#8243;][vc_column width=&#8221;1\/2&#8243; margin=&#8221;margin_bottom_grid&#8221; offset=&#8221;vc_col-md-8&#8243;][vc_column_text] Una mamograf\u00eda es una imagen de la mama tomada con rayos X. Los m\u00e9dicos usan las mamograf\u00edas para buscar signos de c\u00e1ncer de mama en sus etapas iniciales. Las mamograf\u00edas habituales son las mejores pruebas con que cuentan los m\u00e9dicos para detectar el c\u00e1ncer de mama [&hellip;]","og_url":"https:\/\/drmauricioleon.net\/portal\/cancer-de-mama\/mamografia\/","og_site_name":"Dr Mauricio Le\u00f3n","article_publisher":"https:\/\/www.facebook.com\/Dr.mauricioleon","article_modified_time":"2020-03-02T16:54:43+00:00","og_image":[{"url":"https:\/\/drmauricioleon.net\/portal\/wp-content\/uploads\/2020\/02\/mamografia-300x169.jpg"}],"twitter_card":"summary_large_image","twitter_site":"@drleonmauricio","twitter_misc":{"Est. reading time":"1 minuto"},"schema":{"@context":"https:\/\/schema.org","@graph":[{"@type":"Organization","@id":"https:\/\/drmauricioleon.net\/portal\/#organization","name":"Dr. Mauricio Le\u00f3n","url":"https:\/\/drmauricioleon.net\/portal\/","sameAs":["https:\/\/www.facebook.com\/Dr.mauricioleon","https:\/\/www.linkedin.com\/in\/mauricio-le\u00f3n-rivera-ab525598","http:\/\/www.youtube.com\/user\/centrodetector","https:\/\/twitter.com\/drleonmauricio"],"logo":{"@type":"ImageObject","@id":"https:\/\/drmauricioleon.net\/portal\/#logo","inLanguage":"es-PE","url":"https:\/\/drmauricioleon.net\/portal\/wp-content\/uploads\/2020\/01\/logo-drml-e1586281768776.png","contentUrl":"https:\/\/drmauricioleon.net\/portal\/wp-content\/uploads\/2020\/01\/logo-drml-e1586281768776.png","width":220,"height":72,"caption":"Dr. Mauricio Le\u00f3n"},"image":{"@id":"https:\/\/drmauricioleon.net\/portal\/#logo"}},{"@type":"WebSite","@id":"https:\/\/drmauricioleon.net\/portal\/#website","url":"https:\/\/drmauricioleon.net\/portal\/","name":"Dr Mauricio Le\u00f3n","description":"Cirujano general y onc\u00f3logo y sub especialista en tumores de Mamas, Tejidos Blandos y Piel. Es m\u00e9dico staff de la Cl\u00ednica Ricardo Palma y de Oncosalud.","publisher":{"@id":"https:\/\/drmauricioleon.net\/portal\/#organization"},"potentialAction":[{"@type":"SearchAction","target":{"@type":"EntryPoint","urlTemplate":"https:\/\/drmauricioleon.net\/portal\/?s={search_term_string}"},"query-input":"required name=search_term_string"}],"inLanguage":"es-PE"},{"@type":"ImageObject","@id":"https:\/\/drmauricioleon.net\/portal\/cancer-de-mama\/mamografia\/#primaryimage","inLanguage":"es-PE","url":"https:\/\/drmauricioleon.net\/portal\/wp-content\/uploads\/2020\/02\/mamografia.jpg","contentUrl":"https:\/\/drmauricioleon.net\/portal\/wp-content\/uploads\/2020\/02\/mamografia.jpg","width":1024,"height":576},{"@type":"WebPage","@id":"https:\/\/drmauricioleon.net\/portal\/cancer-de-mama\/mamografia\/#webpage","url":"https:\/\/drmauricioleon.net\/portal\/cancer-de-mama\/mamografia\/","name":"Mamograf\u00eda - Dr Mauricio Le\u00f3n","isPartOf":{"@id":"https:\/\/drmauricioleon.net\/portal\/#website"},"primaryImageOfPage":{"@id":"https:\/\/drmauricioleon.net\/portal\/cancer-de-mama\/mamografia\/#primaryimage"},"datePublished":"2020-02-13T23:34:28+00:00","dateModified":"2020-03-02T16:54:43+00:00","breadcrumb":{"@id":"https:\/\/drmauricioleon.net\/portal\/cancer-de-mama\/mamografia\/#breadcrumb"},"inLanguage":"es-PE","potentialAction":[{"@type":"ReadAction","target":["https:\/\/drmauricioleon.net\/portal\/cancer-de-mama\/mamografia\/"]}]},{"@type":"BreadcrumbList","@id":"https:\/\/drmauricioleon.net\/portal\/cancer-de-mama\/mamografia\/#breadcrumb","itemListElement":[{"@type":"ListItem","position":1,"name":"Portada","item":"https:\/\/drmauricioleon.net\/portal\/"},{"@type":"ListItem","position":2,"name":"C\u00e1ncer de mama","item":"https:\/\/drmauricioleon.net\/portal\/cancer-de-mama\/"},{"@type":"ListItem","position":3,"name":"Mamograf\u00eda"}]}]}},"_links":{"self":[{"href":"https:\/\/drmauricioleon.net\/portal\/wp-json\/wp\/v2\/pages\/2706"}],"collection":[{"href":"https:\/\/drmauricioleon.net\/portal\/wp-json\/wp\/v2\/pages"}],"about":[{"href":"https:\/\/drmauricioleon.net\/portal\/wp-json\/wp\/v2\/types\/page"}],"author":[{"embeddable":true,"href":"https:\/\/drmauricioleon.net\/portal\/wp-json\/wp\/v2\/users\/1"}],"replies":[{"embeddable":true,"href":"https:\/\/drmauricioleon.net\/portal\/wp-json\/wp\/v2\/comments?post=2706"}],"version-history":[{"count":10,"href":"https:\/\/drmauricioleon.net\/portal\/wp-json\/wp\/v2\/pages\/2706\/revisions"}],"predecessor-version":[{"id":3102,"href":"https:\/\/drmauricioleon.net\/portal\/wp-json\/wp\/v2\/pages\/2706\/revisions\/3102"}],"up":[{"embeddable":true,"href":"https:\/\/drmauricioleon.net\/portal\/wp-json\/wp\/v2\/pages\/2703"}],"wp:attachment":[{"href":"https:\/\/drmauricioleon.net\/portal\/wp-json\/wp\/v2\/media?parent=2706"}],"curies":[{"name":"wp","href":"https:\/\/api.w.org\/{rel}","templated":true}]}}