{"id":2608,"date":"2020-02-11T05:03:49","date_gmt":"2020-02-11T05:03:49","guid":{"rendered":"https:\/\/drmauricioleon.net\/portal\/?page_id=2608"},"modified":"2026-02-03T22:00:04","modified_gmt":"2026-02-03T22:00:04","slug":"hoja-de-vida","status":"publish","type":"page","link":"https:\/\/drmauricioleon.net\/portal\/tu-medico\/hoja-de-vida\/","title":{"rendered":"Hoja de Vida"},"content":{"rendered":"<p>[vc_row color_set=&#8221;light_section&#8221; full_width=&#8221;0&#8243; full_height=&#8221;0&#8243; sep_bottom=&#8221;separator_bottom sep_angled_positive_bottom&#8221; particles=&#8221;0&#8243; el_id=&#8221;facilities&#8221;][vc_column margin=&#8221;margin_bottom_grid&#8221; offset=&#8221;vc_col-md-6&#8243;]<div class=\"pl_fixed_ratio_media  \">\r\n    <div class=\"stretchy_wrapper ratio_1-1   bg_vcenter\" style=\"background-image: url('https:\/\/drmauricioleon.net\/portal\/wp-content\/uploads\/2020\/01\/drmauricio.jpg');\">\r\n      <img alt=\"Dr. Mauricio Le\u00f3n\" src=\"https:\/\/drmauricioleon.net\/portal\/wp-content\/uploads\/2020\/01\/drmauricio.jpg\">\r\n    <\/div>\r\n\r\n<\/div>[vc_column_text]Complet\u00f3 sus estudios de primaria y secundaria en el Colegio La Inmaculada (1978-1988) y Medicina Humana en la Universidad Peruana Cayetano Heredia (1990-1997), SERUMS por la Marina de Guerra del Per\u00fa (1998-1999) e ingresa a la especialidad de Cirug\u00eda General y Oncol\u00f3gica en el a\u00f1o 1999 en el Instituto Nacional de Enfermedades Neopl\u00e1sicas (INEN), a trav\u00e9s de la Universidad Peruana Cayetano Heredia, culminando la misma en el a\u00f1o 2003, obteniendo el Primer Puesto durante los cuatro a\u00f1os de entrenamiento, lo que le vali\u00f3 para realizar una capacitaci\u00f3n especial en el INEN en el a\u00f1o 2004, en la sub especialidad de cirug\u00eda de mamas, piel y tejidos blandos.<\/p>\n<p>Su anhelada formaci\u00f3n m\u00e9dica lo motiv\u00f3 a seguir una pasant\u00eda en el Servicio de Cirug\u00eda Oncol\u00f3gica de Mamas, Melanoma y Sarcomas en el MD Anderson Cancer Center, Texas, USA, a mediados del 2004 y en el Servicio de Cirug\u00eda Pl\u00e1stica \u2013 Reconstructiva Mamaria y de Imagenolog\u00eda de Mamas en la Universidad de Loyola, Chicago, USA en el a\u00f1o 2005.<\/p>\n<p>Es miembro Acad\u00e9mico De N\u00famero de la Academia Peruana de Cirug\u00eda y Miembro Titular y actual Presidente de la Sociedad Peruana de Oncolog\u00eda Quir\u00fargica, Miembro Asociado de la Sociedad Peruana de Mastolog\u00eda en la cual se ha desempe\u00f1ado como Vocal de Publicaciones, Miembro Titular de la Sociedad Peruana de Cancerolog\u00eda, Miembro Asociado de la Sociedad Europea de M\u00e9dicos Onc\u00f3logos (ESMO), Miembro Asociado de la Sociedad Americana de Oncolog\u00eda (ASCO) y Miembro Asociado de la Sociedad Americana de Cirujanos de Mama (ASBrS).<\/p>\n<p>Entre otras responsabilidades, ha realizado funciones como miembro del Grupo de Trabajo del Programa Nacional de Control del C\u00e1ncer de Mama desarrollado por el Departamento de Promoci\u00f3n de la Salud y Control del C\u00e1ncer del INEN.<\/p>\n<p>En su trayectoria profesional recibe m\u00faltiples reconocimientos, como el obtenido en el Concurso al Mejor Trabajo de Investigaci\u00f3n de M\u00e9dicos Residentes con el tema \u201cGanglio Centinela en C\u00e1ncer de Mama: Experiencia en el INEN\u201d en mayo del 2001, Primer puesto en el Concurso de Incentivos de los Mejores Proyectos de Investigaci\u00f3n de M\u00e9dicos Residentes del 2002, con el tema: \u201cAlteraci\u00f3n del drenaje linf\u00e1tico mamario posterior a la disecci\u00f3n axilar, en pacientes con c\u00e1ncer de mama\u201d, Primer y Segundo puesto en el Tercer Concurso al Mejor Trabajo de Investigaci\u00f3n de M\u00e9dicos Residentes con los temas: \u201cMelanoma Maligno del \u00c1rea Mamaria\u201d y \u201cLinfoma de Mama, Experiencia de 50 a\u00f1os en el INEN\u201d en mayo del 2003.<\/p>\n<p>[\/vc_column_text][\/vc_column][vc_column offset=&#8221;vc_col-md-6&#8243;][vc_column_text]Obtuvo el m\u00e1ximo reconocimiento como ganador del Premio Nacional de Investigaci\u00f3n \u201cFAIF\u201d en el a\u00f1o 2003, otorgado por la industria farmac\u00e9utica una vez al a\u00f1o.<\/p>\n<p>Del mismo modo, fue reconocido con el Diploma de Honor otorgado por el Congreso de la Rep\u00fablica del Per\u00fa por el trabajo desempe\u00f1ado en el INEN durante el a\u00f1o 2003.<\/p>\n<p>Un a\u00f1o m\u00e1s tarde, en el 2004, obtiene nuevamente el Premio al Mejor Trabajo de Investigaci\u00f3n de M\u00e9dicos Residentes del INEN.<\/p>\n<p>En el campo de la investigaci\u00f3n cl\u00ednica y oncol\u00f3gica ha sido autor y coautor de m\u00e1s de 30 publicaciones en revistas acad\u00e9micas a nivel nacional y m\u00e1s de 10 en el extranjero, siendo coautor del Libro: \u201cOncolog\u00eda M\u00e9dica\u201d del Dr. Carlos Vallejos Sologuren, A\u00f1o 2021, del libro: \u201cC\u00e1ncer de mama RH + HER 2 \u2013 \/ Hot topics\u201d, de la Sociedad Peruana de Oncolog\u00eda M\u00e9dica (SPOM), A\u00f1o 2022 y del libro: \u201cCutaneous Sarcomas\u201d del Dr. Patrick Emanuel.Editora: Mc Graw Hill, USA. A\u00f1o 2023.<br \/>\nAutor del \u201cATLAS DE MASTOLOG\u00cdA PERUANA\u201d \u2013 Diciembre 2023. Universidad Continental \/ 2da Edicion &#8211; Marzo 2024.<\/p>\n<p>Su experiencia en el campo de la medicina se refleja en su labor asistencial en el sector p\u00fablico, donde cumpli\u00f3 funciones como m\u00e9dico asistente del Departamento de Cirug\u00eda de Mamas, Piel y Tejidos Blandos del Instituto Nacional de Enfermedades Neopl\u00e1sicas (2005 \u2013 2012).<\/p>\n<p>El deseo de compartir su experiencia en el campo de la medicina lo llev\u00f3 a interactuar con la poblaci\u00f3n mediante el programa radial en vivo \u201cPrevenir es vivir\u201d, transmitido por CPN Radio. Este trabajo lo realiz\u00f3 \u201cad honorem\u201d e inici\u00f3 en el a\u00f1o 2008, finaliz\u00e1ndolo el 2010, cuya finalidad fue educar a la poblaci\u00f3n en diversos temas de salud, en especial en la prevenci\u00f3n del c\u00e1ncer.<\/p>\n<p>Ha sido distinguido como el \u201cPersonaje destacado del Per\u00fa\u201d, en julio del 2016 por el C\u00edrculo de Periodistas de Radio y Televisi\u00f3n en m\u00e9rito a su notable trayectoria y ejercicio profesional en beneficio del pa\u00eds.<\/p>\n<p>En marzo del 2017, recibi\u00f3 el reconocimiento \u201cGran Cinta de Oro y Medalla de Honor\u201d como Director M\u00e9dico del Centro Detector del C\u00e1ncer, otorgado por la empresa Peruana de Opini\u00f3n P\u00fablica (POP).<\/p>\n<p>Dos a\u00f1os m\u00e1s tarde, en julio del 2019, recibi\u00f3 el \u201cMaster en Excelencia en Salud\u201d, otorgado por la empresa peruana del a\u00f1o 2018, en reconocimiento a su destacada labor profesional.<\/p>\n<p>Desde octubre del 2020, es presidente de la Asociaci\u00f3n \u201cMAUCHIS\u201d contra el C\u00e1ncer, organizaci\u00f3n sin fines de lucro cuyo objetivo es la prevenci\u00f3n del c\u00e1ncer en el Per\u00fa, llegando a ser finalista en la categor\u00eda \u201cSalud e Higiene\u201d del Premio CREATIVIDAD EMPRESARIAL, octubre 2022.<\/p>\n<p>Desde el a\u00f1o 2021 se viene desempe\u00f1ando como uno de los directores de la Liga Contra el C\u00e1ncer, cargo que asume con responsabilidad, de manera \u201cad honorem\u201d en la lucha contra el c\u00e1ncer en nuestro pa\u00eds.<\/p>\n<p>Es adem\u00e1s \u201cMAESTRO EN MEDICINA\u201d con menci\u00f3n en \u201cCirug\u00eda Oncol\u00f3gica\u201d \u2013 Universidad Peruana Cayetano Heredia, mayo 2023.<\/p>\n<p>Actualmente es jefe de la Unidad de Mastolog\u00eda de la Cl\u00ednica Ricardo Palma, director m\u00e9dico del Centro Detector del C\u00e1ncer as\u00ed como m\u00e9dico Staff del Servicio de Cirug\u00eda Oncol\u00f3gica de Mamas, Piel y Tejidos Blandos de Oncosalud. Es un profesional de la Medicina Humana con m\u00e1s de 20 a\u00f1os de experiencia en el campo de la cirug\u00eda oncol\u00f3gica, editor de la revista internacional HIR-Edici\u00f3n Per\u00fa (Health Industry Reviews) y MAESTRO en Medicina por la Universidad Peruana Cayetano Heredia. En la parte acad\u00e9mica es profesor y coordinador de la Escuela de Postgrado de Oncolog\u00eda Quir\u00fargica en la Universidad Peruana de Ciencias Aplicadas (UPC), Miembro Honorario de la Sociedad Peruana de Cancerolog\u00eda y Past President de la Sociedad Peruana de Oncolog\u00eda Quir\u00fargica (SPOQ).<\/p>\n<p><strong><u>Plataformas digitales <\/u><\/strong><\/p>\n<p>P\u00e1gina web<\/p>\n<p><a href=\"http:\/\/www.drmauricioleon.net\">www.drmauricioleon.net<\/a><\/p>\n<p>Facebook<\/p>\n<p><a href=\"https:\/\/www.facebook.com\/Dr.mauricioleon\">https:\/\/www.facebook.com\/Dr.mauricioleon<\/a><\/p>\n<p>Twitter<\/p>\n<p><a href=\"https:\/\/twitter.com\/drleonmauricio\">https:\/\/twitter.com\/drleonmauricio<\/a><\/p>\n<p>Linkedin<\/p>\n<p><a href=\"https:\/\/www.linkedin.com\/in\/mauricioleonrivera\">https:\/\/www.linkedin.com\/in\/mauricioleonrivera<\/a>[\/vc_column_text][\/vc_column][vc_column][vc_empty_space][vc_media_grid gap=&#8221;10&#8243; grid_id=&#8221;vc_gid:1770156018448-4f655054-b9bd-10&#8243; include=&#8221;4332,4333,4334,4317,2113,3356&#8243;][\/vc_column][\/vc_row]<\/p>\n","protected":false},"excerpt":{"rendered":"<p>[vc_row color_set=&#8221;light_section&#8221; full_width=&#8221;0&#8243; full_height=&#8221;0&#8243; sep_bottom=&#8221;separator_bottom sep_angled_positive_bottom&#8221; particles=&#8221;0&#8243; el_id=&#8221;facilities&#8221;][vc_column margin=&#8221;margin_bottom_grid&#8221; offset=&#8221;vc_col-md-6&#8243;][vc_column_text]Complet\u00f3 sus estudios de primaria y secundaria en el Colegio La Inmaculada (1978-1988) y Medicina Humana en la Universidad Peruana Cayetano Heredia (1990-1997), SERUMS por la Marina de Guerra del Per\u00fa (1998-1999) e ingresa a la especialidad de Cirug\u00eda General y Oncol\u00f3gica en el a\u00f1o 1999 [&hellip;]<\/p>\n","protected":false},"author":1,"featured_media":3215,"parent":2320,"menu_order":0,"comment_status":"closed","ping_status":"closed","template":"","meta":[],"yoast_head":"<!-- This site is optimized with the Yoast SEO plugin v18.3 - https:\/\/yoast.com\/wordpress\/plugins\/seo\/ -->\n<title>Hoja de Vida - Dr Mauricio Le\u00f3n<\/title>\n<meta name=\"robots\" content=\"index, follow, max-snippet:-1, max-image-preview:large, max-video-preview:-1\" \/>\n<link rel=\"canonical\" href=\"https:\/\/drmauricioleon.net\/portal\/tu-medico\/hoja-de-vida\/\" \/>\n<meta property=\"og:locale\" content=\"es_ES\" \/>\n<meta property=\"og:type\" content=\"article\" \/>\n<meta property=\"og:title\" content=\"Hoja de Vida - Dr Mauricio Le\u00f3n\" \/>\n<meta property=\"og:description\" content=\"[vc_row color_set=&#8221;light_section&#8221; full_width=&#8221;0&#8243; full_height=&#8221;0&#8243; sep_bottom=&#8221;separator_bottom sep_angled_positive_bottom&#8221; particles=&#8221;0&#8243; el_id=&#8221;facilities&#8221;][vc_column margin=&#8221;margin_bottom_grid&#8221; offset=&#8221;vc_col-md-6&#8243;][vc_column_text]Complet\u00f3 sus estudios de primaria y secundaria en el Colegio La Inmaculada (1978-1988) y Medicina Humana en la Universidad Peruana Cayetano Heredia (1990-1997), SERUMS por la Marina de Guerra del Per\u00fa (1998-1999) e ingresa a la especialidad de Cirug\u00eda General y Oncol\u00f3gica en el a\u00f1o 1999 [&hellip;]\" \/>\n<meta property=\"og:url\" content=\"https:\/\/drmauricioleon.net\/portal\/tu-medico\/hoja-de-vida\/\" \/>\n<meta property=\"og:site_name\" content=\"Dr Mauricio Le\u00f3n\" \/>\n<meta property=\"article:publisher\" content=\"https:\/\/www.facebook.com\/Dr.mauricioleon\" \/>\n<meta property=\"article:modified_time\" content=\"2026-02-03T22:00:04+00:00\" \/>\n<meta property=\"og:image\" content=\"https:\/\/drmauricioleon.net\/portal\/wp-content\/uploads\/2020\/03\/bg-hoja.jpg\" \/>\n\t<meta property=\"og:image:width\" content=\"1000\" \/>\n\t<meta property=\"og:image:height\" content=\"370\" \/>\n\t<meta property=\"og:image:type\" content=\"image\/jpeg\" \/>\n<meta name=\"twitter:card\" content=\"summary_large_image\" \/>\n<meta name=\"twitter:site\" content=\"@drleonmauricio\" \/>\n<meta name=\"twitter:label1\" content=\"Est. reading time\" \/>\n\t<meta name=\"twitter:data1\" content=\"5 minutos\" \/>\n<script type=\"application\/ld+json\" class=\"yoast-schema-graph\">{\"@context\":\"https:\/\/schema.org\",\"@graph\":[{\"@type\":\"Organization\",\"@id\":\"https:\/\/drmauricioleon.net\/portal\/#organization\",\"name\":\"Dr. Mauricio Le\u00f3n\",\"url\":\"https:\/\/drmauricioleon.net\/portal\/\",\"sameAs\":[\"https:\/\/www.facebook.com\/Dr.mauricioleon\",\"https:\/\/www.linkedin.com\/in\/mauricio-le\u00f3n-rivera-ab525598\",\"http:\/\/www.youtube.com\/user\/centrodetector\",\"https:\/\/twitter.com\/drleonmauricio\"],\"logo\":{\"@type\":\"ImageObject\",\"@id\":\"https:\/\/drmauricioleon.net\/portal\/#logo\",\"inLanguage\":\"es-PE\",\"url\":\"https:\/\/drmauricioleon.net\/portal\/wp-content\/uploads\/2020\/01\/logo-drml-e1586281768776.png\",\"contentUrl\":\"https:\/\/drmauricioleon.net\/portal\/wp-content\/uploads\/2020\/01\/logo-drml-e1586281768776.png\",\"width\":220,\"height\":72,\"caption\":\"Dr. Mauricio Le\u00f3n\"},\"image\":{\"@id\":\"https:\/\/drmauricioleon.net\/portal\/#logo\"}},{\"@type\":\"WebSite\",\"@id\":\"https:\/\/drmauricioleon.net\/portal\/#website\",\"url\":\"https:\/\/drmauricioleon.net\/portal\/\",\"name\":\"Dr Mauricio Le\u00f3n\",\"description\":\"Cirujano general y onc\u00f3logo y sub especialista en tumores de Mamas, Tejidos Blandos y Piel. Es m\u00e9dico staff de la Cl\u00ednica Ricardo Palma y de Oncosalud.\",\"publisher\":{\"@id\":\"https:\/\/drmauricioleon.net\/portal\/#organization\"},\"potentialAction\":[{\"@type\":\"SearchAction\",\"target\":{\"@type\":\"EntryPoint\",\"urlTemplate\":\"https:\/\/drmauricioleon.net\/portal\/?s={search_term_string}\"},\"query-input\":\"required name=search_term_string\"}],\"inLanguage\":\"es-PE\"},{\"@type\":\"ImageObject\",\"@id\":\"https:\/\/drmauricioleon.net\/portal\/tu-medico\/hoja-de-vida\/#primaryimage\",\"inLanguage\":\"es-PE\",\"url\":\"https:\/\/drmauricioleon.net\/portal\/wp-content\/uploads\/2020\/03\/bg-hoja.jpg\",\"contentUrl\":\"https:\/\/drmauricioleon.net\/portal\/wp-content\/uploads\/2020\/03\/bg-hoja.jpg\",\"width\":1000,\"height\":370},{\"@type\":\"WebPage\",\"@id\":\"https:\/\/drmauricioleon.net\/portal\/tu-medico\/hoja-de-vida\/#webpage\",\"url\":\"https:\/\/drmauricioleon.net\/portal\/tu-medico\/hoja-de-vida\/\",\"name\":\"Hoja de Vida - Dr Mauricio Le\u00f3n\",\"isPartOf\":{\"@id\":\"https:\/\/drmauricioleon.net\/portal\/#website\"},\"primaryImageOfPage\":{\"@id\":\"https:\/\/drmauricioleon.net\/portal\/tu-medico\/hoja-de-vida\/#primaryimage\"},\"datePublished\":\"2020-02-11T05:03:49+00:00\",\"dateModified\":\"2026-02-03T22:00:04+00:00\",\"breadcrumb\":{\"@id\":\"https:\/\/drmauricioleon.net\/portal\/tu-medico\/hoja-de-vida\/#breadcrumb\"},\"inLanguage\":\"es-PE\",\"potentialAction\":[{\"@type\":\"ReadAction\",\"target\":[\"https:\/\/drmauricioleon.net\/portal\/tu-medico\/hoja-de-vida\/\"]}]},{\"@type\":\"BreadcrumbList\",\"@id\":\"https:\/\/drmauricioleon.net\/portal\/tu-medico\/hoja-de-vida\/#breadcrumb\",\"itemListElement\":[{\"@type\":\"ListItem\",\"position\":1,\"name\":\"Portada\",\"item\":\"https:\/\/drmauricioleon.net\/portal\/\"},{\"@type\":\"ListItem\",\"position\":2,\"name\":\"T\u00fa m\u00e9dico\",\"item\":\"https:\/\/drmauricioleon.net\/portal\/tu-medico\/\"},{\"@type\":\"ListItem\",\"position\":3,\"name\":\"Hoja de Vida\"}]}]}<\/script>\n<!-- \/ Yoast SEO plugin. -->","yoast_head_json":{"title":"Hoja de Vida - Dr Mauricio Le\u00f3n","robots":{"index":"index","follow":"follow","max-snippet":"max-snippet:-1","max-image-preview":"max-image-preview:large","max-video-preview":"max-video-preview:-1"},"canonical":"https:\/\/drmauricioleon.net\/portal\/tu-medico\/hoja-de-vida\/","og_locale":"es_ES","og_type":"article","og_title":"Hoja de Vida - Dr Mauricio Le\u00f3n","og_description":"[vc_row color_set=&#8221;light_section&#8221; full_width=&#8221;0&#8243; full_height=&#8221;0&#8243; sep_bottom=&#8221;separator_bottom sep_angled_positive_bottom&#8221; particles=&#8221;0&#8243; el_id=&#8221;facilities&#8221;][vc_column margin=&#8221;margin_bottom_grid&#8221; offset=&#8221;vc_col-md-6&#8243;][vc_column_text]Complet\u00f3 sus estudios de primaria y secundaria en el Colegio La Inmaculada (1978-1988) y Medicina Humana en la Universidad Peruana Cayetano Heredia (1990-1997), SERUMS por la Marina de Guerra del Per\u00fa (1998-1999) e ingresa a la especialidad de Cirug\u00eda General y Oncol\u00f3gica en el a\u00f1o 1999 [&hellip;]","og_url":"https:\/\/drmauricioleon.net\/portal\/tu-medico\/hoja-de-vida\/","og_site_name":"Dr Mauricio Le\u00f3n","article_publisher":"https:\/\/www.facebook.com\/Dr.mauricioleon","article_modified_time":"2026-02-03T22:00:04+00:00","og_image":[{"width":1000,"height":370,"url":"https:\/\/drmauricioleon.net\/portal\/wp-content\/uploads\/2020\/03\/bg-hoja.jpg","type":"image\/jpeg"}],"twitter_card":"summary_large_image","twitter_site":"@drleonmauricio","twitter_misc":{"Est. reading time":"5 minutos"},"schema":{"@context":"https:\/\/schema.org","@graph":[{"@type":"Organization","@id":"https:\/\/drmauricioleon.net\/portal\/#organization","name":"Dr. Mauricio Le\u00f3n","url":"https:\/\/drmauricioleon.net\/portal\/","sameAs":["https:\/\/www.facebook.com\/Dr.mauricioleon","https:\/\/www.linkedin.com\/in\/mauricio-le\u00f3n-rivera-ab525598","http:\/\/www.youtube.com\/user\/centrodetector","https:\/\/twitter.com\/drleonmauricio"],"logo":{"@type":"ImageObject","@id":"https:\/\/drmauricioleon.net\/portal\/#logo","inLanguage":"es-PE","url":"https:\/\/drmauricioleon.net\/portal\/wp-content\/uploads\/2020\/01\/logo-drml-e1586281768776.png","contentUrl":"https:\/\/drmauricioleon.net\/portal\/wp-content\/uploads\/2020\/01\/logo-drml-e1586281768776.png","width":220,"height":72,"caption":"Dr. Mauricio Le\u00f3n"},"image":{"@id":"https:\/\/drmauricioleon.net\/portal\/#logo"}},{"@type":"WebSite","@id":"https:\/\/drmauricioleon.net\/portal\/#website","url":"https:\/\/drmauricioleon.net\/portal\/","name":"Dr Mauricio Le\u00f3n","description":"Cirujano general y onc\u00f3logo y sub especialista en tumores de Mamas, Tejidos Blandos y Piel. Es m\u00e9dico staff de la Cl\u00ednica Ricardo Palma y de Oncosalud.","publisher":{"@id":"https:\/\/drmauricioleon.net\/portal\/#organization"},"potentialAction":[{"@type":"SearchAction","target":{"@type":"EntryPoint","urlTemplate":"https:\/\/drmauricioleon.net\/portal\/?s={search_term_string}"},"query-input":"required name=search_term_string"}],"inLanguage":"es-PE"},{"@type":"ImageObject","@id":"https:\/\/drmauricioleon.net\/portal\/tu-medico\/hoja-de-vida\/#primaryimage","inLanguage":"es-PE","url":"https:\/\/drmauricioleon.net\/portal\/wp-content\/uploads\/2020\/03\/bg-hoja.jpg","contentUrl":"https:\/\/drmauricioleon.net\/portal\/wp-content\/uploads\/2020\/03\/bg-hoja.jpg","width":1000,"height":370},{"@type":"WebPage","@id":"https:\/\/drmauricioleon.net\/portal\/tu-medico\/hoja-de-vida\/#webpage","url":"https:\/\/drmauricioleon.net\/portal\/tu-medico\/hoja-de-vida\/","name":"Hoja de Vida - Dr Mauricio Le\u00f3n","isPartOf":{"@id":"https:\/\/drmauricioleon.net\/portal\/#website"},"primaryImageOfPage":{"@id":"https:\/\/drmauricioleon.net\/portal\/tu-medico\/hoja-de-vida\/#primaryimage"},"datePublished":"2020-02-11T05:03:49+00:00","dateModified":"2026-02-03T22:00:04+00:00","breadcrumb":{"@id":"https:\/\/drmauricioleon.net\/portal\/tu-medico\/hoja-de-vida\/#breadcrumb"},"inLanguage":"es-PE","potentialAction":[{"@type":"ReadAction","target":["https:\/\/drmauricioleon.net\/portal\/tu-medico\/hoja-de-vida\/"]}]},{"@type":"BreadcrumbList","@id":"https:\/\/drmauricioleon.net\/portal\/tu-medico\/hoja-de-vida\/#breadcrumb","itemListElement":[{"@type":"ListItem","position":1,"name":"Portada","item":"https:\/\/drmauricioleon.net\/portal\/"},{"@type":"ListItem","position":2,"name":"T\u00fa m\u00e9dico","item":"https:\/\/drmauricioleon.net\/portal\/tu-medico\/"},{"@type":"ListItem","position":3,"name":"Hoja de Vida"}]}]}},"_links":{"self":[{"href":"https:\/\/drmauricioleon.net\/portal\/wp-json\/wp\/v2\/pages\/2608"}],"collection":[{"href":"https:\/\/drmauricioleon.net\/portal\/wp-json\/wp\/v2\/pages"}],"about":[{"href":"https:\/\/drmauricioleon.net\/portal\/wp-json\/wp\/v2\/types\/page"}],"author":[{"embeddable":true,"href":"https:\/\/drmauricioleon.net\/portal\/wp-json\/wp\/v2\/users\/1"}],"replies":[{"embeddable":true,"href":"https:\/\/drmauricioleon.net\/portal\/wp-json\/wp\/v2\/comments?post=2608"}],"version-history":[{"count":38,"href":"https:\/\/drmauricioleon.net\/portal\/wp-json\/wp\/v2\/pages\/2608\/revisions"}],"predecessor-version":[{"id":4626,"href":"https:\/\/drmauricioleon.net\/portal\/wp-json\/wp\/v2\/pages\/2608\/revisions\/4626"}],"up":[{"embeddable":true,"href":"https:\/\/drmauricioleon.net\/portal\/wp-json\/wp\/v2\/pages\/2320"}],"wp:featuredmedia":[{"embeddable":true,"href":"https:\/\/drmauricioleon.net\/portal\/wp-json\/wp\/v2\/media\/3215"}],"wp:attachment":[{"href":"https:\/\/drmauricioleon.net\/portal\/wp-json\/wp\/v2\/media?parent=2608"}],"curies":[{"name":"wp","href":"https:\/\/api.w.org\/{rel}","templated":true}]}}