{"id":255,"date":"2015-09-29T11:36:16","date_gmt":"2015-09-29T11:36:16","guid":{"rendered":"http:\/\/plethorathemes.com\/healthx\/?page_id=255"},"modified":"2020-04-13T20:56:27","modified_gmt":"2020-04-13T20:56:27","slug":"contacto-y-consultas-de-cancer","status":"publish","type":"page","link":"https:\/\/drmauricioleon.net\/portal\/contacto-y-consultas-de-cancer\/","title":{"rendered":"Contacto"},"content":{"rendered":"<p>[vc_row full_width=&#8221;0&#8243; full_height=&#8221;0&#8243; row_padding=&#8221;no_padding&#8221; particles=&#8221;0&#8243;][vc_column width=&#8221;1\/2&#8243; heading_align=&#8221;text-center&#8221; color_set=&#8221;secondary_section&#8221; boxed=&#8221;boxed_plus&#8221; margin=&#8221;margin_bottom_grid&#8221;][vc_empty_space height=&#8221;64px&#8221;]<div role=\"form\" class=\"wpcf7\" id=\"wpcf7-f8-o1\" lang=\"es-PE\" dir=\"ltr\">\n<div class=\"screen-reader-response\"><p role=\"status\" aria-live=\"polite\" aria-atomic=\"true\"><\/p> <ul><\/ul><\/div>\n<form action=\"\/portal\/wp-json\/wp\/v2\/pages\/255#wpcf7-f8-o1\" method=\"post\" class=\"wpcf7-form init\" novalidate=\"novalidate\" data-status=\"init\">\n<div style=\"display: none;\">\n<input type=\"hidden\" name=\"_wpcf7\" value=\"8\" \/>\n<input type=\"hidden\" name=\"_wpcf7_version\" value=\"5.5.6\" \/>\n<input type=\"hidden\" name=\"_wpcf7_locale\" value=\"es_PE\" \/>\n<input type=\"hidden\" name=\"_wpcf7_unit_tag\" value=\"wpcf7-f8-o1\" \/>\n<input type=\"hidden\" name=\"_wpcf7_container_post\" value=\"0\" \/>\n<input type=\"hidden\" name=\"_wpcf7_posted_data_hash\" value=\"\" \/>\n<\/div>\n<p><label> Tu nombre (requerido)<br \/>\n    <span class=\"wpcf7-form-control-wrap your-name\"><input type=\"text\" name=\"your-name\" value=\"\" size=\"40\" class=\"wpcf7-form-control wpcf7-form-control form-control wpcf7-validates-as-required\" aria-required=\"true\" aria-invalid=\"false\" \/><\/span> <\/label><\/p>\n<p><label> Tu correo electr\u00f3nico (requerido)<br \/>\n    <span class=\"wpcf7-form-control-wrap your-email\"><input type=\"email\" name=\"your-email\" value=\"\" size=\"40\" class=\"wpcf7-form-control wpcf7-form-control form-control wpcf7-form-control form-control wpcf7-validates-as-required wpcf7-validates-as-email\" aria-required=\"true\" aria-invalid=\"false\" \/><\/span> <\/label><\/p>\n<p><label> Asunto<br \/>\n    <span class=\"wpcf7-form-control-wrap your-subject\"><input type=\"text\" name=\"your-subject\" value=\"\" size=\"40\" class=\"wpcf7-form-control wpcf7-form-control form-control\" aria-invalid=\"false\" \/><\/span> <\/label><\/p>\n<p><label> Tu mensaje<br \/>\n    <span class=\"wpcf7-form-control-wrap your-message\"><textarea name=\"your-message\" cols=\"40\" rows=\"10\" class=\"wpcf7-form-control wpcf7-form-control wpcf7-form-control form-control\" aria-invalid=\"false\"><\/textarea><\/span> <\/label><\/p>\n<p><input type=\"submit\" value=\"Enviar\" class=\"wpcf7-form-control has-spinner wpcf7-submit btn btn-primary\" \/><\/p>\n<p style=\"display: none !important;\"><label>&#916;<textarea name=\"_wpcf7_ak_hp_textarea\" cols=\"45\" rows=\"8\" maxlength=\"100\"><\/textarea><\/label><input type=\"hidden\" id=\"ak_js_1\" name=\"_wpcf7_ak_js\" value=\"117\"\/><script>document.getElementById( \"ak_js_1\" ).setAttribute( \"value\", ( new Date() ).getTime() );<\/script><\/p><div class=\"wpcf7-response-output\" aria-hidden=\"true\"><\/div><\/form><\/div>[vc_empty_space][\/vc_column][vc_column width=&#8221;1\/2&#8243; heading_align=&#8221;text-center&#8221; boxed=&#8221;boxed_plus&#8221;][vc_empty_space height=&#8221;64px&#8221;][vc_single_image image=&#8221;1162&#8243; img_size=&#8221;&#8221;][vc_text_separator title=&#8221;Informaci\u00f3n de Contacto&#8221; title_align=&#8221;separator_align_left&#8221;][vc_column_text]<\/p>\n<div class=\"wpb_text_column wpb_content_element \">\n<div class=\"wpb_wrapper\">\n<p>El director m\u00e9dico del Centro Detector del C\u00e1ncer, cirujano general y onc\u00f3logo y subespecialista en tumores de Mamas, Tejidos Blandos y Piel es m\u00e9dico staff de la Cl\u00ednica Ricardo Palma y de Oncosalud.<\/p>\n<p><strong>Horario:<\/strong> Previa Cita<\/p>\n<p><strong>(01) 2258008 \/ (01) 4765450 \/ 994628070<br \/>\n<\/strong><\/p>\n<p><strong>info@rmauricioleon.net<\/strong><\/p>\n<p>Calle Alfa F-76. Urb. Juan XXIII, San Borja, Lima, Per\u00fa.<\/p>\n<\/div>\n<\/div>\n<p><iframe loading=\"lazy\" style=\"border: 0;\" src=\"https:\/\/www.google.com\/maps\/embed?pb=!1m18!1m12!1m3!1d3901.0405039766874!2d-76.99978018514747!3d-12.10937974636553!2m3!1f0!2f0!3f0!3m2!1i1024!2i768!4f13.1!3m3!1m2!1s0x9105c7e88adf589d%3A0x2ec51a4ed3a4ad8a!2sJuan%20XXIII%2C%20Cercado%20de%20Lima%2015037!5e0!3m2!1ses!2spe!4v1579645352396!5m2!1ses!2spe\" width=\"600\" height=\"450\" frameborder=\"0\" allowfullscreen=\"allowfullscreen\"><\/iframe>[\/vc_column_text][\/vc_column][\/vc_row]<\/p>\n","protected":false},"excerpt":{"rendered":"<p>[vc_row full_width=&#8221;0&#8243; full_height=&#8221;0&#8243; row_padding=&#8221;no_padding&#8221; particles=&#8221;0&#8243;][vc_column width=&#8221;1\/2&#8243; heading_align=&#8221;text-center&#8221; color_set=&#8221;secondary_section&#8221; boxed=&#8221;boxed_plus&#8221; margin=&#8221;margin_bottom_grid&#8221;][vc_empty_space height=&#8221;64px&#8221;][vc_empty_space][\/vc_column][vc_column width=&#8221;1\/2&#8243; heading_align=&#8221;text-center&#8221; boxed=&#8221;boxed_plus&#8221;][vc_empty_space height=&#8221;64px&#8221;][vc_single_image image=&#8221;1162&#8243; img_size=&#8221;&#8221;][vc_text_separator title=&#8221;Informaci\u00f3n de Contacto&#8221; title_align=&#8221;separator_align_left&#8221;][vc_column_text] El director m\u00e9dico del Centro Detector del C\u00e1ncer, cirujano general y onc\u00f3logo y subespecialista en tumores de Mamas, Tejidos Blandos y Piel es m\u00e9dico staff de la Cl\u00ednica Ricardo Palma y de Oncosalud. Horario: [&hellip;]<\/p>\n","protected":false},"author":1,"featured_media":2501,"parent":0,"menu_order":0,"comment_status":"closed","ping_status":"closed","template":"","meta":[],"yoast_head":"<!-- This site is optimized with the Yoast SEO plugin v18.3 - https:\/\/yoast.com\/wordpress\/plugins\/seo\/ -->\n<title>contacto y consultas<\/title>\n<meta name=\"description\" content=\"Consultas del c\u00e1ncer de piel, mama y sarcoma. El c\u00e1ncer de mama \u00bfQu\u00e9 es? Factores de riesgo. Se\u00f1ales. Detecci\u00f3n y Diagn\u00f3stico. Mamograf\u00eda. Autoexamen de mama. Patolog\u00edas benignas \u00a1No dude en consultar!\" \/>\n<meta name=\"robots\" content=\"index, follow, max-snippet:-1, max-image-preview:large, max-video-preview:-1\" \/>\n<link rel=\"canonical\" href=\"https:\/\/drmauricioleon.net\/portal\/contacto-y-consultas-de-cancer\/\" \/>\n<meta property=\"og:locale\" content=\"es_ES\" \/>\n<meta property=\"og:type\" content=\"article\" \/>\n<meta property=\"og:title\" content=\"contacto y consultas\" \/>\n<meta property=\"og:description\" content=\"Consultas del c\u00e1ncer de piel, mama y sarcoma. El c\u00e1ncer de mama \u00bfQu\u00e9 es? Factores de riesgo. Se\u00f1ales. Detecci\u00f3n y Diagn\u00f3stico. Mamograf\u00eda. Autoexamen de mama. Patolog\u00edas benignas \u00a1No dude en consultar!\" \/>\n<meta property=\"og:url\" content=\"https:\/\/drmauricioleon.net\/portal\/contacto-y-consultas-de-cancer\/\" \/>\n<meta property=\"og:site_name\" content=\"Dr Mauricio Le\u00f3n\" \/>\n<meta property=\"article:publisher\" content=\"https:\/\/www.facebook.com\/Dr.mauricioleon\" \/>\n<meta property=\"article:modified_time\" content=\"2020-04-13T20:56:27+00:00\" \/>\n<meta property=\"og:image\" content=\"https:\/\/drmauricioleon.net\/portal\/wp-content\/uploads\/2020\/01\/fachada-cdc2017b.jpg\" \/>\n\t<meta property=\"og:image:width\" content=\"1600\" \/>\n\t<meta property=\"og:image:height\" content=\"556\" \/>\n\t<meta property=\"og:image:type\" content=\"image\/jpeg\" \/>\n<meta name=\"twitter:card\" content=\"summary_large_image\" \/>\n<meta name=\"twitter:site\" content=\"@drleonmauricio\" \/>\n<meta name=\"twitter:label1\" content=\"Est. reading time\" \/>\n\t<meta name=\"twitter:data1\" content=\"1 minuto\" \/>\n<script type=\"application\/ld+json\" class=\"yoast-schema-graph\">{\"@context\":\"https:\/\/schema.org\",\"@graph\":[{\"@type\":\"Organization\",\"@id\":\"https:\/\/drmauricioleon.net\/portal\/#organization\",\"name\":\"Dr. Mauricio Le\u00f3n\",\"url\":\"https:\/\/drmauricioleon.net\/portal\/\",\"sameAs\":[\"https:\/\/www.facebook.com\/Dr.mauricioleon\",\"https:\/\/www.linkedin.com\/in\/mauricio-le\u00f3n-rivera-ab525598\",\"http:\/\/www.youtube.com\/user\/centrodetector\",\"https:\/\/twitter.com\/drleonmauricio\"],\"logo\":{\"@type\":\"ImageObject\",\"@id\":\"https:\/\/drmauricioleon.net\/portal\/#logo\",\"inLanguage\":\"es-PE\",\"url\":\"https:\/\/drmauricioleon.net\/portal\/wp-content\/uploads\/2020\/01\/logo-drml-e1586281768776.png\",\"contentUrl\":\"https:\/\/drmauricioleon.net\/portal\/wp-content\/uploads\/2020\/01\/logo-drml-e1586281768776.png\",\"width\":220,\"height\":72,\"caption\":\"Dr. Mauricio Le\u00f3n\"},\"image\":{\"@id\":\"https:\/\/drmauricioleon.net\/portal\/#logo\"}},{\"@type\":\"WebSite\",\"@id\":\"https:\/\/drmauricioleon.net\/portal\/#website\",\"url\":\"https:\/\/drmauricioleon.net\/portal\/\",\"name\":\"Dr Mauricio Le\u00f3n\",\"description\":\"Cirujano general y onc\u00f3logo y sub especialista en tumores de Mamas, Tejidos Blandos y Piel. Es m\u00e9dico staff de la Cl\u00ednica Ricardo Palma y de Oncosalud.\",\"publisher\":{\"@id\":\"https:\/\/drmauricioleon.net\/portal\/#organization\"},\"potentialAction\":[{\"@type\":\"SearchAction\",\"target\":{\"@type\":\"EntryPoint\",\"urlTemplate\":\"https:\/\/drmauricioleon.net\/portal\/?s={search_term_string}\"},\"query-input\":\"required name=search_term_string\"}],\"inLanguage\":\"es-PE\"},{\"@type\":\"ImageObject\",\"@id\":\"https:\/\/drmauricioleon.net\/portal\/contacto-y-consultas-de-cancer\/#primaryimage\",\"inLanguage\":\"es-PE\",\"url\":\"https:\/\/drmauricioleon.net\/portal\/wp-content\/uploads\/2020\/01\/fachada-cdc2017b.jpg\",\"contentUrl\":\"https:\/\/drmauricioleon.net\/portal\/wp-content\/uploads\/2020\/01\/fachada-cdc2017b.jpg\",\"width\":1600,\"height\":556},{\"@type\":\"WebPage\",\"@id\":\"https:\/\/drmauricioleon.net\/portal\/contacto-y-consultas-de-cancer\/#webpage\",\"url\":\"https:\/\/drmauricioleon.net\/portal\/contacto-y-consultas-de-cancer\/\",\"name\":\"contacto y consultas\",\"isPartOf\":{\"@id\":\"https:\/\/drmauricioleon.net\/portal\/#website\"},\"primaryImageOfPage\":{\"@id\":\"https:\/\/drmauricioleon.net\/portal\/contacto-y-consultas-de-cancer\/#primaryimage\"},\"datePublished\":\"2015-09-29T11:36:16+00:00\",\"dateModified\":\"2020-04-13T20:56:27+00:00\",\"description\":\"Consultas del c\u00e1ncer de piel, mama y sarcoma. El c\u00e1ncer de mama \u00bfQu\u00e9 es? Factores de riesgo. Se\u00f1ales. Detecci\u00f3n y Diagn\u00f3stico. Mamograf\u00eda. Autoexamen de mama. Patolog\u00edas benignas \u00a1No dude en consultar!\",\"breadcrumb\":{\"@id\":\"https:\/\/drmauricioleon.net\/portal\/contacto-y-consultas-de-cancer\/#breadcrumb\"},\"inLanguage\":\"es-PE\",\"potentialAction\":[{\"@type\":\"ReadAction\",\"target\":[\"https:\/\/drmauricioleon.net\/portal\/contacto-y-consultas-de-cancer\/\"]}]},{\"@type\":\"BreadcrumbList\",\"@id\":\"https:\/\/drmauricioleon.net\/portal\/contacto-y-consultas-de-cancer\/#breadcrumb\",\"itemListElement\":[{\"@type\":\"ListItem\",\"position\":1,\"name\":\"Portada\",\"item\":\"https:\/\/drmauricioleon.net\/portal\/\"},{\"@type\":\"ListItem\",\"position\":2,\"name\":\"Contacto\"}]}]}<\/script>\n<!-- \/ Yoast SEO plugin. -->","yoast_head_json":{"title":"contacto y consultas","description":"Consultas del c\u00e1ncer de piel, mama y sarcoma. El c\u00e1ncer de mama \u00bfQu\u00e9 es? Factores de riesgo. Se\u00f1ales. Detecci\u00f3n y Diagn\u00f3stico. Mamograf\u00eda. Autoexamen de mama. Patolog\u00edas benignas \u00a1No dude en consultar!","robots":{"index":"index","follow":"follow","max-snippet":"max-snippet:-1","max-image-preview":"max-image-preview:large","max-video-preview":"max-video-preview:-1"},"canonical":"https:\/\/drmauricioleon.net\/portal\/contacto-y-consultas-de-cancer\/","og_locale":"es_ES","og_type":"article","og_title":"contacto y consultas","og_description":"Consultas del c\u00e1ncer de piel, mama y sarcoma. El c\u00e1ncer de mama \u00bfQu\u00e9 es? Factores de riesgo. Se\u00f1ales. Detecci\u00f3n y Diagn\u00f3stico. Mamograf\u00eda. Autoexamen de mama. Patolog\u00edas benignas \u00a1No dude en consultar!","og_url":"https:\/\/drmauricioleon.net\/portal\/contacto-y-consultas-de-cancer\/","og_site_name":"Dr Mauricio Le\u00f3n","article_publisher":"https:\/\/www.facebook.com\/Dr.mauricioleon","article_modified_time":"2020-04-13T20:56:27+00:00","og_image":[{"width":1600,"height":556,"url":"https:\/\/drmauricioleon.net\/portal\/wp-content\/uploads\/2020\/01\/fachada-cdc2017b.jpg","type":"image\/jpeg"}],"twitter_card":"summary_large_image","twitter_site":"@drleonmauricio","twitter_misc":{"Est. reading time":"1 minuto"},"schema":{"@context":"https:\/\/schema.org","@graph":[{"@type":"Organization","@id":"https:\/\/drmauricioleon.net\/portal\/#organization","name":"Dr. Mauricio Le\u00f3n","url":"https:\/\/drmauricioleon.net\/portal\/","sameAs":["https:\/\/www.facebook.com\/Dr.mauricioleon","https:\/\/www.linkedin.com\/in\/mauricio-le\u00f3n-rivera-ab525598","http:\/\/www.youtube.com\/user\/centrodetector","https:\/\/twitter.com\/drleonmauricio"],"logo":{"@type":"ImageObject","@id":"https:\/\/drmauricioleon.net\/portal\/#logo","inLanguage":"es-PE","url":"https:\/\/drmauricioleon.net\/portal\/wp-content\/uploads\/2020\/01\/logo-drml-e1586281768776.png","contentUrl":"https:\/\/drmauricioleon.net\/portal\/wp-content\/uploads\/2020\/01\/logo-drml-e1586281768776.png","width":220,"height":72,"caption":"Dr. Mauricio Le\u00f3n"},"image":{"@id":"https:\/\/drmauricioleon.net\/portal\/#logo"}},{"@type":"WebSite","@id":"https:\/\/drmauricioleon.net\/portal\/#website","url":"https:\/\/drmauricioleon.net\/portal\/","name":"Dr Mauricio Le\u00f3n","description":"Cirujano general y onc\u00f3logo y sub especialista en tumores de Mamas, Tejidos Blandos y Piel. Es m\u00e9dico staff de la Cl\u00ednica Ricardo Palma y de Oncosalud.","publisher":{"@id":"https:\/\/drmauricioleon.net\/portal\/#organization"},"potentialAction":[{"@type":"SearchAction","target":{"@type":"EntryPoint","urlTemplate":"https:\/\/drmauricioleon.net\/portal\/?s={search_term_string}"},"query-input":"required name=search_term_string"}],"inLanguage":"es-PE"},{"@type":"ImageObject","@id":"https:\/\/drmauricioleon.net\/portal\/contacto-y-consultas-de-cancer\/#primaryimage","inLanguage":"es-PE","url":"https:\/\/drmauricioleon.net\/portal\/wp-content\/uploads\/2020\/01\/fachada-cdc2017b.jpg","contentUrl":"https:\/\/drmauricioleon.net\/portal\/wp-content\/uploads\/2020\/01\/fachada-cdc2017b.jpg","width":1600,"height":556},{"@type":"WebPage","@id":"https:\/\/drmauricioleon.net\/portal\/contacto-y-consultas-de-cancer\/#webpage","url":"https:\/\/drmauricioleon.net\/portal\/contacto-y-consultas-de-cancer\/","name":"contacto y consultas","isPartOf":{"@id":"https:\/\/drmauricioleon.net\/portal\/#website"},"primaryImageOfPage":{"@id":"https:\/\/drmauricioleon.net\/portal\/contacto-y-consultas-de-cancer\/#primaryimage"},"datePublished":"2015-09-29T11:36:16+00:00","dateModified":"2020-04-13T20:56:27+00:00","description":"Consultas del c\u00e1ncer de piel, mama y sarcoma. El c\u00e1ncer de mama \u00bfQu\u00e9 es? Factores de riesgo. Se\u00f1ales. Detecci\u00f3n y Diagn\u00f3stico. Mamograf\u00eda. Autoexamen de mama. Patolog\u00edas benignas \u00a1No dude en consultar!","breadcrumb":{"@id":"https:\/\/drmauricioleon.net\/portal\/contacto-y-consultas-de-cancer\/#breadcrumb"},"inLanguage":"es-PE","potentialAction":[{"@type":"ReadAction","target":["https:\/\/drmauricioleon.net\/portal\/contacto-y-consultas-de-cancer\/"]}]},{"@type":"BreadcrumbList","@id":"https:\/\/drmauricioleon.net\/portal\/contacto-y-consultas-de-cancer\/#breadcrumb","itemListElement":[{"@type":"ListItem","position":1,"name":"Portada","item":"https:\/\/drmauricioleon.net\/portal\/"},{"@type":"ListItem","position":2,"name":"Contacto"}]}]}},"_links":{"self":[{"href":"https:\/\/drmauricioleon.net\/portal\/wp-json\/wp\/v2\/pages\/255"}],"collection":[{"href":"https:\/\/drmauricioleon.net\/portal\/wp-json\/wp\/v2\/pages"}],"about":[{"href":"https:\/\/drmauricioleon.net\/portal\/wp-json\/wp\/v2\/types\/page"}],"author":[{"embeddable":true,"href":"https:\/\/drmauricioleon.net\/portal\/wp-json\/wp\/v2\/users\/1"}],"replies":[{"embeddable":true,"href":"https:\/\/drmauricioleon.net\/portal\/wp-json\/wp\/v2\/comments?post=255"}],"version-history":[{"count":16,"href":"https:\/\/drmauricioleon.net\/portal\/wp-json\/wp\/v2\/pages\/255\/revisions"}],"predecessor-version":[{"id":3338,"href":"https:\/\/drmauricioleon.net\/portal\/wp-json\/wp\/v2\/pages\/255\/revisions\/3338"}],"wp:featuredmedia":[{"embeddable":true,"href":"https:\/\/drmauricioleon.net\/portal\/wp-json\/wp\/v2\/media\/2501"}],"wp:attachment":[{"href":"https:\/\/drmauricioleon.net\/portal\/wp-json\/wp\/v2\/media?parent=255"}],"curies":[{"name":"wp","href":"https:\/\/api.w.org\/{rel}","templated":true}]}}