{"id":2264,"date":"2017-01-22T02:32:14","date_gmt":"2017-01-22T02:32:14","guid":{"rendered":"http:\/\/drmauricioleon.net\/portal\/?page_id=2264"},"modified":"2021-02-01T03:14:38","modified_gmt":"2021-02-01T03:14:38","slug":"videos-2017","status":"publish","type":"page","link":"https:\/\/drmauricioleon.net\/portal\/videos-2017\/","title":{"rendered":"Videos 2017"},"content":{"rendered":"<p>[vc_row][vc_column width=&#8221;1\/2&#8243;][vc_video link=&#8221;https:\/\/www.youtube.com\/watch?v=K3t95ShUYwY&#8221;][vc_video link=&#8221;https:\/\/www.youtube.com\/watch?v=iuiR_4suYs8&#8243;][vc_video link=&#8221;https:\/\/www.youtube.com\/watch?v=xo6bW4Bd5wE&amp;t=15s&#8221;][vc_video link=&#8221;https:\/\/www.youtube.com\/watch?v=A6ervV5Z5_M&amp;t=48s&#8221;][vc_video link=&#8221;https:\/\/www.youtube.com\/watch?v=WzfwYn70EKM&#8221;][vc_video link=&#8221;https:\/\/www.youtube.com\/watch?v=BjRDUOmYUcE&#8221;][vc_video link=&#8221;https:\/\/www.youtube.com\/watch?v=YTVBntcTd2U&#8221;][\/vc_column][vc_column width=&#8221;1\/2&#8243;][vc_video link=&#8221;https:\/\/www.youtube.com\/watch?v=V5eBDNupu98&#8243;][vc_video link=&#8221;https:\/\/www.youtube.com\/watch?v=4wefk9X6oXs&#8221;][vc_video link=&#8221;https:\/\/www.youtube.com\/watch?v=Cdnl-xoZZHo&#8221;][vc_video link=&#8221;https:\/\/www.youtube.com\/watch?v=Y6_aLGyNfhc&amp;t=5s&#8221;][vc_video link=&#8221;https:\/\/www.youtube.com\/watch?v=wXqje60wm04&#8243;][vc_video link=&#8221;https:\/\/www.youtube.com\/watch?v=wGgHBTkK_e8&#8243;][vc_video link=&#8221;https:\/\/www.youtube.com\/watch?v=YMLeBwzIctU&#8221;][\/vc_column][\/vc_row]<\/p>\n","protected":false},"excerpt":{"rendered":"<p>[vc_row][vc_column width=&#8221;1\/2&#8243;][vc_video link=&#8221;https:\/\/www.youtube.com\/watch?v=K3t95ShUYwY&#8221;][vc_video link=&#8221;https:\/\/www.youtube.com\/watch?v=iuiR_4suYs8&#8243;][vc_video link=&#8221;https:\/\/www.youtube.com\/watch?v=xo6bW4Bd5wE&amp;t=15s&#8221;][vc_video link=&#8221;https:\/\/www.youtube.com\/watch?v=A6ervV5Z5_M&amp;t=48s&#8221;][vc_video link=&#8221;https:\/\/www.youtube.com\/watch?v=WzfwYn70EKM&#8221;][vc_video link=&#8221;https:\/\/www.youtube.com\/watch?v=BjRDUOmYUcE&#8221;][vc_video link=&#8221;https:\/\/www.youtube.com\/watch?v=YTVBntcTd2U&#8221;][\/vc_column][vc_column width=&#8221;1\/2&#8243;][vc_video link=&#8221;https:\/\/www.youtube.com\/watch?v=V5eBDNupu98&#8243;][vc_video link=&#8221;https:\/\/www.youtube.com\/watch?v=4wefk9X6oXs&#8221;][vc_video link=&#8221;https:\/\/www.youtube.com\/watch?v=Cdnl-xoZZHo&#8221;][vc_video link=&#8221;https:\/\/www.youtube.com\/watch?v=Y6_aLGyNfhc&amp;t=5s&#8221;][vc_video link=&#8221;https:\/\/www.youtube.com\/watch?v=wXqje60wm04&#8243;][vc_video link=&#8221;https:\/\/www.youtube.com\/watch?v=wGgHBTkK_e8&#8243;][vc_video link=&#8221;https:\/\/www.youtube.com\/watch?v=YMLeBwzIctU&#8221;][\/vc_column][\/vc_row]<\/p>\n","protected":false},"author":1,"featured_media":0,"parent":0,"menu_order":0,"comment_status":"closed","ping_status":"closed","template":"","meta":[],"yoast_head":"<!-- This site is optimized with the Yoast SEO plugin v18.3 - https:\/\/yoast.com\/wordpress\/plugins\/seo\/ -->\n<title>Videos 2017 - Dr Mauricio Le\u00f3n<\/title>\n<meta name=\"robots\" content=\"index, follow, max-snippet:-1, max-image-preview:large, max-video-preview:-1\" \/>\n<link rel=\"canonical\" href=\"https:\/\/drmauricioleon.net\/portal\/videos-2017\/\" \/>\n<meta property=\"og:locale\" content=\"es_ES\" \/>\n<meta property=\"og:type\" content=\"article\" \/>\n<meta property=\"og:title\" content=\"Videos 2017 - Dr Mauricio Le\u00f3n\" \/>\n<meta property=\"og:description\" content=\"[vc_row][vc_column width=&#8221;1\/2&#8243;][vc_video link=&#8221;https:\/\/www.youtube.com\/watch?v=K3t95ShUYwY&#8221;][vc_video link=&#8221;https:\/\/www.youtube.com\/watch?v=iuiR_4suYs8&#8243;][vc_video link=&#8221;https:\/\/www.youtube.com\/watch?v=xo6bW4Bd5wE&amp;t=15s&#8221;][vc_video link=&#8221;https:\/\/www.youtube.com\/watch?v=A6ervV5Z5_M&amp;t=48s&#8221;][vc_video link=&#8221;https:\/\/www.youtube.com\/watch?v=WzfwYn70EKM&#8221;][vc_video link=&#8221;https:\/\/www.youtube.com\/watch?v=BjRDUOmYUcE&#8221;][vc_video link=&#8221;https:\/\/www.youtube.com\/watch?v=YTVBntcTd2U&#8221;][\/vc_column][vc_column width=&#8221;1\/2&#8243;][vc_video link=&#8221;https:\/\/www.youtube.com\/watch?v=V5eBDNupu98&#8243;][vc_video link=&#8221;https:\/\/www.youtube.com\/watch?v=4wefk9X6oXs&#8221;][vc_video link=&#8221;https:\/\/www.youtube.com\/watch?v=Cdnl-xoZZHo&#8221;][vc_video link=&#8221;https:\/\/www.youtube.com\/watch?v=Y6_aLGyNfhc&amp;t=5s&#8221;][vc_video link=&#8221;https:\/\/www.youtube.com\/watch?v=wXqje60wm04&#8243;][vc_video link=&#8221;https:\/\/www.youtube.com\/watch?v=wGgHBTkK_e8&#8243;][vc_video link=&#8221;https:\/\/www.youtube.com\/watch?v=YMLeBwzIctU&#8221;][\/vc_column][\/vc_row]\" \/>\n<meta property=\"og:url\" content=\"https:\/\/drmauricioleon.net\/portal\/videos-2017\/\" \/>\n<meta property=\"og:site_name\" content=\"Dr Mauricio Le\u00f3n\" \/>\n<meta property=\"article:publisher\" content=\"https:\/\/www.facebook.com\/Dr.mauricioleon\" \/>\n<meta property=\"article:modified_time\" content=\"2021-02-01T03:14:38+00:00\" \/>\n<meta property=\"og:image\" content=\"https:\/\/drmauricioleon.net\/portal\/wp-content\/uploads\/2020\/01\/drmauricio.jpg\" \/>\n\t<meta property=\"og:image:width\" content=\"570\" \/>\n\t<meta property=\"og:image:height\" content=\"570\" \/>\n\t<meta property=\"og:image:type\" content=\"image\/jpeg\" \/>\n<meta name=\"twitter:card\" content=\"summary_large_image\" \/>\n<meta name=\"twitter:site\" content=\"@drleonmauricio\" \/>\n<meta name=\"twitter:label1\" content=\"Est. reading time\" \/>\n\t<meta name=\"twitter:data1\" content=\"1 minuto\" \/>\n<script type=\"application\/ld+json\" class=\"yoast-schema-graph\">{\"@context\":\"https:\/\/schema.org\",\"@graph\":[{\"@type\":\"Organization\",\"@id\":\"https:\/\/drmauricioleon.net\/portal\/#organization\",\"name\":\"Dr. Mauricio Le\u00f3n\",\"url\":\"https:\/\/drmauricioleon.net\/portal\/\",\"sameAs\":[\"https:\/\/www.facebook.com\/Dr.mauricioleon\",\"https:\/\/www.linkedin.com\/in\/mauricio-le\u00f3n-rivera-ab525598\",\"http:\/\/www.youtube.com\/user\/centrodetector\",\"https:\/\/twitter.com\/drleonmauricio\"],\"logo\":{\"@type\":\"ImageObject\",\"@id\":\"https:\/\/drmauricioleon.net\/portal\/#logo\",\"inLanguage\":\"es-PE\",\"url\":\"https:\/\/drmauricioleon.net\/portal\/wp-content\/uploads\/2020\/01\/logo-drml-e1586281768776.png\",\"contentUrl\":\"https:\/\/drmauricioleon.net\/portal\/wp-content\/uploads\/2020\/01\/logo-drml-e1586281768776.png\",\"width\":220,\"height\":72,\"caption\":\"Dr. Mauricio Le\u00f3n\"},\"image\":{\"@id\":\"https:\/\/drmauricioleon.net\/portal\/#logo\"}},{\"@type\":\"WebSite\",\"@id\":\"https:\/\/drmauricioleon.net\/portal\/#website\",\"url\":\"https:\/\/drmauricioleon.net\/portal\/\",\"name\":\"Dr Mauricio Le\u00f3n\",\"description\":\"Cirujano general y onc\u00f3logo y sub especialista en tumores de Mamas, Tejidos Blandos y Piel. Es m\u00e9dico staff de la Cl\u00ednica Ricardo Palma y de Oncosalud.\",\"publisher\":{\"@id\":\"https:\/\/drmauricioleon.net\/portal\/#organization\"},\"potentialAction\":[{\"@type\":\"SearchAction\",\"target\":{\"@type\":\"EntryPoint\",\"urlTemplate\":\"https:\/\/drmauricioleon.net\/portal\/?s={search_term_string}\"},\"query-input\":\"required name=search_term_string\"}],\"inLanguage\":\"es-PE\"},{\"@type\":\"WebPage\",\"@id\":\"https:\/\/drmauricioleon.net\/portal\/videos-2017\/#webpage\",\"url\":\"https:\/\/drmauricioleon.net\/portal\/videos-2017\/\",\"name\":\"Videos 2017 - Dr Mauricio Le\u00f3n\",\"isPartOf\":{\"@id\":\"https:\/\/drmauricioleon.net\/portal\/#website\"},\"datePublished\":\"2017-01-22T02:32:14+00:00\",\"dateModified\":\"2021-02-01T03:14:38+00:00\",\"breadcrumb\":{\"@id\":\"https:\/\/drmauricioleon.net\/portal\/videos-2017\/#breadcrumb\"},\"inLanguage\":\"es-PE\",\"potentialAction\":[{\"@type\":\"ReadAction\",\"target\":[\"https:\/\/drmauricioleon.net\/portal\/videos-2017\/\"]}]},{\"@type\":\"BreadcrumbList\",\"@id\":\"https:\/\/drmauricioleon.net\/portal\/videos-2017\/#breadcrumb\",\"itemListElement\":[{\"@type\":\"ListItem\",\"position\":1,\"name\":\"Portada\",\"item\":\"https:\/\/drmauricioleon.net\/portal\/\"},{\"@type\":\"ListItem\",\"position\":2,\"name\":\"Videos 2017\"}]}]}<\/script>\n<!-- \/ Yoast SEO plugin. -->","yoast_head_json":{"title":"Videos 2017 - Dr Mauricio Le\u00f3n","robots":{"index":"index","follow":"follow","max-snippet":"max-snippet:-1","max-image-preview":"max-image-preview:large","max-video-preview":"max-video-preview:-1"},"canonical":"https:\/\/drmauricioleon.net\/portal\/videos-2017\/","og_locale":"es_ES","og_type":"article","og_title":"Videos 2017 - Dr Mauricio Le\u00f3n","og_description":"[vc_row][vc_column width=&#8221;1\/2&#8243;][vc_video link=&#8221;https:\/\/www.youtube.com\/watch?v=K3t95ShUYwY&#8221;][vc_video link=&#8221;https:\/\/www.youtube.com\/watch?v=iuiR_4suYs8&#8243;][vc_video link=&#8221;https:\/\/www.youtube.com\/watch?v=xo6bW4Bd5wE&amp;t=15s&#8221;][vc_video link=&#8221;https:\/\/www.youtube.com\/watch?v=A6ervV5Z5_M&amp;t=48s&#8221;][vc_video link=&#8221;https:\/\/www.youtube.com\/watch?v=WzfwYn70EKM&#8221;][vc_video link=&#8221;https:\/\/www.youtube.com\/watch?v=BjRDUOmYUcE&#8221;][vc_video link=&#8221;https:\/\/www.youtube.com\/watch?v=YTVBntcTd2U&#8221;][\/vc_column][vc_column width=&#8221;1\/2&#8243;][vc_video link=&#8221;https:\/\/www.youtube.com\/watch?v=V5eBDNupu98&#8243;][vc_video link=&#8221;https:\/\/www.youtube.com\/watch?v=4wefk9X6oXs&#8221;][vc_video link=&#8221;https:\/\/www.youtube.com\/watch?v=Cdnl-xoZZHo&#8221;][vc_video link=&#8221;https:\/\/www.youtube.com\/watch?v=Y6_aLGyNfhc&amp;t=5s&#8221;][vc_video link=&#8221;https:\/\/www.youtube.com\/watch?v=wXqje60wm04&#8243;][vc_video link=&#8221;https:\/\/www.youtube.com\/watch?v=wGgHBTkK_e8&#8243;][vc_video link=&#8221;https:\/\/www.youtube.com\/watch?v=YMLeBwzIctU&#8221;][\/vc_column][\/vc_row]","og_url":"https:\/\/drmauricioleon.net\/portal\/videos-2017\/","og_site_name":"Dr Mauricio Le\u00f3n","article_publisher":"https:\/\/www.facebook.com\/Dr.mauricioleon","article_modified_time":"2021-02-01T03:14:38+00:00","og_image":[{"width":570,"height":570,"url":"https:\/\/drmauricioleon.net\/portal\/wp-content\/uploads\/2020\/01\/drmauricio.jpg","type":"image\/jpeg"}],"twitter_card":"summary_large_image","twitter_site":"@drleonmauricio","twitter_misc":{"Est. reading time":"1 minuto"},"schema":{"@context":"https:\/\/schema.org","@graph":[{"@type":"Organization","@id":"https:\/\/drmauricioleon.net\/portal\/#organization","name":"Dr. Mauricio Le\u00f3n","url":"https:\/\/drmauricioleon.net\/portal\/","sameAs":["https:\/\/www.facebook.com\/Dr.mauricioleon","https:\/\/www.linkedin.com\/in\/mauricio-le\u00f3n-rivera-ab525598","http:\/\/www.youtube.com\/user\/centrodetector","https:\/\/twitter.com\/drleonmauricio"],"logo":{"@type":"ImageObject","@id":"https:\/\/drmauricioleon.net\/portal\/#logo","inLanguage":"es-PE","url":"https:\/\/drmauricioleon.net\/portal\/wp-content\/uploads\/2020\/01\/logo-drml-e1586281768776.png","contentUrl":"https:\/\/drmauricioleon.net\/portal\/wp-content\/uploads\/2020\/01\/logo-drml-e1586281768776.png","width":220,"height":72,"caption":"Dr. Mauricio Le\u00f3n"},"image":{"@id":"https:\/\/drmauricioleon.net\/portal\/#logo"}},{"@type":"WebSite","@id":"https:\/\/drmauricioleon.net\/portal\/#website","url":"https:\/\/drmauricioleon.net\/portal\/","name":"Dr Mauricio Le\u00f3n","description":"Cirujano general y onc\u00f3logo y sub especialista en tumores de Mamas, Tejidos Blandos y Piel. Es m\u00e9dico staff de la Cl\u00ednica Ricardo Palma y de Oncosalud.","publisher":{"@id":"https:\/\/drmauricioleon.net\/portal\/#organization"},"potentialAction":[{"@type":"SearchAction","target":{"@type":"EntryPoint","urlTemplate":"https:\/\/drmauricioleon.net\/portal\/?s={search_term_string}"},"query-input":"required name=search_term_string"}],"inLanguage":"es-PE"},{"@type":"WebPage","@id":"https:\/\/drmauricioleon.net\/portal\/videos-2017\/#webpage","url":"https:\/\/drmauricioleon.net\/portal\/videos-2017\/","name":"Videos 2017 - Dr Mauricio Le\u00f3n","isPartOf":{"@id":"https:\/\/drmauricioleon.net\/portal\/#website"},"datePublished":"2017-01-22T02:32:14+00:00","dateModified":"2021-02-01T03:14:38+00:00","breadcrumb":{"@id":"https:\/\/drmauricioleon.net\/portal\/videos-2017\/#breadcrumb"},"inLanguage":"es-PE","potentialAction":[{"@type":"ReadAction","target":["https:\/\/drmauricioleon.net\/portal\/videos-2017\/"]}]},{"@type":"BreadcrumbList","@id":"https:\/\/drmauricioleon.net\/portal\/videos-2017\/#breadcrumb","itemListElement":[{"@type":"ListItem","position":1,"name":"Portada","item":"https:\/\/drmauricioleon.net\/portal\/"},{"@type":"ListItem","position":2,"name":"Videos 2017"}]}]}},"_links":{"self":[{"href":"https:\/\/drmauricioleon.net\/portal\/wp-json\/wp\/v2\/pages\/2264"}],"collection":[{"href":"https:\/\/drmauricioleon.net\/portal\/wp-json\/wp\/v2\/pages"}],"about":[{"href":"https:\/\/drmauricioleon.net\/portal\/wp-json\/wp\/v2\/types\/page"}],"author":[{"embeddable":true,"href":"https:\/\/drmauricioleon.net\/portal\/wp-json\/wp\/v2\/users\/1"}],"replies":[{"embeddable":true,"href":"https:\/\/drmauricioleon.net\/portal\/wp-json\/wp\/v2\/comments?post=2264"}],"version-history":[{"count":5,"href":"https:\/\/drmauricioleon.net\/portal\/wp-json\/wp\/v2\/pages\/2264\/revisions"}],"predecessor-version":[{"id":3424,"href":"https:\/\/drmauricioleon.net\/portal\/wp-json\/wp\/v2\/pages\/2264\/revisions\/3424"}],"wp:attachment":[{"href":"https:\/\/drmauricioleon.net\/portal\/wp-json\/wp\/v2\/media?parent=2264"}],"curies":[{"name":"wp","href":"https:\/\/api.w.org\/{rel}","templated":true}]}}