{"id":2194,"date":"2013-01-22T00:25:09","date_gmt":"2013-01-22T00:25:09","guid":{"rendered":"http:\/\/drmauricioleon.net\/portal\/?page_id=2194"},"modified":"2020-03-14T15:54:10","modified_gmt":"2020-03-14T15:54:10","slug":"noticias-2013","status":"publish","type":"page","link":"https:\/\/drmauricioleon.net\/portal\/noticias-2013\/","title":{"rendered":"Noticias 2013"},"content":{"rendered":"<p>[vc_row][vc_column margin=&#8221;margin_bottom_grid&#8221;][vc_empty_space][vc_toggle title=&#8221;Diciembre 2013&#8243; open=&#8221;true&#8221; el_id=&#8221;1447064341323-f6ee47d8-32bf&#8221;]<\/p>\n<ol>\n<li><a href=\"http:\/\/www.losandes.com.pe\/Regional\/20131222\/77317.html\" target=\"_blank\" rel=\"noopener noreferrer\">Advierten problemas de salud por consumo de alimentos en Navidad<\/a>.<br \/>\nDiario Los Andes (Juliaca), 22 de diciembre de 2013<\/li>\n<li><a href=\"http:\/\/www.elinformanteperu.com\/notidatos.php?idarticulo=70465\" target=\"_blank\" rel=\"noopener noreferrer\">La sobreexposici\u00f3n a los rayos solares es un riesgo para desarrollar c\u00e1ncer de piel<\/a><br \/>\nAgencia El Informante, 17 de diciembre de 2013<\/li>\n<\/ol>\n<p>[\/vc_toggle][vc_toggle title=&#8221;Noviembre 2013&#8243; el_id=&#8221;1447064412741-3e356338-032d&#8221;]<\/p>\n<ol>\n<li><a href=\"http:\/\/www.losandes.com.pe\/Sociedad\/20131128\/76726.html\" target=\"_blank\" rel=\"noopener noreferrer\">Cinco conductas saludables para vivir m\u00e1s y mejor<\/a><br \/>\nDiario Los Andes, Juliaca, 28 de noviembre de 2013<\/li>\n<li><a href=\"http:\/\/www.rpp.com.pe\/2013-11-27-cinco-conductas-saludables-para-vivir-mas-y-mejor-noticia_650729.html\" target=\"_blank\" rel=\"noopener noreferrer\">Cinco conductas saludables para vivir m\u00e1s y mejor<\/a><br \/>\nRadio Programas del Per\u00fa, 27 de noviembre de 2013<\/li>\n<li><a href=\"http:\/\/www.rpp.com.pe\/2013-11-14-personas-sedentarias-tienen-un-60-mas-riesgo-de-muerte-noticia_647570.html\" target=\"_blank\" rel=\"noopener noreferrer\">Personas sedentarias tienen un 60% m\u00e1s riesgo de muerte<\/a><br \/>\nRadio Programas del Per\u00fa, jueves 14 de noviembre de 2013<\/li>\n<li><a href=\"http:\/\/www.losandes.com.pe\/Nacional\/20131114\/76336.html\" target=\"_blank\" rel=\"noopener noreferrer\">El sedentarismo tiene graves repercusiones para la salud<\/a><br \/>\nDiario Los Andes, Juliaca, 14 de noviembre de 2013<\/li>\n<\/ol>\n<p>[\/vc_toggle][vc_toggle title=&#8221;Octubre 2013&#8243; el_id=&#8221;1447064451796-0645cbf1-8947&#8243;]<\/p>\n<ol>\n<li><a href=\"http:\/\/diariomedico.pe\/?p=5755\" target=\"_blank\" rel=\"noopener noreferrer\">Depresi\u00f3n influye negativamente en tratamiento del c\u00e1ncer<\/a><br \/>\nDiario M\u00e9dico, 28 e octubre de 2013<\/li>\n<li><a href=\"http:\/\/www.rpp.com.pe\/2013-10-25--puede-la-depresion-agravar-el-cancer-noticia_642448.html\" target=\"_blank\" rel=\"noopener noreferrer\">\u00bfPuede la depresi\u00f3n agravar el c\u00e1ncer?<\/a><br \/>\nRadio Programas del Per\u00fa, 25 de octubre de 2013<\/li>\n<li>Ellos tambi\u00e9n pueden ser v\u00edctimas del c\u00e1ncer<br \/>\nLa Primera, 23 de octubre de 2013<\/li>\n<li><a href=\"http:\/\/peru.com\/estilo-de-vida\/salud\/peru-detectan-al-ano-40-casos-cancer-mama-varones-noticia-203938\" target=\"_blank\" rel=\"noopener noreferrer\">Per\u00fa: Detectan al a\u00f1o 40 casos de c\u00e1ncer de mama en varones<\/a><br \/>\nwww.peru.com, 22 de octubre de 2013<\/li>\n<li><a href=\"http:\/\/www.rpp.com.pe\/2013-10-16-detectan-al-ano-40-casos-de-cancer-de-mama-en-varones-noticia_639837.html\" target=\"_blank\" rel=\"noopener noreferrer\">Detectan al a\u00f1o 40 casos de c\u00e1ncer de mama en varones<\/a><br \/>\nRadio Programas del Per\u00fa, 16 de octubre de 2013<\/li>\n<li><a href=\"http:\/\/www.losandes.com.pe\/Sociedad\/20131016\/75580.html\" target=\"_blank\" rel=\"noopener noreferrer\">Unos 40 varones al a\u00f1o son diagnosticados con c\u00e1ncer de mama en el Per\u00fa<\/a><br \/>\nDiario Los Andes, Puno, 16 de octubre de 2013<\/li>\n<li><a href=\"http:\/\/spanish.china.org.cn\/international\/txt\/2013-10\/17\/content_30317616.htm\" target=\"_blank\" rel=\"noopener noreferrer\">Per\u00fa registra 40 casos anuales de c\u00e1ncer de mama en hombres<\/a><br \/>\nwww.spanish.china.org.cn, 16 de octubre de 1013<\/li>\n<\/ol>\n<p>[\/vc_toggle][vc_toggle title=&#8221;Setiembre 2013&#8243;]<\/p>\n<ol>\n<li><a href=\"http:\/\/diariomedico.pe\/?p=5452\" target=\"_blank\" rel=\"noopener noreferrer\">Dolor de cabeza inesperado podr\u00eda ser se\u00f1al de un tumor cerebral<\/a><br \/>\nDiario M\u00e9dico, 30 setiembre de 2013<\/li>\n<li><a href=\"http:\/\/peru.com\/estilo-de-vida\/salud\/salud-dolor-cabeza-inesperado-intenso-podria-senal-tumor-cerebral-noticia-199018\" target=\"_blank\" rel=\"noopener noreferrer\">Dolor de cabeza inesperado e intenso podr\u00eda ser se\u00f1al de un tumor cerebral<\/a><br \/>\nwww.peru.com, 30 setiembre de 2013<\/li>\n<li><a href=\"http:\/\/agenciaorbita.org\/dolor-de-cabeza-inesperado-e-intenso-podria-ser-senal-de-un-tumor-cerebral\/\" target=\"_blank\" rel=\"noopener noreferrer\">Dolor de cabeza inesperado e intenso podr\u00eda ser se\u00f1al de un tumor cerebral<\/a><br \/>\nAgencia Orbita, 29 de setiembre de 2013<\/li>\n<li><a href=\"http:\/\/www.losandes.com.pe\/Sociedad\/20130929\/75168.html\" target=\"_blank\" rel=\"noopener noreferrer\">Dolor de cabeza inesperado e intenso podr\u00eda ser se\u00f1al de un tumor cerebral<\/a><br \/>\nDiario Los Andes, 29 de setiembre de 2013<\/li>\n<li><a href=\"http:\/\/servicios.noticiasperu.com\/web_\/GUI\/GUIPrensa\/index.php?idPauta=1864514&amp;bool=1\" target=\"_blank\" rel=\"noopener noreferrer\">Dolor de cabeza inesperado y el tumor cerebral<\/a><br \/>\nDiario Extra, 29 de setiembre de 2013<\/li>\n<li><a href=\"http:\/\/www.rpp.com.pe\/2013-09-16--que-tipos-de-virus-y-bacterias-pueden-causar-cancer-noticia_631324.html\" target=\"_blank\" rel=\"noopener noreferrer\">\u00bfQu\u00e9 tipos de virus y bacterias pueden causar c\u00e1ncer?<\/a><br \/>\nRadio Programas del Per\u00fa, 16 de setiembre de 2013<\/li>\n<li><a href=\"http:\/\/www.leanoticias.com\/2013\/09\/16\/virus-y-bacterias-que-pueden-causar-cancer\/\" target=\"_blank\" rel=\"noopener noreferrer\">Virus y bacterias que pueden causar c\u00e1ncer<\/a><br \/>\nLeanoticias.com, 16 de setiembre de 2013<\/li>\n<li><a href=\"http:\/\/www.laradio247fm.com\/newsite\/que-tipos-de-virus-y-bacterias-pueden-causar-cancer\/\" target=\"_blank\" rel=\"noopener noreferrer\">Qu\u00e9 tipos de virus y bacterias pueden causar c\u00e1ncer?<\/a><br \/>\nLaradio247fm.com, 18 de setiembre de 2013<\/li>\n<li>Pacientes con c\u00e1ncer pueden perjudicar su salud<br \/>\nDiario Extra, 10 de setiembre de 2013<\/li>\n<\/ol>\n<p>[\/vc_toggle][vc_toggle title=&#8221;Mayo 2013&#8243;]<\/p>\n<ol>\n<li><a href=\"http:\/\/www.rpp.com.pe\/2013-05-31-implantes-mamarios-no-aumentan-el-riesgo-de-cancer-aseguran-noticia_599897.html\" target=\"_blank\" rel=\"noopener noreferrer\">Implantes mamarios no aumentan el riesgo de c\u00e1ncer, aseguran<\/a>.<br \/>\nRadio Programas del Per\u00fa, viernes 31 de mayo de 2013<\/li>\n<li><a href=\"http:\/\/peru.com\/estilo-de-vida\/salud\/implantes-mamarios-no-son-factor-riesgo-desarrollar-cancer-mama-noticia-142227\" target=\"_blank\" rel=\"noopener noreferrer\">Implantes mamarios no son factor de riesgo para desarrollar c\u00e1ncer de mama<\/a>.<br \/>\nPer\u00fa.com, jueves 30 de mayo de 2013<\/li>\n<li><a href=\"http:\/\/www.rpp.com.pe\/2013-05-15-hasta-un-10-de-los-canceres-son-hereditarios-noticia_594874.html\" target=\"_blank\" rel=\"noopener noreferrer\">Hasta un 10% de los c\u00e1nceres son hereditarios<\/a><br \/>\nRadio Programas del Per\u00fa (RPP), 15 de mayo de 2013<\/li>\n<li><a href=\"http:\/\/www.andina.com.pe\/Espanol\/noticia-pruebas-geneticas-pueden-ayudar-a-prevenir-cancer-mama-y-ovario-a-temprana-edad-458727.aspx\" target=\"_blank\" rel=\"noopener noreferrer\">Pruebas gen\u00e9ticas pueden ayudar a prevenir el c\u00e1ncer de mama y ovario a temprana edad<\/a>.<br \/>\nAgencia Peruana de Noticias (Andina), 15 de mayo de 2013<\/li>\n<li><a href=\"http:\/\/aeronoticias.com.pe\/noticiero\/index.php?option=com_content&amp;view=article&amp;id=38607:segun-estudios-10-de-canceres-son-hereditarios&amp;catid=46:46&amp;Itemid=582\" target=\"_blank\" rel=\"noopener noreferrer\">Seg\u00fan estudios 10% de c\u00e1nceres son hereditarios<\/a><br \/>\nAeronoticias, 15 de mayo de 2013<\/li>\n<li><a href=\"http:\/\/www.wapa.pe\/salud\/2013-05-16-segun-expertos-el-10-de-los-casos-de-cancer-son-hereditarios\" target=\"_blank\" rel=\"noopener noreferrer\">Segun expertos el 10 de los casos de cancer son hereditarios<\/a>.<br \/>\nWapa, Descubre tu estilo, mayo 2013<\/li>\n<li><a href=\"http:\/\/centraldenoticiavenezuela.blogspot.com\/2013\/05\/hasta-un-10-de-los-canceres-son.html\" target=\"_blank\" rel=\"noopener noreferrer\">Hasta un 10% de los c\u00e1nceres son hereditarios<\/a>.<br \/>\nCentral de Noticias Venezuela, 16 de mayo de 2013<\/li>\n<\/ol>\n<p>[\/vc_toggle][vc_toggle title=&#8221;Abril 2013&#8243;]<\/p>\n<ol>\n<li><a href=\"http:\/\/www.rpp.com.pe\/2013-04-30-bultos-en-extremidades-pueden-ser-sintoma-de-sarcoma-noticia_590214.html\" target=\"_blank\" rel=\"noopener noreferrer\">Bultos en extremidades pueden ser s\u00edntoma de sarcoma<\/a>.<br \/>\nRadio Programas del Per\u00fa (RPP), 30 de abril de 2013<\/li>\n<li><a href=\"http:\/\/peru.com\/estilo-de-vida\/salud\/salud-bultos-cualquier-parte-cuerpo-indicarian-presencia-cancer-noticia-136266\" target=\"_blank\" rel=\"noopener noreferrer\">Salud: Bultos en cualquier parte del cuerpo indicar\u00edan presencia de c\u00e1ncer<\/a>.<br \/>\nPer\u00fa.com, 30 de abril de 2013<\/li>\n<li>Embarazo dificulta la detecci\u00f3n del c\u00e1ncer de mama.<br \/>\nRadio Programas del Per\u00fa (RPP), 17 de abril de 2013<\/li>\n<li>C\u00e1ncer de mama en embarazadas se detecta con mayor frecuencia en estad\u00edos avanzados.<br \/>\nPer\u00fa.com, 16 de abril de 2013<\/li>\n<li><a href=\"http:\/\/www.connuestroperu.com\/ciencia-y-tecnologia\/salud\/37-ciencia-y-salud\/35734-es-importante-reconocer-los-sintomas-de-cancer-de-estomago-para-obtener-un-diagnostico-y-tratamiento-oportuno\" target=\"_blank\" rel=\"noopener noreferrer\">Es importante reconocer los s\u00edntomas de c\u00e1ncer de est\u00f3mago para obtener un diagn\u00f3stico y tratamiento oportuno<\/a>.<br \/>\nCon nuestro Per\u00fa, 2 de abril de 2013<\/li>\n<li><a href=\"http:\/\/www.rpp.com.pe\/2013-04-01-el-cancer-de-estomago-y-la-gastritis-pueden-confundirse-noticia_581214.html\" target=\"_blank\" rel=\"noopener noreferrer\">El c\u00e1ncer de est\u00f3mago y la gastritis pueden confundirse<\/a>.<br \/>\nRadio Programas del Per\u00fa, 1\u00b0 de abril de 2013<\/li>\n<li><a href=\"http:\/\/centraldenoticiavenezuela.blogspot.com\/2013\/04\/el-cancer-de-estomago-y-la-gastritis.html\" target=\"_blank\" rel=\"noopener noreferrer\">El c\u00e1ncer de est\u00f3mago y la gastritis pueden confundirse<\/a>.<br \/>\nCentral de noticias Venezuela. Blogspot, 1\u00b0 de abril de 2013<\/li>\n<\/ol>\n<p>[\/vc_toggle][vc_toggle title=&#8221;Marzo 2013&#8243;]<\/p>\n<ol>\n<li><a href=\"http:\/\/www.rpp.com.pe\/2013-03-31-aconsejan-endoscopias-desde-los-40-anos-para-detectar-cancer-de-estomago-noticia_581039.html\" target=\"_blank\" rel=\"noopener noreferrer\">Aconsejan endoscop\u00edas desde los 40 a\u00f1os para detectar c\u00e1ncer de est\u00f3mago<\/a>.<br \/>\nRadio Programas del Per\u00fa, 31 de marzo de 2013<\/li>\n<li><a href=\"http:\/\/www.expreso.com.pe\/noticia\/2013\/03\/31\/endoscopias-desde-los-40-anos-para-detectar-cancer-de-estomago\" target=\"_blank\" rel=\"noopener noreferrer\"> Endoscop\u00edas desde los 40 a\u00f1os para detectar c\u00e1ncer de est\u00f3mago<\/a>.<br \/>\nExpreso, 31 de marzo de 2013<\/li>\n<li><a href=\"http:\/\/www.andina.com.pe\/Espanol\/noticia-aconsejan-realizarse-endoscopias-desde-los-40-anos-para-detectar-cancer-estomago-453100.aspx\" target=\"_blank\" rel=\"noopener noreferrer\">Aconsejan realizarse endoscop\u00edas desde los 40 a\u00f1os para detectar c\u00e1ncer de est\u00f3mago<\/a>.<br \/>\nAgencia Andina, 30 de marzo de 2013<\/li>\n<li><a href=\"http:\/\/notaspress.blogspot.com\/2013\/03\/es-importante-reconocer-los-sintomas-de.html\" target=\"_blank\" rel=\"noopener noreferrer\">Es importante reconocer los s\u00edntomas de c\u00e1ncer de est\u00f3mago para obtener un diagn\u00f3stico y tratamiento oportuno<\/a>.<br \/>\nBlogspot, 30 de marzo de 2013<\/li>\n<li><a href=\"http:\/\/peru.com\/estilo-de-vida\/salud\/peru-cancer-prostata-se-da-mayor-incidencia-mayores-50-anos-noticia-128510\" target=\"_blank\" rel=\"noopener noreferrer\">Per\u00fa: C\u00e1ncer de pr\u00f3stata se da con mayor incidencia en mayores de 50 a\u00f1os<\/a>.<br \/>\nPer\u00fa.com, 21 de marzo de 2013.<\/li>\n<li><a href=\"http:\/\/trome.pe\/familia\/1552310\/noticia-mayores-40-anos-deben-examinarse-prostata-anualmente\" target=\"_blank\" rel=\"noopener noreferrer\">Mayores de 40 a\u00f1os deben examinarse la pr\u00f3stata<\/a>.<br \/>\nDiario Tromes, 19 de marzo de 2013.<\/li>\n<li><a href=\"http:\/\/www.rpp.com.pe\/2013-03-19-mayores-de-40-anos-deben-examinarse-la-prostata-anualmente-noticia_577650.html\" target=\"_blank\" rel=\"noopener noreferrer\">Mayores de 40 a\u00f1os deben examinarse la pr\u00f3stata anualmente<\/a>.<br \/>\nRadio Programas del Per\u00fa, 19 de marzo de 2013.<\/li>\n<\/ol>\n<p>[\/vc_toggle][vc_toggle title=&#8221;Febrero 2013&#8243;]<\/p>\n<ol>\n<li><a href=\"http:\/\/peru.com\/estilo-de-vida\/salud\/cancer-se-presenta-personas-cada-vez-mas-jovenes-noticia-121589\" target=\"_blank\" rel=\"noopener noreferrer\">C\u00e1ncer se presenta en presonas cada vez m\u00e1s j\u00f3venes, advierten<\/a>.<br \/>\nPeru.com, 14 de febrero de 2013<\/li>\n<li><a href=\"http:\/\/www.agenciaorbita.org\/index.php?option=com_content&amp;view=article&amp;id=40394:el-cancer-se-presenta-en-personas-cada-vez-mas-jovenes&amp;catid=60:salud&amp;Itemid=80\" target=\"_blank\" rel=\"noopener noreferrer\">El c\u00e1ncer se presenta en presenta en personas cada vez m\u00e1s j\u00f3venes<\/a>.<br \/>\nAgencia de Noticias \u00d3rbita, 14 de febrero de 2013.<\/li>\n<li><a href=\"http:\/\/centrodetectordelcancer.net\/portal\/index.php\/2013\/pruebas-geneticas-pueden-ayudar-a-prevenir-el-cancer-de-mama-y-ovario-desde-temprana-edad\">Pruebas gen\u00e9ticas pueden ayudar a prevenir el c\u00e1ncer de mama y ovario desde temprana edad<\/a>.<br \/>\nPeru.com, 01 de febrero de 2013<\/li>\n<li><a href=\"http:\/\/centrodetectordelcancer.net\/portal\/index.php\/2013\/pruebas-geneticas-pueden-prevenir-el-cancer-de-mama-y-ovario\">Pruebas gen\u00e9ticas pueden prevenir el c\u00e1ncer de mama y ovario<\/a>.<br \/>\nRadio Programas del Per\u00fa, 01 de febrero de 2013.<\/li>\n<li><a href=\"http:\/\/centraldenoticiavenezuela.blogspot.com\/2013\/02\/pruebas-geneticas-pueden-prevenir-el.html\" target=\"_blank\" rel=\"noopener noreferrer\">Pruebas gen\u00e9ticas pueden prevenir el c\u00e1ncer de mama y ovario<\/a>.<br \/>\nCentral de Noticias Venezuela, 3 de febrero de 2013<\/li>\n<\/ol>\n<p>[\/vc_toggle][vc_toggle title=&#8221;Enero 2013&#8243;]<\/p>\n<ol>\n<li><a href=\"https:\/\/www.senoslibres.com\/2013\/01\/como-es-al-tacto-el-tumor-maligno-y-el.html\" target=\"_blank\" rel=\"noopener noreferrer\">\u00bfC\u00f3mo es al tacto el tumor maligno? <\/a><br \/>\nSenos Libres, 24 de enero del 2013<\/li>\n<li><a href=\"https:\/\/peru.com\/estilo-de-vida\/salud\/cancer-mama-aparece-cada-vez-mayor-frecuencia-mujeres-jovenes-noticia-117142\" target=\"_blank\" rel=\"noopener noreferrer\">C\u00e1ncer de mama aparece cada vez con mayor frecuencia en mujeres j\u00f3venes.<\/a><br \/>\nPeru.com, 22 enero de 2013.<\/li>\n<li><a href=\"https:\/\/vital.rpp.pe\/expertos\/que-profesiones-predisponen-al-cancer-de-piel-noticia-559860\" target=\"_blank\" rel=\"noopener noreferrer\">Qu\u00e9 profesiones predisponen al c\u00e1ncer de piel?.<\/a><br \/>\nRadio Programas del Per\u00fa, 21 de enero de 2013.<\/li>\n<li><a href=\"http:\/\/planoinformativo.com\/234136\/-aumentan-las-consultas-por-cancer-de-piel-slp\" target=\"_blank\" rel=\"noopener noreferrer\">Aumentan las consultas por c\u00e1ncer de piel<\/a><br \/>\nPlano Informativo, 19 de enero del 2013<\/li>\n<\/ol>\n<p>[\/vc_toggle][\/vc_column][\/vc_row]<\/p>\n","protected":false},"excerpt":{"rendered":"<p>[vc_row][vc_column margin=&#8221;margin_bottom_grid&#8221;][vc_empty_space][vc_toggle title=&#8221;Diciembre 2013&#8243; open=&#8221;true&#8221; el_id=&#8221;1447064341323-f6ee47d8-32bf&#8221;] Advierten problemas de salud por consumo de alimentos en Navidad. Diario Los Andes (Juliaca), 22 de diciembre de 2013 La sobreexposici\u00f3n a los rayos solares es un riesgo para desarrollar c\u00e1ncer de piel Agencia El Informante, 17 de diciembre de 2013 [\/vc_toggle][vc_toggle title=&#8221;Noviembre 2013&#8243; el_id=&#8221;1447064412741-3e356338-032d&#8221;] Cinco conductas saludables para [&hellip;]<\/p>\n","protected":false},"author":1,"featured_media":0,"parent":0,"menu_order":0,"comment_status":"closed","ping_status":"closed","template":"","meta":[],"yoast_head":"<!-- This site is optimized with the Yoast SEO plugin v18.3 - https:\/\/yoast.com\/wordpress\/plugins\/seo\/ -->\n<title>Noticias 2013 - Dr Mauricio Le\u00f3n<\/title>\n<meta name=\"robots\" content=\"index, follow, max-snippet:-1, max-image-preview:large, max-video-preview:-1\" \/>\n<link rel=\"canonical\" href=\"https:\/\/drmauricioleon.net\/portal\/noticias-2013\/\" \/>\n<meta property=\"og:locale\" content=\"es_ES\" \/>\n<meta property=\"og:type\" content=\"article\" \/>\n<meta property=\"og:title\" content=\"Noticias 2013 - Dr Mauricio Le\u00f3n\" \/>\n<meta property=\"og:description\" content=\"[vc_row][vc_column margin=&#8221;margin_bottom_grid&#8221;][vc_empty_space][vc_toggle title=&#8221;Diciembre 2013&#8243; open=&#8221;true&#8221; el_id=&#8221;1447064341323-f6ee47d8-32bf&#8221;] Advierten problemas de salud por consumo de alimentos en Navidad. Diario Los Andes (Juliaca), 22 de diciembre de 2013 La sobreexposici\u00f3n a los rayos solares es un riesgo para desarrollar c\u00e1ncer de piel Agencia El Informante, 17 de diciembre de 2013 [\/vc_toggle][vc_toggle title=&#8221;Noviembre 2013&#8243; el_id=&#8221;1447064412741-3e356338-032d&#8221;] Cinco conductas saludables para [&hellip;]\" \/>\n<meta property=\"og:url\" content=\"https:\/\/drmauricioleon.net\/portal\/noticias-2013\/\" \/>\n<meta property=\"og:site_name\" content=\"Dr Mauricio Le\u00f3n\" \/>\n<meta property=\"article:publisher\" content=\"https:\/\/www.facebook.com\/Dr.mauricioleon\" \/>\n<meta property=\"article:modified_time\" content=\"2020-03-14T15:54:10+00:00\" \/>\n<meta property=\"og:image\" content=\"https:\/\/drmauricioleon.net\/portal\/wp-content\/uploads\/2020\/01\/drmauricio.jpg\" \/>\n\t<meta property=\"og:image:width\" content=\"570\" \/>\n\t<meta property=\"og:image:height\" content=\"570\" \/>\n\t<meta property=\"og:image:type\" content=\"image\/jpeg\" \/>\n<meta name=\"twitter:card\" content=\"summary_large_image\" \/>\n<meta name=\"twitter:site\" content=\"@drleonmauricio\" \/>\n<meta name=\"twitter:label1\" content=\"Est. reading time\" \/>\n\t<meta name=\"twitter:data1\" content=\"5 minutos\" \/>\n<script type=\"application\/ld+json\" class=\"yoast-schema-graph\">{\"@context\":\"https:\/\/schema.org\",\"@graph\":[{\"@type\":\"Organization\",\"@id\":\"https:\/\/drmauricioleon.net\/portal\/#organization\",\"name\":\"Dr. Mauricio Le\u00f3n\",\"url\":\"https:\/\/drmauricioleon.net\/portal\/\",\"sameAs\":[\"https:\/\/www.facebook.com\/Dr.mauricioleon\",\"https:\/\/www.linkedin.com\/in\/mauricio-le\u00f3n-rivera-ab525598\",\"http:\/\/www.youtube.com\/user\/centrodetector\",\"https:\/\/twitter.com\/drleonmauricio\"],\"logo\":{\"@type\":\"ImageObject\",\"@id\":\"https:\/\/drmauricioleon.net\/portal\/#logo\",\"inLanguage\":\"es-PE\",\"url\":\"https:\/\/drmauricioleon.net\/portal\/wp-content\/uploads\/2020\/01\/logo-drml-e1586281768776.png\",\"contentUrl\":\"https:\/\/drmauricioleon.net\/portal\/wp-content\/uploads\/2020\/01\/logo-drml-e1586281768776.png\",\"width\":220,\"height\":72,\"caption\":\"Dr. Mauricio Le\u00f3n\"},\"image\":{\"@id\":\"https:\/\/drmauricioleon.net\/portal\/#logo\"}},{\"@type\":\"WebSite\",\"@id\":\"https:\/\/drmauricioleon.net\/portal\/#website\",\"url\":\"https:\/\/drmauricioleon.net\/portal\/\",\"name\":\"Dr Mauricio Le\u00f3n\",\"description\":\"Cirujano general y onc\u00f3logo y sub especialista en tumores de Mamas, Tejidos Blandos y Piel. Es m\u00e9dico staff de la Cl\u00ednica Ricardo Palma y de Oncosalud.\",\"publisher\":{\"@id\":\"https:\/\/drmauricioleon.net\/portal\/#organization\"},\"potentialAction\":[{\"@type\":\"SearchAction\",\"target\":{\"@type\":\"EntryPoint\",\"urlTemplate\":\"https:\/\/drmauricioleon.net\/portal\/?s={search_term_string}\"},\"query-input\":\"required name=search_term_string\"}],\"inLanguage\":\"es-PE\"},{\"@type\":\"WebPage\",\"@id\":\"https:\/\/drmauricioleon.net\/portal\/noticias-2013\/#webpage\",\"url\":\"https:\/\/drmauricioleon.net\/portal\/noticias-2013\/\",\"name\":\"Noticias 2013 - Dr Mauricio Le\u00f3n\",\"isPartOf\":{\"@id\":\"https:\/\/drmauricioleon.net\/portal\/#website\"},\"datePublished\":\"2013-01-22T00:25:09+00:00\",\"dateModified\":\"2020-03-14T15:54:10+00:00\",\"breadcrumb\":{\"@id\":\"https:\/\/drmauricioleon.net\/portal\/noticias-2013\/#breadcrumb\"},\"inLanguage\":\"es-PE\",\"potentialAction\":[{\"@type\":\"ReadAction\",\"target\":[\"https:\/\/drmauricioleon.net\/portal\/noticias-2013\/\"]}]},{\"@type\":\"BreadcrumbList\",\"@id\":\"https:\/\/drmauricioleon.net\/portal\/noticias-2013\/#breadcrumb\",\"itemListElement\":[{\"@type\":\"ListItem\",\"position\":1,\"name\":\"Portada\",\"item\":\"https:\/\/drmauricioleon.net\/portal\/\"},{\"@type\":\"ListItem\",\"position\":2,\"name\":\"Noticias 2013\"}]}]}<\/script>\n<!-- \/ Yoast SEO plugin. -->","yoast_head_json":{"title":"Noticias 2013 - Dr Mauricio Le\u00f3n","robots":{"index":"index","follow":"follow","max-snippet":"max-snippet:-1","max-image-preview":"max-image-preview:large","max-video-preview":"max-video-preview:-1"},"canonical":"https:\/\/drmauricioleon.net\/portal\/noticias-2013\/","og_locale":"es_ES","og_type":"article","og_title":"Noticias 2013 - Dr Mauricio Le\u00f3n","og_description":"[vc_row][vc_column margin=&#8221;margin_bottom_grid&#8221;][vc_empty_space][vc_toggle title=&#8221;Diciembre 2013&#8243; open=&#8221;true&#8221; el_id=&#8221;1447064341323-f6ee47d8-32bf&#8221;] Advierten problemas de salud por consumo de alimentos en Navidad. Diario Los Andes (Juliaca), 22 de diciembre de 2013 La sobreexposici\u00f3n a los rayos solares es un riesgo para desarrollar c\u00e1ncer de piel Agencia El Informante, 17 de diciembre de 2013 [\/vc_toggle][vc_toggle title=&#8221;Noviembre 2013&#8243; el_id=&#8221;1447064412741-3e356338-032d&#8221;] Cinco conductas saludables para [&hellip;]","og_url":"https:\/\/drmauricioleon.net\/portal\/noticias-2013\/","og_site_name":"Dr Mauricio Le\u00f3n","article_publisher":"https:\/\/www.facebook.com\/Dr.mauricioleon","article_modified_time":"2020-03-14T15:54:10+00:00","og_image":[{"width":570,"height":570,"url":"https:\/\/drmauricioleon.net\/portal\/wp-content\/uploads\/2020\/01\/drmauricio.jpg","type":"image\/jpeg"}],"twitter_card":"summary_large_image","twitter_site":"@drleonmauricio","twitter_misc":{"Est. reading time":"5 minutos"},"schema":{"@context":"https:\/\/schema.org","@graph":[{"@type":"Organization","@id":"https:\/\/drmauricioleon.net\/portal\/#organization","name":"Dr. Mauricio Le\u00f3n","url":"https:\/\/drmauricioleon.net\/portal\/","sameAs":["https:\/\/www.facebook.com\/Dr.mauricioleon","https:\/\/www.linkedin.com\/in\/mauricio-le\u00f3n-rivera-ab525598","http:\/\/www.youtube.com\/user\/centrodetector","https:\/\/twitter.com\/drleonmauricio"],"logo":{"@type":"ImageObject","@id":"https:\/\/drmauricioleon.net\/portal\/#logo","inLanguage":"es-PE","url":"https:\/\/drmauricioleon.net\/portal\/wp-content\/uploads\/2020\/01\/logo-drml-e1586281768776.png","contentUrl":"https:\/\/drmauricioleon.net\/portal\/wp-content\/uploads\/2020\/01\/logo-drml-e1586281768776.png","width":220,"height":72,"caption":"Dr. Mauricio Le\u00f3n"},"image":{"@id":"https:\/\/drmauricioleon.net\/portal\/#logo"}},{"@type":"WebSite","@id":"https:\/\/drmauricioleon.net\/portal\/#website","url":"https:\/\/drmauricioleon.net\/portal\/","name":"Dr Mauricio Le\u00f3n","description":"Cirujano general y onc\u00f3logo y sub especialista en tumores de Mamas, Tejidos Blandos y Piel. Es m\u00e9dico staff de la Cl\u00ednica Ricardo Palma y de Oncosalud.","publisher":{"@id":"https:\/\/drmauricioleon.net\/portal\/#organization"},"potentialAction":[{"@type":"SearchAction","target":{"@type":"EntryPoint","urlTemplate":"https:\/\/drmauricioleon.net\/portal\/?s={search_term_string}"},"query-input":"required name=search_term_string"}],"inLanguage":"es-PE"},{"@type":"WebPage","@id":"https:\/\/drmauricioleon.net\/portal\/noticias-2013\/#webpage","url":"https:\/\/drmauricioleon.net\/portal\/noticias-2013\/","name":"Noticias 2013 - Dr Mauricio Le\u00f3n","isPartOf":{"@id":"https:\/\/drmauricioleon.net\/portal\/#website"},"datePublished":"2013-01-22T00:25:09+00:00","dateModified":"2020-03-14T15:54:10+00:00","breadcrumb":{"@id":"https:\/\/drmauricioleon.net\/portal\/noticias-2013\/#breadcrumb"},"inLanguage":"es-PE","potentialAction":[{"@type":"ReadAction","target":["https:\/\/drmauricioleon.net\/portal\/noticias-2013\/"]}]},{"@type":"BreadcrumbList","@id":"https:\/\/drmauricioleon.net\/portal\/noticias-2013\/#breadcrumb","itemListElement":[{"@type":"ListItem","position":1,"name":"Portada","item":"https:\/\/drmauricioleon.net\/portal\/"},{"@type":"ListItem","position":2,"name":"Noticias 2013"}]}]}},"_links":{"self":[{"href":"https:\/\/drmauricioleon.net\/portal\/wp-json\/wp\/v2\/pages\/2194"}],"collection":[{"href":"https:\/\/drmauricioleon.net\/portal\/wp-json\/wp\/v2\/pages"}],"about":[{"href":"https:\/\/drmauricioleon.net\/portal\/wp-json\/wp\/v2\/types\/page"}],"author":[{"embeddable":true,"href":"https:\/\/drmauricioleon.net\/portal\/wp-json\/wp\/v2\/users\/1"}],"replies":[{"embeddable":true,"href":"https:\/\/drmauricioleon.net\/portal\/wp-json\/wp\/v2\/comments?post=2194"}],"version-history":[{"count":20,"href":"https:\/\/drmauricioleon.net\/portal\/wp-json\/wp\/v2\/pages\/2194\/revisions"}],"predecessor-version":[{"id":3185,"href":"https:\/\/drmauricioleon.net\/portal\/wp-json\/wp\/v2\/pages\/2194\/revisions\/3185"}],"wp:attachment":[{"href":"https:\/\/drmauricioleon.net\/portal\/wp-json\/wp\/v2\/media?parent=2194"}],"curies":[{"name":"wp","href":"https:\/\/api.w.org\/{rel}","templated":true}]}}