{"id":2190,"date":"2014-01-22T00:19:35","date_gmt":"2014-01-22T00:19:35","guid":{"rendered":"http:\/\/drmauricioleon.net\/portal\/?page_id=2190"},"modified":"2020-03-14T15:48:57","modified_gmt":"2020-03-14T15:48:57","slug":"noticias-2014","status":"publish","type":"page","link":"https:\/\/drmauricioleon.net\/portal\/noticias-2014\/","title":{"rendered":"Noticias 2014"},"content":{"rendered":"<p>[vc_row][vc_column margin=&#8221;margin_bottom_grid&#8221;][vc_empty_space][vc_toggle title=&#8221;Diciembre 2014&#8243; open=&#8221;true&#8221; el_id=&#8221;1447064341323-f6ee47d8-32bf&#8221;]<\/p>\n<ol>\n<li>\n<div><a href=\"http:\/\/agenciaorbita.org\/recomiendan-cuidados-con-excesos-alimenticios-por-celebraciones-de-navidad-y-ano-nuevo\/\" target=\"_blank\" rel=\"noopener noreferrer\">Recomiendan cuidados con excesos alimenticios por celebraciones de Navidad y A\u00f1o Nuevo<\/a><br \/>\nAgencia de Noticias Orbita, 18 de diciembre de 2014<\/div>\n<\/li>\n<li>\n<div><a href=\"http:\/\/agenciaorbita.org\/la-enfermedad-de-paget-una-neoplasia-maligna-poco-frecuente-en-la-mama\/\" target=\"_blank\" rel=\"noopener noreferrer\">La enfermedad de Paget, una neoplasia maligna poco frecuente en la mama<\/a><br \/>\nAgencia de Noticias Orbita, 11 de diciembre de 2014<\/div>\n<\/li>\n<li>\n<div><a href=\"http:\/\/www.elinformanteperu.com\/agenda.php?idarticulos=76310\" target=\"_blank\" rel=\"noopener noreferrer\">La enfermedad de paget, una neoplasia maligna poco com\u00fan<\/a><br \/>\nEl Informante, 11 de diciembre de 2014<\/div>\n<\/li>\n<\/ol>\n<p>[\/vc_toggle][vc_toggle title=&#8221;Noviembre 2014&#8243; el_id=&#8221;1447064412741-3e356338-032d&#8221;]<\/p>\n<ol>\n<li><a title=\"\" href=\"http:\/\/www.losandes.com.pe\/Sociedad\/20141126\/84389.html\" target=\"_blank\" rel=\"noopener noreferrer\">C\u00e1ncer de p\u00e1ncreas es uno de los tumores malignos m\u00e1s dif\u00edciles de diagnosticar<\/a><br \/>\nLos Andes, 26 de noviembre de 2014<\/li>\n<li>\n<div><a title=\"\" href=\"http:\/\/www.elinformanteperu.com\/agenda.php?idarticulos=76011\" target=\"_blank\" rel=\"noopener noreferrer\">El c\u00e1ncer de p\u00e1ncreas es uno de los tumores malignos m\u00e1s dif\u00edciles de diagnosticar<\/a><br \/>\nwww.elinformanteperu.com, 26 de noviembre de 2014<\/div>\n<\/li>\n<li>\n<div><a title=\"\" href=\"http:\/\/www.elinformanteperu.com\/agenda.php?idarticulos=75915\" target=\"_blank\" rel=\"noopener noreferrer\">Bultos que causan dolor en el cuello, axilas o ingles podr\u00edan ser s\u00edntomas de linfoma<\/a><br \/>\nwww.elinformanteperu.com, 22 de noviembre de 2014<\/div>\n<\/li>\n<li><a title=\"\" href=\"http:\/\/www.losandes.com.pe\/Sociedad\/20141116\/84137.html\" target=\"_blank\" rel=\"noopener noreferrer\">El c\u00e1ncer contin\u00faa siendo uno de los males que m\u00e1s cobran vidas en el Per\u00fa<\/a><br \/>\nPeri\u00f3dico Los Andes, 16 de noviembre de 2014<\/li>\n<\/ol>\n<p>[\/vc_toggle][vc_toggle title=&#8221;Octubre 2014&#8243; el_id=&#8221;1447064451796-0645cbf1-8947&#8243;]<\/p>\n<ol>\n<li><a href=\"http:\/\/www.elinformanteperu.com\/agenda.php?idarticulos=75361\" target=\"_blank\" rel=\"noopener noreferrer\">Mamograf\u00eda permite detectar c\u00e1ncer de mama en etapa inicial<\/a><br \/>\nEl Infomrante, 15 de octubre de 2014<\/li>\n<li>\n<div><a href=\"http:\/\/www.connuestroperu.com\/ciencia-y-tecnologia\/salud\/43946-la-mamografia-permite-detectar-cancer-de-mama-en-etapa-inicial\" target=\"_blank\" rel=\"noopener noreferrer\">Mamograf\u00eda permite detectar c\u00e1ncer de mama en etapa inicial<\/a><br \/>\nCon Nuestro Per\u00fa, 15 de octubre de 2014<\/div>\n<\/li>\n<li>\n<div><a href=\"http:\/\/www.losandes.com.pe\/Nacional\/20141014\/83360.html\" target=\"_blank\" rel=\"noopener noreferrer\">Mamograf\u00eda permite detectar c\u00e1ncer de mama en etapa inicial<\/a><br \/>\nDiario Los Andes, Puno, 14 de octubre de 2014<\/div>\n<\/li>\n<li>\n<div>\n<div><a title=\"\" href=\"http:\/\/centrodetectordelcancer.net\/portal\/images\/documentos\/el%20universal%20octubre.jpg\" target=\"_blank\" rel=\"noopener noreferrer\">La prevenci\u00f3n es la clave\u00a0<\/a><\/div>\n<div>Diario el Universal, octubre 2014<\/div>\n<\/div>\n<\/li>\n<li><a title=\"\" href=\"http:\/\/www.rpp.com.pe\/2014-10-01-seis-senales-que-pueden-indicar-un-cancer-en-mujeres-noticia_730176.html\" target=\"_blank\" rel=\"noopener noreferrer\">Seis se\u00f1ales que pueden indicar un c\u00e1ncer en mujeres<\/a><br \/>\nRadio Programas del Per\u00fa, 1\u00b0 de octubre de 2014<\/li>\n<\/ol>\n<p>[\/vc_toggle][vc_toggle title=&#8221;Setiembre 2014&#8243;]<\/p>\n<ol>\n<li>\n<div><a title=\"\" href=\"http:\/\/www.elinformanteperu.com\/agenda.php?idarticulos=75041\" target=\"_blank\" rel=\"noopener noreferrer\">Conoce las se\u00f1ales que pueden indicar un c\u00e1ncer en las mujeres<\/a><br \/>\nEl Informante, 29 de setiembre de 2014<\/div>\n<\/li>\n<li>\n<div><a title=\"\" href=\"http:\/\/www.connuestroperu.com\/ciencia-y-tecnologia\/salud\/43759-las-senales-de-cancer-en-las-mujeres\" target=\"_blank\" rel=\"noopener noreferrer\">Las se\u00f1ales de c\u00e1ncer en las mujeres<\/a><br \/>\nConnuestroperu.com, 27 de setiembre de 2014<\/div>\n<\/li>\n<li><a title=\"\" href=\"http:\/\/peru.com\/estilo-de-vida\/salud\/leucemia-conoce-sintomas-detectarlo-tiempo-noticia-284626\" target=\"_blank\" rel=\"noopener noreferrer\">Leucemia: Conoce los s\u00edntomas para detectarlo a tiempo<\/a><br \/>\nPeru.com, 16 de setiembre de 2014<\/li>\n<\/ol>\n<p>[\/vc_toggle][vc_toggle title=&#8221;Agosto 2014&#8243; el_id=&#8221;1447064555113-315c72fb-176e&#8221;]<\/p>\n<ol>\n<li>\n<div><a title=\"\" href=\"http:\/\/peru.com\/estilo-de-vida\/salud\/cancer-colon-conoce-como-y-desde-que-edad-prevenirlo-noticia-277141\" target=\"_blank\" rel=\"noopener noreferrer\">C\u00e1ncer de colon: Conoce c\u00f3mo y desde qu\u00e9 edad prevenirlo<\/a><br \/>\nwww.Peru.com, 19 de agosto de 2014<\/div>\n<\/li>\n<li>\n<div><a title=\"\" href=\"http:\/\/www.elinformanteperu.com\/agenda.php?idarticulos=74385\" target=\"_blank\" rel=\"noopener noreferrer\">Recomiendan prevenir c\u00e1ncer de colon a partir de los 50 a\u00f1os<\/a><br \/>\nAgencia El Informante, 18 de agosto de 2014<\/div>\n<\/li>\n<\/ol>\n<p>[\/vc_toggle][vc_toggle title=&#8221;Julio 2014&#8243; el_id=&#8221;1447065558213-dca24fc1-47a1&#8243;]<\/p>\n<ol>\n<li><a href=\"http:\/\/www.connuestroperu.com\/ciencia-y-tecnologia\/salud\/42928-cancer-de-testiculo-es-mas-frecuente-en-varones-jovenes\" target=\"_blank\" rel=\"noopener noreferrer\">C\u00e1ncer de test\u00edculo es m\u00e1s frecuente en varones j\u00f3venes<\/a><br \/>\nwww.connuestroperu.com, 21 de julio de 2014<\/li>\n<li><a title=\"\" href=\"http:\/\/www.sanmartinenlinea.com\/vernoticia.php?not=3758\" target=\"_blank\" rel=\"noopener noreferrer\">C\u00e1ncer testicular es m\u00e1s frecuente en j\u00f3venes<\/a><br \/>\nSan Mart\u00edn en L\u00ednea, 18 de julio de 2014<\/li>\n<\/ol>\n<p>[\/vc_toggle][vc_toggle title=&#8221;Junio 2014&#8243; el_id=&#8221;1447065583979-54e0b9c1-ae47&#8243;]<\/p>\n<ol>\n<li>\n<div><a title=\"\" href=\"http:\/\/mujerysociedad.org.pe\/web\/recomiendan-a-las-mujeres-cinco-pruebas-para-detectar-el-cancer\/\" target=\"_blank\" rel=\"noopener noreferrer\">Recomiendan a las mujeres cinco pruebas para detectar el c\u00e1ncer<\/a><br \/>\nMujer y Sociedad, 18 de junio de 2014<\/div>\n<\/li>\n<li>\n<div><a title=\"\" href=\"http:\/\/www.radiopanamericana.com\/noticias\/5485\/pruebas-que-toda-mujer-debe-realizarse-para-descarta-cancer\" target=\"_blank\" rel=\"noopener noreferrer\">Pruebas que toda mujer debe realizarse para descarta c\u00e1ncer<\/a><br \/>\nwww.radiopanamericana.com, 18 de junio de 2014<\/div>\n<\/li>\n<li>\n<div><a title=\"\" href=\"http:\/\/www.elinformanteperu.com\/agenda.php?idarticulos=73310\" target=\"_blank\" rel=\"noopener noreferrer\">Mujeres deben realizarse peri\u00f3dicamente distintos ex\u00e1menes preventivos contra el c\u00e1ncer<\/a><br \/>\nwww.elinformateperu.com, 18 de junio de 2014<\/div>\n<\/li>\n<li>\n<div><a title=\"\" href=\"http:\/\/www.rpp.com.pe\/2014-06-17-cancer-cinco-pruebas-que-toda-mujer-debe-realizarse-foto_700898_1.html#foto\" target=\"_blank\" rel=\"noopener noreferrer\">C\u00e1ncer: Cinco pruebas que toda mujer debe realizarse<\/a><br \/>\nRadio Programas del Per\u00fa, 17 de junio de 2014<\/div>\n<\/li>\n<li><a title=\"\" href=\"http:\/\/www.losandes.com.pe\/Nacional\/20140601\/80537.html\" target=\"_blank\" rel=\"noopener noreferrer\">Dejar de fumar traer\u00eda beneficios inmediatos en la salud de las personas<\/a><br \/>\nDiario Los Andes, 1 de junio de 2014<\/li>\n<li>\n<div><a title=\"\" href=\"http:\/\/www.elinformanteperu.com\/agenda.php?idarticulos=72983\" target=\"_blank\" rel=\"noopener noreferrer\">Dejar de fumar traer\u00eda beneficios inmediatos en la salud de las personas<\/a><br \/>\nwww.elinformanteperu.com, 1 de junio de 2014<\/div>\n<\/li>\n<\/ol>\n<p>[\/vc_toggle][vc_toggle title=&#8221;Febrero 2014&#8243;]<\/p>\n<ol>\n<li><a href=\"http:\/\/www.elinformanteperu.com\/notidatos.php?idarticulo=71461\" target=\"_blank\" rel=\"noopener noreferrer\">Un bulto o n\u00f3dulo en el cuello es el principal s\u00edntoma de c\u00e1ncer de tiroides<\/a><br \/>\nwww.elinformante.com, 27 de febrero de 2014<\/li>\n<li><a href=\"http:\/\/www.losandes.com.pe\/Nacional\/20140226\/78683.html\" target=\"_blank\" rel=\"noopener noreferrer\">Un bulto o n\u00f3dulo en el cuello es el principal s\u00edntoma de c\u00e1ncer de tiroides<\/a><br \/>\nDiario Los Andes, 26 de febrero de 2014<\/li>\n<li><a href=\"http:\/\/www.elinformanteperu.com\/notidatos.php?idarticulo=71298\" target=\"_blank\" rel=\"noopener noreferrer\">Bultos peque\u00f1os y lesiones en los p\u00e1rpados pueden ser s\u00edntomas de c\u00e1ncer<\/a><br \/>\nwww.elinformanteperu.com, 18 de febrero de 2014<\/li>\n<li><a href=\"http:\/\/www.connuestroperu.com\/ciencia-y-tecnologia\/salud\/40935-bultos-pequenos-y-lesiones-en-los-parpados-pueden-ser-sintomas-de-cancer\" target=\"_blank\" rel=\"noopener noreferrer\">Bultos peque\u00f1os y lesiones en los p\u00e1rpados pueden ser s\u00edntomas de c\u00e1ncer<\/a><br \/>\nwwww.connuestroperu.com, 18 de febrero de 2014<\/li>\n<\/ol>\n<p>[\/vc_toggle][vc_toggle title=&#8221;Enero 2014&#8243;]<\/p>\n<ol>\n<li><a title=\"\" href=\"http:\/\/www.senoslibres.com\/2013\/01\/como-es-al-tacto-el-tumor-maligno-y-el.html\" target=\"_blank\" rel=\"noopener noreferrer\">\u00bfC\u00f3mo es al tacto el tumor maligno?<\/a><br \/>\nSenos Libres, 24 de enero de 2014<\/li>\n<li><a href=\"http:\/\/www.losandes.com.pe\/Sociedad\/20140108\/77656.html\" target=\"_blank\" rel=\"noopener noreferrer\">La exposici\u00f3n a los rayos del sol no es perjudicial para la salud<\/a><br \/>\nDiario Los Andes, www.losandes.com.pe, 8 de enero de 2014<\/li>\n<li><a title=\"\" href=\"http:\/\/www.capital.com.pe\/2014-01-04-cinco-recomendaciones-saludables-para-vivir-mas-y-mejor-foto_659466_4.html\" target=\"_blank\" rel=\"noopener noreferrer\">Cinco recomendaciones saludables para vivir m\u00e1s y mejor<\/a><br \/>\nRadio Capital, 04 de enero de 2014<\/li>\n<\/ol>\n<p>[\/vc_toggle][\/vc_column][\/vc_row]<\/p>\n","protected":false},"excerpt":{"rendered":"<p>[vc_row][vc_column margin=&#8221;margin_bottom_grid&#8221;][vc_empty_space][vc_toggle title=&#8221;Diciembre 2014&#8243; open=&#8221;true&#8221; el_id=&#8221;1447064341323-f6ee47d8-32bf&#8221;] Recomiendan cuidados con excesos alimenticios por celebraciones de Navidad y A\u00f1o Nuevo Agencia de Noticias Orbita, 18 de diciembre de 2014 La enfermedad de Paget, una neoplasia maligna poco frecuente en la mama Agencia de Noticias Orbita, 11 de diciembre de 2014 La enfermedad de paget, una neoplasia maligna [&hellip;]<\/p>\n","protected":false},"author":1,"featured_media":0,"parent":0,"menu_order":0,"comment_status":"closed","ping_status":"closed","template":"","meta":[],"yoast_head":"<!-- This site is optimized with the Yoast SEO plugin v18.3 - https:\/\/yoast.com\/wordpress\/plugins\/seo\/ -->\n<title>Noticias 2014 - Dr Mauricio Le\u00f3n<\/title>\n<meta name=\"robots\" content=\"index, follow, max-snippet:-1, max-image-preview:large, max-video-preview:-1\" \/>\n<link rel=\"canonical\" href=\"https:\/\/drmauricioleon.net\/portal\/noticias-2014\/\" \/>\n<meta property=\"og:locale\" content=\"es_ES\" \/>\n<meta property=\"og:type\" content=\"article\" \/>\n<meta property=\"og:title\" content=\"Noticias 2014 - Dr Mauricio Le\u00f3n\" \/>\n<meta property=\"og:description\" content=\"[vc_row][vc_column margin=&#8221;margin_bottom_grid&#8221;][vc_empty_space][vc_toggle title=&#8221;Diciembre 2014&#8243; open=&#8221;true&#8221; el_id=&#8221;1447064341323-f6ee47d8-32bf&#8221;] Recomiendan cuidados con excesos alimenticios por celebraciones de Navidad y A\u00f1o Nuevo Agencia de Noticias Orbita, 18 de diciembre de 2014 La enfermedad de Paget, una neoplasia maligna poco frecuente en la mama Agencia de Noticias Orbita, 11 de diciembre de 2014 La enfermedad de paget, una neoplasia maligna [&hellip;]\" \/>\n<meta property=\"og:url\" content=\"https:\/\/drmauricioleon.net\/portal\/noticias-2014\/\" \/>\n<meta property=\"og:site_name\" content=\"Dr Mauricio Le\u00f3n\" \/>\n<meta property=\"article:publisher\" content=\"https:\/\/www.facebook.com\/Dr.mauricioleon\" \/>\n<meta property=\"article:modified_time\" content=\"2020-03-14T15:48:57+00:00\" \/>\n<meta property=\"og:image\" content=\"https:\/\/drmauricioleon.net\/portal\/wp-content\/uploads\/2020\/01\/drmauricio.jpg\" \/>\n\t<meta property=\"og:image:width\" content=\"570\" \/>\n\t<meta property=\"og:image:height\" content=\"570\" \/>\n\t<meta property=\"og:image:type\" content=\"image\/jpeg\" \/>\n<meta name=\"twitter:card\" content=\"summary_large_image\" \/>\n<meta name=\"twitter:site\" content=\"@drleonmauricio\" \/>\n<meta name=\"twitter:label1\" content=\"Est. reading time\" \/>\n\t<meta name=\"twitter:data1\" content=\"4 minutos\" \/>\n<script type=\"application\/ld+json\" class=\"yoast-schema-graph\">{\"@context\":\"https:\/\/schema.org\",\"@graph\":[{\"@type\":\"Organization\",\"@id\":\"https:\/\/drmauricioleon.net\/portal\/#organization\",\"name\":\"Dr. Mauricio Le\u00f3n\",\"url\":\"https:\/\/drmauricioleon.net\/portal\/\",\"sameAs\":[\"https:\/\/www.facebook.com\/Dr.mauricioleon\",\"https:\/\/www.linkedin.com\/in\/mauricio-le\u00f3n-rivera-ab525598\",\"http:\/\/www.youtube.com\/user\/centrodetector\",\"https:\/\/twitter.com\/drleonmauricio\"],\"logo\":{\"@type\":\"ImageObject\",\"@id\":\"https:\/\/drmauricioleon.net\/portal\/#logo\",\"inLanguage\":\"es-PE\",\"url\":\"https:\/\/drmauricioleon.net\/portal\/wp-content\/uploads\/2020\/01\/logo-drml-e1586281768776.png\",\"contentUrl\":\"https:\/\/drmauricioleon.net\/portal\/wp-content\/uploads\/2020\/01\/logo-drml-e1586281768776.png\",\"width\":220,\"height\":72,\"caption\":\"Dr. Mauricio Le\u00f3n\"},\"image\":{\"@id\":\"https:\/\/drmauricioleon.net\/portal\/#logo\"}},{\"@type\":\"WebSite\",\"@id\":\"https:\/\/drmauricioleon.net\/portal\/#website\",\"url\":\"https:\/\/drmauricioleon.net\/portal\/\",\"name\":\"Dr Mauricio Le\u00f3n\",\"description\":\"Cirujano general y onc\u00f3logo y sub especialista en tumores de Mamas, Tejidos Blandos y Piel. Es m\u00e9dico staff de la Cl\u00ednica Ricardo Palma y de Oncosalud.\",\"publisher\":{\"@id\":\"https:\/\/drmauricioleon.net\/portal\/#organization\"},\"potentialAction\":[{\"@type\":\"SearchAction\",\"target\":{\"@type\":\"EntryPoint\",\"urlTemplate\":\"https:\/\/drmauricioleon.net\/portal\/?s={search_term_string}\"},\"query-input\":\"required name=search_term_string\"}],\"inLanguage\":\"es-PE\"},{\"@type\":\"WebPage\",\"@id\":\"https:\/\/drmauricioleon.net\/portal\/noticias-2014\/#webpage\",\"url\":\"https:\/\/drmauricioleon.net\/portal\/noticias-2014\/\",\"name\":\"Noticias 2014 - Dr Mauricio Le\u00f3n\",\"isPartOf\":{\"@id\":\"https:\/\/drmauricioleon.net\/portal\/#website\"},\"datePublished\":\"2014-01-22T00:19:35+00:00\",\"dateModified\":\"2020-03-14T15:48:57+00:00\",\"breadcrumb\":{\"@id\":\"https:\/\/drmauricioleon.net\/portal\/noticias-2014\/#breadcrumb\"},\"inLanguage\":\"es-PE\",\"potentialAction\":[{\"@type\":\"ReadAction\",\"target\":[\"https:\/\/drmauricioleon.net\/portal\/noticias-2014\/\"]}]},{\"@type\":\"BreadcrumbList\",\"@id\":\"https:\/\/drmauricioleon.net\/portal\/noticias-2014\/#breadcrumb\",\"itemListElement\":[{\"@type\":\"ListItem\",\"position\":1,\"name\":\"Portada\",\"item\":\"https:\/\/drmauricioleon.net\/portal\/\"},{\"@type\":\"ListItem\",\"position\":2,\"name\":\"Noticias 2014\"}]}]}<\/script>\n<!-- \/ Yoast SEO plugin. -->","yoast_head_json":{"title":"Noticias 2014 - Dr Mauricio Le\u00f3n","robots":{"index":"index","follow":"follow","max-snippet":"max-snippet:-1","max-image-preview":"max-image-preview:large","max-video-preview":"max-video-preview:-1"},"canonical":"https:\/\/drmauricioleon.net\/portal\/noticias-2014\/","og_locale":"es_ES","og_type":"article","og_title":"Noticias 2014 - Dr Mauricio Le\u00f3n","og_description":"[vc_row][vc_column margin=&#8221;margin_bottom_grid&#8221;][vc_empty_space][vc_toggle title=&#8221;Diciembre 2014&#8243; open=&#8221;true&#8221; el_id=&#8221;1447064341323-f6ee47d8-32bf&#8221;] Recomiendan cuidados con excesos alimenticios por celebraciones de Navidad y A\u00f1o Nuevo Agencia de Noticias Orbita, 18 de diciembre de 2014 La enfermedad de Paget, una neoplasia maligna poco frecuente en la mama Agencia de Noticias Orbita, 11 de diciembre de 2014 La enfermedad de paget, una neoplasia maligna [&hellip;]","og_url":"https:\/\/drmauricioleon.net\/portal\/noticias-2014\/","og_site_name":"Dr Mauricio Le\u00f3n","article_publisher":"https:\/\/www.facebook.com\/Dr.mauricioleon","article_modified_time":"2020-03-14T15:48:57+00:00","og_image":[{"width":570,"height":570,"url":"https:\/\/drmauricioleon.net\/portal\/wp-content\/uploads\/2020\/01\/drmauricio.jpg","type":"image\/jpeg"}],"twitter_card":"summary_large_image","twitter_site":"@drleonmauricio","twitter_misc":{"Est. reading time":"4 minutos"},"schema":{"@context":"https:\/\/schema.org","@graph":[{"@type":"Organization","@id":"https:\/\/drmauricioleon.net\/portal\/#organization","name":"Dr. Mauricio Le\u00f3n","url":"https:\/\/drmauricioleon.net\/portal\/","sameAs":["https:\/\/www.facebook.com\/Dr.mauricioleon","https:\/\/www.linkedin.com\/in\/mauricio-le\u00f3n-rivera-ab525598","http:\/\/www.youtube.com\/user\/centrodetector","https:\/\/twitter.com\/drleonmauricio"],"logo":{"@type":"ImageObject","@id":"https:\/\/drmauricioleon.net\/portal\/#logo","inLanguage":"es-PE","url":"https:\/\/drmauricioleon.net\/portal\/wp-content\/uploads\/2020\/01\/logo-drml-e1586281768776.png","contentUrl":"https:\/\/drmauricioleon.net\/portal\/wp-content\/uploads\/2020\/01\/logo-drml-e1586281768776.png","width":220,"height":72,"caption":"Dr. Mauricio Le\u00f3n"},"image":{"@id":"https:\/\/drmauricioleon.net\/portal\/#logo"}},{"@type":"WebSite","@id":"https:\/\/drmauricioleon.net\/portal\/#website","url":"https:\/\/drmauricioleon.net\/portal\/","name":"Dr Mauricio Le\u00f3n","description":"Cirujano general y onc\u00f3logo y sub especialista en tumores de Mamas, Tejidos Blandos y Piel. Es m\u00e9dico staff de la Cl\u00ednica Ricardo Palma y de Oncosalud.","publisher":{"@id":"https:\/\/drmauricioleon.net\/portal\/#organization"},"potentialAction":[{"@type":"SearchAction","target":{"@type":"EntryPoint","urlTemplate":"https:\/\/drmauricioleon.net\/portal\/?s={search_term_string}"},"query-input":"required name=search_term_string"}],"inLanguage":"es-PE"},{"@type":"WebPage","@id":"https:\/\/drmauricioleon.net\/portal\/noticias-2014\/#webpage","url":"https:\/\/drmauricioleon.net\/portal\/noticias-2014\/","name":"Noticias 2014 - Dr Mauricio Le\u00f3n","isPartOf":{"@id":"https:\/\/drmauricioleon.net\/portal\/#website"},"datePublished":"2014-01-22T00:19:35+00:00","dateModified":"2020-03-14T15:48:57+00:00","breadcrumb":{"@id":"https:\/\/drmauricioleon.net\/portal\/noticias-2014\/#breadcrumb"},"inLanguage":"es-PE","potentialAction":[{"@type":"ReadAction","target":["https:\/\/drmauricioleon.net\/portal\/noticias-2014\/"]}]},{"@type":"BreadcrumbList","@id":"https:\/\/drmauricioleon.net\/portal\/noticias-2014\/#breadcrumb","itemListElement":[{"@type":"ListItem","position":1,"name":"Portada","item":"https:\/\/drmauricioleon.net\/portal\/"},{"@type":"ListItem","position":2,"name":"Noticias 2014"}]}]}},"_links":{"self":[{"href":"https:\/\/drmauricioleon.net\/portal\/wp-json\/wp\/v2\/pages\/2190"}],"collection":[{"href":"https:\/\/drmauricioleon.net\/portal\/wp-json\/wp\/v2\/pages"}],"about":[{"href":"https:\/\/drmauricioleon.net\/portal\/wp-json\/wp\/v2\/types\/page"}],"author":[{"embeddable":true,"href":"https:\/\/drmauricioleon.net\/portal\/wp-json\/wp\/v2\/users\/1"}],"replies":[{"embeddable":true,"href":"https:\/\/drmauricioleon.net\/portal\/wp-json\/wp\/v2\/comments?post=2190"}],"version-history":[{"count":22,"href":"https:\/\/drmauricioleon.net\/portal\/wp-json\/wp\/v2\/pages\/2190\/revisions"}],"predecessor-version":[{"id":3182,"href":"https:\/\/drmauricioleon.net\/portal\/wp-json\/wp\/v2\/pages\/2190\/revisions\/3182"}],"wp:attachment":[{"href":"https:\/\/drmauricioleon.net\/portal\/wp-json\/wp\/v2\/media?parent=2190"}],"curies":[{"name":"wp","href":"https:\/\/api.w.org\/{rel}","templated":true}]}}