{"id":2159,"date":"2020-01-21T23:16:38","date_gmt":"2020-01-21T23:16:38","guid":{"rendered":"http:\/\/drmauricioleon.net\/portal\/?page_id=2159"},"modified":"2020-03-21T17:32:52","modified_gmt":"2020-03-21T17:32:52","slug":"articulos-especializados","status":"publish","type":"page","link":"https:\/\/drmauricioleon.net\/portal\/articulos-especializados\/","title":{"rendered":"Art\u00edculos especializados"},"content":{"rendered":"<p>[vc_row][vc_column margin=&#8221;margin_bottom_grid&#8221;][vc_column_text]<\/p>\n<ol>\n<li><a href=\"http:\/\/www.rpp.com.pe\/2012-06-02--que-cirugias-tienen-mas-riesgo-de-infectarnos-noticia_488426.html\" target=\"_blank\" rel=\"noopener noreferrer\">\u00bfQu\u00e9 cirug\u00edas tienen m\u00e1s riesgo de infectarnos?<\/a>.<\/li>\n<li><a href=\"http:\/\/www.fihu.org.pe\/revista\/numeros\/2004\/ene-feb04\/37-39.html\" target=\"_blank\" rel=\"noopener noreferrer\">Elefantiasis Nostras Verrucosa en miembro inferior izquierdo: tratamiento quir\u00fargico a prop\u00f3sito de un caso y revisi\u00f3n de literatura.<\/a>.<\/li>\n<li><a href=\"http:\/\/sisbib.unmsm.edu.pe\/bvrevistas\/acta_cancerol\u00f3gica\/v30_n2\/quimioterapia.htm\" target=\"_blank\" rel=\"noopener noreferrer\">Quimioterapia de inducci\u00f3n y tratamiento de conservaci\u00f3n en c\u00e1ncer de mama estad\u00edo cl\u00ednico II<\/a>.<\/li>\n<li><a href=\"http:\/\/sisbib.unmsm.edu.pe\/bvrevistas\/acta_cancerol\u00f3gica\/v30_n2\/sarcoma.htm\" target=\"_blank\" rel=\"noopener noreferrer\">Sarcomas de tejidos blandos en el Instituto de Enfermedades Neopl\u00e1sicas<\/a>.<\/li>\n<li><a href=\"http:\/\/sisbib.unmsm.edu.pe\/bvrevistas\/acta_cancerol\u00f3gica\/v32_n2\/melanoma.htm\" target=\"_blank\" rel=\"noopener noreferrer\">Melanoma maligno de la regi\u00f3n mamaria en el Instituto de Enfermedades Neopl\u00e1sicas: 50 a\u00f1os<\/a>.<\/li>\n<li><a href=\"http:\/\/www.fihu.org.pe\/revista\/numeros\/2001\/julago01\/185-200.html\" target=\"_blank\" rel=\"noopener noreferrer\">Ganglio Centinela y sus aplicaciones en c\u00e1ncer<\/a>.<\/li>\n<\/ol>\n<p>[\/vc_column_text][vc_video link=&#8221;https:\/\/www.youtube.com\/watch?v=as6PsDwGgCA&#8221; title=&#8221;Entrevista&#8221;][\/vc_column][\/vc_row]<\/p>\n","protected":false},"excerpt":{"rendered":"<p>[vc_row][vc_column margin=&#8221;margin_bottom_grid&#8221;][vc_column_text] \u00bfQu\u00e9 cirug\u00edas tienen m\u00e1s riesgo de infectarnos?. Elefantiasis Nostras Verrucosa en miembro inferior izquierdo: tratamiento quir\u00fargico a prop\u00f3sito de un caso y revisi\u00f3n de literatura.. Quimioterapia de inducci\u00f3n y tratamiento de conservaci\u00f3n en c\u00e1ncer de mama estad\u00edo cl\u00ednico II. Sarcomas de tejidos blandos en el Instituto de Enfermedades Neopl\u00e1sicas. Melanoma maligno de la [&hellip;]<\/p>\n","protected":false},"author":1,"featured_media":0,"parent":0,"menu_order":0,"comment_status":"closed","ping_status":"closed","template":"","meta":[],"yoast_head":"<!-- This site is optimized with the Yoast SEO plugin v18.3 - https:\/\/yoast.com\/wordpress\/plugins\/seo\/ -->\n<title>Art\u00edculos especializados - Dr Mauricio Le\u00f3n<\/title>\n<meta name=\"robots\" content=\"index, follow, max-snippet:-1, max-image-preview:large, max-video-preview:-1\" \/>\n<link rel=\"canonical\" href=\"https:\/\/drmauricioleon.net\/portal\/articulos-especializados\/\" \/>\n<meta property=\"og:locale\" content=\"es_ES\" \/>\n<meta property=\"og:type\" content=\"article\" \/>\n<meta property=\"og:title\" content=\"Art\u00edculos especializados - Dr Mauricio Le\u00f3n\" \/>\n<meta property=\"og:description\" content=\"[vc_row][vc_column margin=&#8221;margin_bottom_grid&#8221;][vc_column_text] \u00bfQu\u00e9 cirug\u00edas tienen m\u00e1s riesgo de infectarnos?. Elefantiasis Nostras Verrucosa en miembro inferior izquierdo: tratamiento quir\u00fargico a prop\u00f3sito de un caso y revisi\u00f3n de literatura.. Quimioterapia de inducci\u00f3n y tratamiento de conservaci\u00f3n en c\u00e1ncer de mama estad\u00edo cl\u00ednico II. Sarcomas de tejidos blandos en el Instituto de Enfermedades Neopl\u00e1sicas. Melanoma maligno de la [&hellip;]\" \/>\n<meta property=\"og:url\" content=\"https:\/\/drmauricioleon.net\/portal\/articulos-especializados\/\" \/>\n<meta property=\"og:site_name\" content=\"Dr Mauricio Le\u00f3n\" \/>\n<meta property=\"article:publisher\" content=\"https:\/\/www.facebook.com\/Dr.mauricioleon\" \/>\n<meta property=\"article:modified_time\" content=\"2020-03-21T17:32:52+00:00\" \/>\n<meta property=\"og:image\" content=\"https:\/\/drmauricioleon.net\/portal\/wp-content\/uploads\/2020\/01\/drmauricio.jpg\" \/>\n\t<meta property=\"og:image:width\" content=\"570\" \/>\n\t<meta property=\"og:image:height\" content=\"570\" \/>\n\t<meta property=\"og:image:type\" content=\"image\/jpeg\" \/>\n<meta name=\"twitter:card\" content=\"summary_large_image\" \/>\n<meta name=\"twitter:site\" content=\"@drleonmauricio\" \/>\n<meta name=\"twitter:label1\" content=\"Est. reading time\" \/>\n\t<meta name=\"twitter:data1\" content=\"1 minuto\" \/>\n<script type=\"application\/ld+json\" class=\"yoast-schema-graph\">{\"@context\":\"https:\/\/schema.org\",\"@graph\":[{\"@type\":\"Organization\",\"@id\":\"https:\/\/drmauricioleon.net\/portal\/#organization\",\"name\":\"Dr. Mauricio Le\u00f3n\",\"url\":\"https:\/\/drmauricioleon.net\/portal\/\",\"sameAs\":[\"https:\/\/www.facebook.com\/Dr.mauricioleon\",\"https:\/\/www.linkedin.com\/in\/mauricio-le\u00f3n-rivera-ab525598\",\"http:\/\/www.youtube.com\/user\/centrodetector\",\"https:\/\/twitter.com\/drleonmauricio\"],\"logo\":{\"@type\":\"ImageObject\",\"@id\":\"https:\/\/drmauricioleon.net\/portal\/#logo\",\"inLanguage\":\"es-PE\",\"url\":\"https:\/\/drmauricioleon.net\/portal\/wp-content\/uploads\/2020\/01\/logo-drml-e1586281768776.png\",\"contentUrl\":\"https:\/\/drmauricioleon.net\/portal\/wp-content\/uploads\/2020\/01\/logo-drml-e1586281768776.png\",\"width\":220,\"height\":72,\"caption\":\"Dr. Mauricio Le\u00f3n\"},\"image\":{\"@id\":\"https:\/\/drmauricioleon.net\/portal\/#logo\"}},{\"@type\":\"WebSite\",\"@id\":\"https:\/\/drmauricioleon.net\/portal\/#website\",\"url\":\"https:\/\/drmauricioleon.net\/portal\/\",\"name\":\"Dr Mauricio Le\u00f3n\",\"description\":\"Cirujano general y onc\u00f3logo y sub especialista en tumores de Mamas, Tejidos Blandos y Piel. Es m\u00e9dico staff de la Cl\u00ednica Ricardo Palma y de Oncosalud.\",\"publisher\":{\"@id\":\"https:\/\/drmauricioleon.net\/portal\/#organization\"},\"potentialAction\":[{\"@type\":\"SearchAction\",\"target\":{\"@type\":\"EntryPoint\",\"urlTemplate\":\"https:\/\/drmauricioleon.net\/portal\/?s={search_term_string}\"},\"query-input\":\"required name=search_term_string\"}],\"inLanguage\":\"es-PE\"},{\"@type\":\"WebPage\",\"@id\":\"https:\/\/drmauricioleon.net\/portal\/articulos-especializados\/#webpage\",\"url\":\"https:\/\/drmauricioleon.net\/portal\/articulos-especializados\/\",\"name\":\"Art\u00edculos especializados - Dr Mauricio Le\u00f3n\",\"isPartOf\":{\"@id\":\"https:\/\/drmauricioleon.net\/portal\/#website\"},\"datePublished\":\"2020-01-21T23:16:38+00:00\",\"dateModified\":\"2020-03-21T17:32:52+00:00\",\"breadcrumb\":{\"@id\":\"https:\/\/drmauricioleon.net\/portal\/articulos-especializados\/#breadcrumb\"},\"inLanguage\":\"es-PE\",\"potentialAction\":[{\"@type\":\"ReadAction\",\"target\":[\"https:\/\/drmauricioleon.net\/portal\/articulos-especializados\/\"]}]},{\"@type\":\"BreadcrumbList\",\"@id\":\"https:\/\/drmauricioleon.net\/portal\/articulos-especializados\/#breadcrumb\",\"itemListElement\":[{\"@type\":\"ListItem\",\"position\":1,\"name\":\"Portada\",\"item\":\"https:\/\/drmauricioleon.net\/portal\/\"},{\"@type\":\"ListItem\",\"position\":2,\"name\":\"Art\u00edculos especializados\"}]}]}<\/script>\n<!-- \/ Yoast SEO plugin. -->","yoast_head_json":{"title":"Art\u00edculos especializados - Dr Mauricio Le\u00f3n","robots":{"index":"index","follow":"follow","max-snippet":"max-snippet:-1","max-image-preview":"max-image-preview:large","max-video-preview":"max-video-preview:-1"},"canonical":"https:\/\/drmauricioleon.net\/portal\/articulos-especializados\/","og_locale":"es_ES","og_type":"article","og_title":"Art\u00edculos especializados - Dr Mauricio Le\u00f3n","og_description":"[vc_row][vc_column margin=&#8221;margin_bottom_grid&#8221;][vc_column_text] \u00bfQu\u00e9 cirug\u00edas tienen m\u00e1s riesgo de infectarnos?. Elefantiasis Nostras Verrucosa en miembro inferior izquierdo: tratamiento quir\u00fargico a prop\u00f3sito de un caso y revisi\u00f3n de literatura.. Quimioterapia de inducci\u00f3n y tratamiento de conservaci\u00f3n en c\u00e1ncer de mama estad\u00edo cl\u00ednico II. Sarcomas de tejidos blandos en el Instituto de Enfermedades Neopl\u00e1sicas. Melanoma maligno de la [&hellip;]","og_url":"https:\/\/drmauricioleon.net\/portal\/articulos-especializados\/","og_site_name":"Dr Mauricio Le\u00f3n","article_publisher":"https:\/\/www.facebook.com\/Dr.mauricioleon","article_modified_time":"2020-03-21T17:32:52+00:00","og_image":[{"width":570,"height":570,"url":"https:\/\/drmauricioleon.net\/portal\/wp-content\/uploads\/2020\/01\/drmauricio.jpg","type":"image\/jpeg"}],"twitter_card":"summary_large_image","twitter_site":"@drleonmauricio","twitter_misc":{"Est. reading time":"1 minuto"},"schema":{"@context":"https:\/\/schema.org","@graph":[{"@type":"Organization","@id":"https:\/\/drmauricioleon.net\/portal\/#organization","name":"Dr. Mauricio Le\u00f3n","url":"https:\/\/drmauricioleon.net\/portal\/","sameAs":["https:\/\/www.facebook.com\/Dr.mauricioleon","https:\/\/www.linkedin.com\/in\/mauricio-le\u00f3n-rivera-ab525598","http:\/\/www.youtube.com\/user\/centrodetector","https:\/\/twitter.com\/drleonmauricio"],"logo":{"@type":"ImageObject","@id":"https:\/\/drmauricioleon.net\/portal\/#logo","inLanguage":"es-PE","url":"https:\/\/drmauricioleon.net\/portal\/wp-content\/uploads\/2020\/01\/logo-drml-e1586281768776.png","contentUrl":"https:\/\/drmauricioleon.net\/portal\/wp-content\/uploads\/2020\/01\/logo-drml-e1586281768776.png","width":220,"height":72,"caption":"Dr. Mauricio Le\u00f3n"},"image":{"@id":"https:\/\/drmauricioleon.net\/portal\/#logo"}},{"@type":"WebSite","@id":"https:\/\/drmauricioleon.net\/portal\/#website","url":"https:\/\/drmauricioleon.net\/portal\/","name":"Dr Mauricio Le\u00f3n","description":"Cirujano general y onc\u00f3logo y sub especialista en tumores de Mamas, Tejidos Blandos y Piel. Es m\u00e9dico staff de la Cl\u00ednica Ricardo Palma y de Oncosalud.","publisher":{"@id":"https:\/\/drmauricioleon.net\/portal\/#organization"},"potentialAction":[{"@type":"SearchAction","target":{"@type":"EntryPoint","urlTemplate":"https:\/\/drmauricioleon.net\/portal\/?s={search_term_string}"},"query-input":"required name=search_term_string"}],"inLanguage":"es-PE"},{"@type":"WebPage","@id":"https:\/\/drmauricioleon.net\/portal\/articulos-especializados\/#webpage","url":"https:\/\/drmauricioleon.net\/portal\/articulos-especializados\/","name":"Art\u00edculos especializados - Dr Mauricio Le\u00f3n","isPartOf":{"@id":"https:\/\/drmauricioleon.net\/portal\/#website"},"datePublished":"2020-01-21T23:16:38+00:00","dateModified":"2020-03-21T17:32:52+00:00","breadcrumb":{"@id":"https:\/\/drmauricioleon.net\/portal\/articulos-especializados\/#breadcrumb"},"inLanguage":"es-PE","potentialAction":[{"@type":"ReadAction","target":["https:\/\/drmauricioleon.net\/portal\/articulos-especializados\/"]}]},{"@type":"BreadcrumbList","@id":"https:\/\/drmauricioleon.net\/portal\/articulos-especializados\/#breadcrumb","itemListElement":[{"@type":"ListItem","position":1,"name":"Portada","item":"https:\/\/drmauricioleon.net\/portal\/"},{"@type":"ListItem","position":2,"name":"Art\u00edculos especializados"}]}]}},"_links":{"self":[{"href":"https:\/\/drmauricioleon.net\/portal\/wp-json\/wp\/v2\/pages\/2159"}],"collection":[{"href":"https:\/\/drmauricioleon.net\/portal\/wp-json\/wp\/v2\/pages"}],"about":[{"href":"https:\/\/drmauricioleon.net\/portal\/wp-json\/wp\/v2\/types\/page"}],"author":[{"embeddable":true,"href":"https:\/\/drmauricioleon.net\/portal\/wp-json\/wp\/v2\/users\/1"}],"replies":[{"embeddable":true,"href":"https:\/\/drmauricioleon.net\/portal\/wp-json\/wp\/v2\/comments?post=2159"}],"version-history":[{"count":9,"href":"https:\/\/drmauricioleon.net\/portal\/wp-json\/wp\/v2\/pages\/2159\/revisions"}],"predecessor-version":[{"id":3213,"href":"https:\/\/drmauricioleon.net\/portal\/wp-json\/wp\/v2\/pages\/2159\/revisions\/3213"}],"wp:attachment":[{"href":"https:\/\/drmauricioleon.net\/portal\/wp-json\/wp\/v2\/media?parent=2159"}],"curies":[{"name":"wp","href":"https:\/\/api.w.org\/{rel}","templated":true}]}}