{"id":2116,"date":"2020-01-21T20:01:08","date_gmt":"2020-01-21T20:01:08","guid":{"rendered":"http:\/\/drmauricioleon.net\/portal\/?page_id=2116"},"modified":"2020-02-21T05:40:28","modified_gmt":"2020-02-21T05:40:28","slug":"autoexamen","status":"publish","type":"page","link":"https:\/\/drmauricioleon.net\/portal\/cancer-de-mama\/autoexamen\/","title":{"rendered":"Autoexamen de mama"},"content":{"rendered":"<p>[vc_row full_width=&#8221;0&#8243; full_height=&#8221;0&#8243; sep_bottom=&#8221;separator_bottom sep_angled_positive_bottom&#8221; particles=&#8221;0&#8243;][vc_column width=&#8221;1\/2&#8243; margin=&#8221;margin_bottom_grid&#8221; offset=&#8221;vc_col-md-8&#8243;][vc_column_text]<\/p>\n<h3><img loading=\"lazy\" style=\"float: left; border: 0; margin-left: 15px; margin-right: 15px;\" src=\"http:\/\/drmauricioleon.net\/portal\/wp-content\/uploads\/2020\/01\/autoexamen-mama-p1.jpg\" alt=\"\" width=\"100\" height=\"120\" align=\"left\" border=\"0\" \/>Paso 1:<\/h3>\n<p style=\"text-align: justify;\">Col\u00f3quese frente a un espejo, observe y revise ambos senos en busca de hoyuelos, desviaciones del pez\u00f3n o descamaci\u00f3n de la piel, especialmente en la areola.<\/p>\n<p>&nbsp;<\/p>\n<h3><img loading=\"lazy\" class=\" wp-image-2990 alignleft\" src=\"https:\/\/drmauricioleon.net\/portal\/wp-content\/uploads\/2020\/02\/autoexamen-mama-2.jpg\" alt=\"\" width=\"100\" height=\"120\" \/>Paso 2:<\/h3>\n<p style=\"text-align: justify;\">Mirando fijamente el espejo, coloque las manos detr\u00e1s de la cabeza y manteni\u00e9ndola fija, presione los codos hacia adelante, observando si hay hundimientos en la piel, el pez\u00f3n o abultamientos.<\/p>\n<p>&nbsp;<\/p>\n<p>&nbsp;<\/p>\n<h3><img loading=\"lazy\" class=\"alignleft\" style=\"float: left; border: 0; margin-left: 15px; margin-right: 15px;\" src=\"http:\/\/drmauricioleon.net\/portal\/wp-content\/uploads\/2020\/01\/autoexamen-mama-p3.jpg\" alt=\"\" width=\"106\" height=\"127\" align=\"left\" border=\"0\" \/>Paso 3:<\/h3>\n<p style=\"text-align: justify;\">Con el mismo fin, coloque las manos sobre las caderas y haga presi\u00f3n firmemente hacia abajo, inclin\u00e1ndose levemente hacia el espejo impulsando los codos y los hombros hacia adelante.<\/p>\n<p>&nbsp;<\/p>\n<p>&nbsp;<\/p>\n<h3><img loading=\"lazy\" class=\" wp-image-2991 alignleft\" src=\"https:\/\/drmauricioleon.net\/portal\/wp-content\/uploads\/2020\/02\/autoexamen-mama-4.jpg\" alt=\"\" width=\"105\" height=\"126\" \/>Paso 4:<\/h3>\n<p style=\"text-align: justify;\">Levante el brazo izquierdo por detr\u00e1s de la cabeza con el codo en alto y con la mano derecha examine su mama izquierda.<br \/>\nInspeccione de manera cuidadosa deslizando en forma circular los tres dedos intermedios de la mano alrededor del seno, comenzando en la periferia de la parte superior izquierda hasta llegar al pez\u00f3n. Ponga especial cuidado en el \u00e1rea de la mama que se encuentra entre el pez\u00f3n y la axila. Realice el mismo procedimiento en el seno derecho, ahora examin\u00e1ndose con la mano izquierda. Este paso puede realizarse acostada, ya que el tejido se extiende y facilita la palpaci\u00f3n o en la ducha porque los dedos con el jab\u00f3n se resbalan m\u00e1s f\u00e1cilmente.<\/p>\n<h3><img loading=\"lazy\" style=\"float: left; border: 0; margin-left: 15px; margin-right: 15px;\" src=\"http:\/\/drmauricioleon.net\/portal\/wp-content\/uploads\/2020\/01\/autoexamen-mama-p5.jpg\" alt=\"\" width=\"100\" height=\"120\" align=\"left\" border=\"0\" \/><\/h3>\n<h3>Paso 5:<\/h3>\n<p style=\"text-align: justify;\">Es importante que la mujer est\u00e9 atenta a sus senos y si observa un signo de alarma como secreci\u00f3n espont\u00e1nea amarillenta o sanguinolenta, no inducida; acuda de inmediato al especialista.<\/p>\n<p>&nbsp;<\/p>\n<h3><img loading=\"lazy\" class=\" wp-image-2992 alignleft\" src=\"https:\/\/drmauricioleon.net\/portal\/wp-content\/uploads\/2020\/02\/autoexamen-mama-6.jpg\" alt=\"\" width=\"129\" height=\"108\" \/>Paso 6:<\/h3>\n<p style=\"text-align: justify;\">Los m\u00e9dicos recomiendan, adem\u00e1s, realizar el paso n\u00famero 4 acostada boca arriba con una almohada o toalla doblada debajo del hombro. Levante el brazo y col\u00f3quelo sobre la cabeza. Esta posici\u00f3n distribuye el tejido mamario uniformemente sobre la regi\u00f3n central y permite entrever mejor las lesiones tumorales peque\u00f1as. Con la mano derecha palpa el seno izquierdo. Como se indic\u00f3 en el paso 4, lo mismo con el seno derecho.<\/p>\n<p>Por \u00faltimo, no olvide visitar al especialista por lo menos una vez al a\u00f1o, as\u00ed le ser\u00e1 m\u00e1s f\u00e1cil prevenir o detectar a tiempo la enfermedad.[\/vc_column_text][vc_column_text][\/vc_column_text][\/vc_column][vc_column width=&#8221;1\/2&#8243; offset=&#8221;vc_col-md-4&#8243;][vc_column_text]<img loading=\"lazy\" class=\"alignnone size-medium wp-image-2881\" src=\"https:\/\/drmauricioleon.net\/portal\/wp-content\/uploads\/2020\/02\/Estadios-300x128.png\" alt=\"\" width=\"300\" height=\"128\" srcset=\"https:\/\/drmauricioleon.net\/portal\/wp-content\/uploads\/2020\/02\/Estadios-300x128.png 300w, https:\/\/drmauricioleon.net\/portal\/wp-content\/uploads\/2020\/02\/Estadios-1024x435.png 1024w, https:\/\/drmauricioleon.net\/portal\/wp-content\/uploads\/2020\/02\/Estadios-768x326.png 768w, https:\/\/drmauricioleon.net\/portal\/wp-content\/uploads\/2020\/02\/Estadios-1536x653.png 1536w, https:\/\/drmauricioleon.net\/portal\/wp-content\/uploads\/2020\/02\/Estadios-2048x870.png 2048w\" sizes=\"(max-width: 300px) 100vw, 300px\" \/>[\/vc_column_text]<div class=\"plethora_button wpb_content_element   text-left btn_block\">\r\n    <a href=\"http:\/\/drmauricioleon.net\/portal\/2020\/01\/22\/cancer-de-pulmon\/\" debug class=\" btn btn-secondary  \" title=\"C\u00e1ncer de Pulm\u00f3n\"  target=\"_self\">\r\n\r\n        \r\n        Ver C\u00e1ncer al pulm\u00f3n\r\n        \r\n\r\n    <\/a>\r\n<\/div>[vc_wp_posts title=&#8221;Tipos de C\u00e1ncer&#8221; number=&#8221;10&#8243;][\/vc_column][\/vc_row]<\/p>\n","protected":false},"excerpt":{"rendered":"<p>[vc_row full_width=&#8221;0&#8243; full_height=&#8221;0&#8243; sep_bottom=&#8221;separator_bottom sep_angled_positive_bottom&#8221; particles=&#8221;0&#8243;][vc_column width=&#8221;1\/2&#8243; margin=&#8221;margin_bottom_grid&#8221; offset=&#8221;vc_col-md-8&#8243;][vc_column_text] Paso 1: Col\u00f3quese frente a un espejo, observe y revise ambos senos en busca de hoyuelos, desviaciones del pez\u00f3n o descamaci\u00f3n de la piel, especialmente en la areola. &nbsp; Paso 2: Mirando fijamente el espejo, coloque las manos detr\u00e1s de la cabeza y manteni\u00e9ndola fija, presione [&hellip;]<\/p>\n","protected":false},"author":1,"featured_media":0,"parent":2703,"menu_order":0,"comment_status":"closed","ping_status":"closed","template":"","meta":[],"yoast_head":"<!-- This site is optimized with the Yoast SEO plugin v18.3 - https:\/\/yoast.com\/wordpress\/plugins\/seo\/ -->\n<title>Autoexamen de mama - Dr Mauricio Le\u00f3n<\/title>\n<meta name=\"robots\" content=\"index, follow, max-snippet:-1, max-image-preview:large, max-video-preview:-1\" \/>\n<link rel=\"canonical\" href=\"https:\/\/drmauricioleon.net\/portal\/cancer-de-mama\/autoexamen\/\" \/>\n<meta property=\"og:locale\" content=\"es_ES\" \/>\n<meta property=\"og:type\" content=\"article\" \/>\n<meta property=\"og:title\" content=\"Autoexamen de mama - Dr Mauricio Le\u00f3n\" \/>\n<meta property=\"og:description\" content=\"[vc_row full_width=&#8221;0&#8243; full_height=&#8221;0&#8243; sep_bottom=&#8221;separator_bottom sep_angled_positive_bottom&#8221; particles=&#8221;0&#8243;][vc_column width=&#8221;1\/2&#8243; margin=&#8221;margin_bottom_grid&#8221; offset=&#8221;vc_col-md-8&#8243;][vc_column_text] Paso 1: Col\u00f3quese frente a un espejo, observe y revise ambos senos en busca de hoyuelos, desviaciones del pez\u00f3n o descamaci\u00f3n de la piel, especialmente en la areola. &nbsp; Paso 2: Mirando fijamente el espejo, coloque las manos detr\u00e1s de la cabeza y manteni\u00e9ndola fija, presione [&hellip;]\" \/>\n<meta property=\"og:url\" content=\"https:\/\/drmauricioleon.net\/portal\/cancer-de-mama\/autoexamen\/\" \/>\n<meta property=\"og:site_name\" content=\"Dr Mauricio Le\u00f3n\" \/>\n<meta property=\"article:publisher\" content=\"https:\/\/www.facebook.com\/Dr.mauricioleon\" \/>\n<meta property=\"article:modified_time\" content=\"2020-02-21T05:40:28+00:00\" \/>\n<meta property=\"og:image\" content=\"http:\/\/drmauricioleon.net\/portal\/wp-content\/uploads\/2020\/01\/autoexamen-mama-p1.jpg\" \/>\n<meta name=\"twitter:card\" content=\"summary_large_image\" \/>\n<meta name=\"twitter:site\" content=\"@drleonmauricio\" \/>\n<meta name=\"twitter:label1\" content=\"Est. reading time\" \/>\n\t<meta name=\"twitter:data1\" content=\"2 minutos\" \/>\n<script type=\"application\/ld+json\" class=\"yoast-schema-graph\">{\"@context\":\"https:\/\/schema.org\",\"@graph\":[{\"@type\":\"Organization\",\"@id\":\"https:\/\/drmauricioleon.net\/portal\/#organization\",\"name\":\"Dr. Mauricio Le\u00f3n\",\"url\":\"https:\/\/drmauricioleon.net\/portal\/\",\"sameAs\":[\"https:\/\/www.facebook.com\/Dr.mauricioleon\",\"https:\/\/www.linkedin.com\/in\/mauricio-le\u00f3n-rivera-ab525598\",\"http:\/\/www.youtube.com\/user\/centrodetector\",\"https:\/\/twitter.com\/drleonmauricio\"],\"logo\":{\"@type\":\"ImageObject\",\"@id\":\"https:\/\/drmauricioleon.net\/portal\/#logo\",\"inLanguage\":\"es-PE\",\"url\":\"https:\/\/drmauricioleon.net\/portal\/wp-content\/uploads\/2020\/01\/logo-drml-e1586281768776.png\",\"contentUrl\":\"https:\/\/drmauricioleon.net\/portal\/wp-content\/uploads\/2020\/01\/logo-drml-e1586281768776.png\",\"width\":220,\"height\":72,\"caption\":\"Dr. Mauricio Le\u00f3n\"},\"image\":{\"@id\":\"https:\/\/drmauricioleon.net\/portal\/#logo\"}},{\"@type\":\"WebSite\",\"@id\":\"https:\/\/drmauricioleon.net\/portal\/#website\",\"url\":\"https:\/\/drmauricioleon.net\/portal\/\",\"name\":\"Dr Mauricio Le\u00f3n\",\"description\":\"Cirujano general y onc\u00f3logo y sub especialista en tumores de Mamas, Tejidos Blandos y Piel. Es m\u00e9dico staff de la Cl\u00ednica Ricardo Palma y de Oncosalud.\",\"publisher\":{\"@id\":\"https:\/\/drmauricioleon.net\/portal\/#organization\"},\"potentialAction\":[{\"@type\":\"SearchAction\",\"target\":{\"@type\":\"EntryPoint\",\"urlTemplate\":\"https:\/\/drmauricioleon.net\/portal\/?s={search_term_string}\"},\"query-input\":\"required name=search_term_string\"}],\"inLanguage\":\"es-PE\"},{\"@type\":\"ImageObject\",\"@id\":\"https:\/\/drmauricioleon.net\/portal\/cancer-de-mama\/autoexamen\/#primaryimage\",\"inLanguage\":\"es-PE\",\"url\":\"http:\/\/drmauricioleon.net\/portal\/wp-content\/uploads\/2020\/01\/autoexamen-mama-p1.jpg\",\"contentUrl\":\"http:\/\/drmauricioleon.net\/portal\/wp-content\/uploads\/2020\/01\/autoexamen-mama-p1.jpg\"},{\"@type\":\"WebPage\",\"@id\":\"https:\/\/drmauricioleon.net\/portal\/cancer-de-mama\/autoexamen\/#webpage\",\"url\":\"https:\/\/drmauricioleon.net\/portal\/cancer-de-mama\/autoexamen\/\",\"name\":\"Autoexamen de mama - Dr Mauricio Le\u00f3n\",\"isPartOf\":{\"@id\":\"https:\/\/drmauricioleon.net\/portal\/#website\"},\"primaryImageOfPage\":{\"@id\":\"https:\/\/drmauricioleon.net\/portal\/cancer-de-mama\/autoexamen\/#primaryimage\"},\"datePublished\":\"2020-01-21T20:01:08+00:00\",\"dateModified\":\"2020-02-21T05:40:28+00:00\",\"breadcrumb\":{\"@id\":\"https:\/\/drmauricioleon.net\/portal\/cancer-de-mama\/autoexamen\/#breadcrumb\"},\"inLanguage\":\"es-PE\",\"potentialAction\":[{\"@type\":\"ReadAction\",\"target\":[\"https:\/\/drmauricioleon.net\/portal\/cancer-de-mama\/autoexamen\/\"]}]},{\"@type\":\"BreadcrumbList\",\"@id\":\"https:\/\/drmauricioleon.net\/portal\/cancer-de-mama\/autoexamen\/#breadcrumb\",\"itemListElement\":[{\"@type\":\"ListItem\",\"position\":1,\"name\":\"Portada\",\"item\":\"https:\/\/drmauricioleon.net\/portal\/\"},{\"@type\":\"ListItem\",\"position\":2,\"name\":\"C\u00e1ncer de mama\",\"item\":\"https:\/\/drmauricioleon.net\/portal\/cancer-de-mama\/\"},{\"@type\":\"ListItem\",\"position\":3,\"name\":\"Autoexamen de mama\"}]}]}<\/script>\n<!-- \/ Yoast SEO plugin. -->","yoast_head_json":{"title":"Autoexamen de mama - Dr Mauricio Le\u00f3n","robots":{"index":"index","follow":"follow","max-snippet":"max-snippet:-1","max-image-preview":"max-image-preview:large","max-video-preview":"max-video-preview:-1"},"canonical":"https:\/\/drmauricioleon.net\/portal\/cancer-de-mama\/autoexamen\/","og_locale":"es_ES","og_type":"article","og_title":"Autoexamen de mama - Dr Mauricio Le\u00f3n","og_description":"[vc_row full_width=&#8221;0&#8243; full_height=&#8221;0&#8243; sep_bottom=&#8221;separator_bottom sep_angled_positive_bottom&#8221; particles=&#8221;0&#8243;][vc_column width=&#8221;1\/2&#8243; margin=&#8221;margin_bottom_grid&#8221; offset=&#8221;vc_col-md-8&#8243;][vc_column_text] Paso 1: Col\u00f3quese frente a un espejo, observe y revise ambos senos en busca de hoyuelos, desviaciones del pez\u00f3n o descamaci\u00f3n de la piel, especialmente en la areola. &nbsp; Paso 2: Mirando fijamente el espejo, coloque las manos detr\u00e1s de la cabeza y manteni\u00e9ndola fija, presione [&hellip;]","og_url":"https:\/\/drmauricioleon.net\/portal\/cancer-de-mama\/autoexamen\/","og_site_name":"Dr Mauricio Le\u00f3n","article_publisher":"https:\/\/www.facebook.com\/Dr.mauricioleon","article_modified_time":"2020-02-21T05:40:28+00:00","og_image":[{"url":"http:\/\/drmauricioleon.net\/portal\/wp-content\/uploads\/2020\/01\/autoexamen-mama-p1.jpg"}],"twitter_card":"summary_large_image","twitter_site":"@drleonmauricio","twitter_misc":{"Est. reading time":"2 minutos"},"schema":{"@context":"https:\/\/schema.org","@graph":[{"@type":"Organization","@id":"https:\/\/drmauricioleon.net\/portal\/#organization","name":"Dr. Mauricio Le\u00f3n","url":"https:\/\/drmauricioleon.net\/portal\/","sameAs":["https:\/\/www.facebook.com\/Dr.mauricioleon","https:\/\/www.linkedin.com\/in\/mauricio-le\u00f3n-rivera-ab525598","http:\/\/www.youtube.com\/user\/centrodetector","https:\/\/twitter.com\/drleonmauricio"],"logo":{"@type":"ImageObject","@id":"https:\/\/drmauricioleon.net\/portal\/#logo","inLanguage":"es-PE","url":"https:\/\/drmauricioleon.net\/portal\/wp-content\/uploads\/2020\/01\/logo-drml-e1586281768776.png","contentUrl":"https:\/\/drmauricioleon.net\/portal\/wp-content\/uploads\/2020\/01\/logo-drml-e1586281768776.png","width":220,"height":72,"caption":"Dr. Mauricio Le\u00f3n"},"image":{"@id":"https:\/\/drmauricioleon.net\/portal\/#logo"}},{"@type":"WebSite","@id":"https:\/\/drmauricioleon.net\/portal\/#website","url":"https:\/\/drmauricioleon.net\/portal\/","name":"Dr Mauricio Le\u00f3n","description":"Cirujano general y onc\u00f3logo y sub especialista en tumores de Mamas, Tejidos Blandos y Piel. Es m\u00e9dico staff de la Cl\u00ednica Ricardo Palma y de Oncosalud.","publisher":{"@id":"https:\/\/drmauricioleon.net\/portal\/#organization"},"potentialAction":[{"@type":"SearchAction","target":{"@type":"EntryPoint","urlTemplate":"https:\/\/drmauricioleon.net\/portal\/?s={search_term_string}"},"query-input":"required name=search_term_string"}],"inLanguage":"es-PE"},{"@type":"ImageObject","@id":"https:\/\/drmauricioleon.net\/portal\/cancer-de-mama\/autoexamen\/#primaryimage","inLanguage":"es-PE","url":"http:\/\/drmauricioleon.net\/portal\/wp-content\/uploads\/2020\/01\/autoexamen-mama-p1.jpg","contentUrl":"http:\/\/drmauricioleon.net\/portal\/wp-content\/uploads\/2020\/01\/autoexamen-mama-p1.jpg"},{"@type":"WebPage","@id":"https:\/\/drmauricioleon.net\/portal\/cancer-de-mama\/autoexamen\/#webpage","url":"https:\/\/drmauricioleon.net\/portal\/cancer-de-mama\/autoexamen\/","name":"Autoexamen de mama - Dr Mauricio Le\u00f3n","isPartOf":{"@id":"https:\/\/drmauricioleon.net\/portal\/#website"},"primaryImageOfPage":{"@id":"https:\/\/drmauricioleon.net\/portal\/cancer-de-mama\/autoexamen\/#primaryimage"},"datePublished":"2020-01-21T20:01:08+00:00","dateModified":"2020-02-21T05:40:28+00:00","breadcrumb":{"@id":"https:\/\/drmauricioleon.net\/portal\/cancer-de-mama\/autoexamen\/#breadcrumb"},"inLanguage":"es-PE","potentialAction":[{"@type":"ReadAction","target":["https:\/\/drmauricioleon.net\/portal\/cancer-de-mama\/autoexamen\/"]}]},{"@type":"BreadcrumbList","@id":"https:\/\/drmauricioleon.net\/portal\/cancer-de-mama\/autoexamen\/#breadcrumb","itemListElement":[{"@type":"ListItem","position":1,"name":"Portada","item":"https:\/\/drmauricioleon.net\/portal\/"},{"@type":"ListItem","position":2,"name":"C\u00e1ncer de mama","item":"https:\/\/drmauricioleon.net\/portal\/cancer-de-mama\/"},{"@type":"ListItem","position":3,"name":"Autoexamen de mama"}]}]}},"_links":{"self":[{"href":"https:\/\/drmauricioleon.net\/portal\/wp-json\/wp\/v2\/pages\/2116"}],"collection":[{"href":"https:\/\/drmauricioleon.net\/portal\/wp-json\/wp\/v2\/pages"}],"about":[{"href":"https:\/\/drmauricioleon.net\/portal\/wp-json\/wp\/v2\/types\/page"}],"author":[{"embeddable":true,"href":"https:\/\/drmauricioleon.net\/portal\/wp-json\/wp\/v2\/users\/1"}],"replies":[{"embeddable":true,"href":"https:\/\/drmauricioleon.net\/portal\/wp-json\/wp\/v2\/comments?post=2116"}],"version-history":[{"count":24,"href":"https:\/\/drmauricioleon.net\/portal\/wp-json\/wp\/v2\/pages\/2116\/revisions"}],"predecessor-version":[{"id":2998,"href":"https:\/\/drmauricioleon.net\/portal\/wp-json\/wp\/v2\/pages\/2116\/revisions\/2998"}],"up":[{"embeddable":true,"href":"https:\/\/drmauricioleon.net\/portal\/wp-json\/wp\/v2\/pages\/2703"}],"wp:attachment":[{"href":"https:\/\/drmauricioleon.net\/portal\/wp-json\/wp\/v2\/media?parent=2116"}],"curies":[{"name":"wp","href":"https:\/\/api.w.org\/{rel}","templated":true}]}}